{"id":4251,"date":"2022-10-26T14:38:06","date_gmt":"2022-10-26T12:38:06","guid":{"rendered":"https:\/\/platform.iternumstaging.dk\/our-customers\/"},"modified":"2024-11-23T16:26:58","modified_gmt":"2024-11-23T15:26:58","slug":"our-customers","status":"publish","type":"page","link":"https:\/\/platform.as\/en\/our-customers\/","title":{"rendered":"Our customers"},"content":{"rendered":"\t\t<div data-elementor-type=\"wp-page\" data-elementor-id=\"4251\" class=\"elementor elementor-4251 elementor-1582\" data-elementor-post-type=\"page\">\n\t\t\t\t\t\t<section data-dce-background-image-url=\"https:\/\/platform.as\/wp-content\/uploads\/2023\/10\/Om-os-billede-foroven-baggrund-2560x1000-3.jpg\" class=\"elementor-section elementor-top-section elementor-element elementor-element-b950a77 elementor-section-full_width elementor-section-content-middle elementor-section-height-default elementor-section-height-default\" data-id=\"b950a77\" data-element_type=\"section\" data-e-type=\"section\" data-settings=\"{&quot;background_background&quot;:&quot;classic&quot;}\">\n\t\t\t\t\t\t<div class=\"elementor-container elementor-column-gap-default\">\n\t\t\t\t\t<div class=\"elementor-column elementor-col-50 elementor-top-column elementor-element elementor-element-a35fe63 elementor-hidden-tablet_extra elementor-hidden-tablet elementor-hidden-mobile\" data-id=\"a35fe63\" data-element_type=\"column\" data-e-type=\"column\" data-settings=\"{&quot;background_background&quot;:&quot;classic&quot;}\">\n\t\t\t<div class=\"elementor-widget-wrap elementor-element-populated\">\n\t\t\t\t\t\t<div class=\"elementor-element elementor-element-33e01e5 elementor-widget elementor-widget-spacer\" data-id=\"33e01e5\" data-element_type=\"widget\" data-e-type=\"widget\" data-widget_type=\"spacer.default\">\n\t\t\t\t<div class=\"elementor-widget-container\">\n\t\t\t\t\t\t\t<div class=\"elementor-spacer\">\n\t\t\t<div class=\"elementor-spacer-inner\"><\/div>\n\t\t<\/div>\n\t\t\t\t\t\t<\/div>\n\t\t\t\t<\/div>\n\t\t\t\t\t<\/div>\n\t\t<\/div>\n\t\t\t\t<div data-dce-background-color=\"#CC2200E0\" class=\"elementor-column elementor-col-50 elementor-top-column elementor-element elementor-element-df0b529\" data-id=\"df0b529\" data-element_type=\"column\" data-e-type=\"column\" data-settings=\"{&quot;background_background&quot;:&quot;classic&quot;}\">\n\t\t\t<div class=\"elementor-widget-wrap elementor-element-populated\">\n\t\t\t\t\t<div class=\"elementor-background-overlay\"><\/div>\n\t\t\t\t\t\t<div data-dce-title-color=\"#FFFFFF\" class=\"elementor-element elementor-element-11d303f elementor-widget elementor-widget-heading\" data-id=\"11d303f\" data-element_type=\"widget\" data-e-type=\"widget\" data-settings=\"{&quot;_animation&quot;:&quot;none&quot;}\" data-widget_type=\"heading.default\">\n\t\t\t\t<div class=\"elementor-widget-container\">\n\t\t\t\t\t<h1 class=\"elementor-heading-title elementor-size-default\">AT PLATFORM.AS, OUR CUSTOMERS MEAN EVERYTHING TO US. IN OTHER WORDS, THEY ARE THE CORE OF OUR BUSINESS <\/h1>\t\t\t\t<\/div>\n\t\t\t\t<\/div>\n\t\t\t\t<div class=\"elementor-element elementor-element-b0a50ef elementor-widget-divider--view-line elementor-widget elementor-widget-divider\" data-id=\"b0a50ef\" data-element_type=\"widget\" data-e-type=\"widget\" data-widget_type=\"divider.default\">\n\t\t\t\t<div class=\"elementor-widget-container\">\n\t\t\t\t\t\t\t<div class=\"elementor-divider\">\n\t\t\t<span class=\"elementor-divider-separator\">\n\t\t\t\t\t\t<\/span>\n\t\t<\/div>\n\t\t\t\t\t\t<\/div>\n\t\t\t\t<\/div>\n\t\t\t\t<div data-dce-text-color=\"#FFFFFF\" class=\"elementor-element elementor-element-754459a elementor-widget elementor-widget-text-editor\" data-id=\"754459a\" data-element_type=\"widget\" data-e-type=\"widget\" data-widget_type=\"text-editor.default\">\n\t\t\t\t<div class=\"elementor-widget-container\">\n\t\t\t\t\t\t\t\t\t<p>We offer our customers great flexibility, a healthy working environment, and significantly improved safety through our unique solutions with working platforms.<\/p>\t\t\t\t\t\t\t\t<\/div>\n\t\t\t\t<\/div>\n\t\t\t\t\t<\/div>\n\t\t<\/div>\n\t\t\t\t\t<\/div>\n\t\t<\/section>\n\t\t\t\t<section class=\"elementor-section elementor-top-section elementor-element elementor-element-4f9bfcf elementor-section-boxed elementor-section-height-default elementor-section-height-default\" data-id=\"4f9bfcf\" data-element_type=\"section\" data-e-type=\"section\" data-settings=\"{&quot;background_background&quot;:&quot;classic&quot;}\">\n\t\t\t\t\t\t<div class=\"elementor-container elementor-column-gap-default\">\n\t\t\t\t\t<div data-dce-background-color=\"#FFFFFF\" class=\"elementor-column elementor-col-50 elementor-top-column elementor-element elementor-element-a4a9d2a\" data-id=\"a4a9d2a\" data-element_type=\"column\" data-e-type=\"column\" data-settings=\"{&quot;background_background&quot;:&quot;classic&quot;}\">\n\t\t\t<div class=\"elementor-widget-wrap elementor-element-populated\">\n\t\t\t\t\t\t<div class=\"elementor-element elementor-element-50bd436 elementor-invisible elementor-widget elementor-widget-heading\" data-id=\"50bd436\" data-element_type=\"widget\" data-e-type=\"widget\" data-settings=\"{&quot;_animation&quot;:&quot;fadeIn&quot;}\" data-widget_type=\"heading.default\">\n\t\t\t\t<div class=\"elementor-widget-container\">\n\t\t\t\t\t<h2 class=\"elementor-heading-title elementor-size-default\">PLATFORM.AS' CUSTOMER NETWORK<\/h2>\t\t\t\t<\/div>\n\t\t\t\t<\/div>\n\t\t\t\t<div class=\"elementor-element elementor-element-29017ee elementor-widget-divider--view-line elementor-widget elementor-widget-divider\" data-id=\"29017ee\" data-element_type=\"widget\" data-e-type=\"widget\" data-widget_type=\"divider.default\">\n\t\t\t\t<div class=\"elementor-widget-container\">\n\t\t\t\t\t\t\t<div class=\"elementor-divider\">\n\t\t\t<span class=\"elementor-divider-separator\">\n\t\t\t\t\t\t<\/span>\n\t\t<\/div>\n\t\t\t\t\t\t<\/div>\n\t\t\t\t<\/div>\n\t\t\t\t<div class=\"elementor-element elementor-element-21c5176 elementor-widget elementor-widget-text-editor\" data-id=\"21c5176\" data-element_type=\"widget\" data-e-type=\"widget\" data-widget_type=\"text-editor.default\">\n\t\t\t\t<div class=\"elementor-widget-container\">\n\t\t\t\t\t\t\t\t\t<p>On the customer network, you can order relocation, modification, and collection of machines, as well as view invoices, jobs, agreements, and other relevant correspondence.<\/p>\n<p>If you are a Platform.as customer and do not yet have access to the customer network <a href=\"https:\/\/platform.as\/en\/meet-our-team\/\"><span style=\"text-decoration: underline;\">get in touch with one of our sales consultants<\/span><\/a>.<\/p>\n\t\t\t\t\t\t\t\t<\/div>\n\t\t\t\t<\/div>\n\t\t\t\t\t<\/div>\n\t\t<\/div>\n\t\t\t\t<div data-dce-background-overlay-color=\"#CC2200\" data-dce-background-image-url=\"https:\/\/platform.as\/wp-content\/uploads\/2022\/10\/4907157-scaled.jpg\" class=\"elementor-column elementor-col-50 elementor-top-column elementor-element elementor-element-45407b2\" data-id=\"45407b2\" data-element_type=\"column\" data-e-type=\"column\" data-settings=\"{&quot;background_background&quot;:&quot;classic&quot;}\">\n\t\t\t<div class=\"elementor-widget-wrap elementor-element-populated\">\n\t\t\t\t\t<div class=\"elementor-background-overlay\"><\/div>\n\t\t\t\t\t\t<div data-dce-title-color=\"#FFFFFF\" class=\"elementor-element elementor-element-a84754a elementor-widget elementor-widget-heading\" data-id=\"a84754a\" data-element_type=\"widget\" data-e-type=\"widget\" data-settings=\"{&quot;_animation&quot;:&quot;none&quot;}\" data-widget_type=\"heading.default\">\n\t\t\t\t<div class=\"elementor-widget-container\">\n\t\t\t\t\t<h1 class=\"elementor-heading-title elementor-size-default\">Log in to the customer network here:<\/h1>\t\t\t\t<\/div>\n\t\t\t\t<\/div>\n\t\t\t\t<div data-dce-background-color=\"#CC220000\" class=\"elementor-element elementor-element-a6021fd elementor-mobile-align-left elementor-align-center elementor-widget elementor-widget-button\" data-id=\"a6021fd\" data-element_type=\"widget\" data-e-type=\"widget\" data-widget_type=\"button.default\">\n\t\t\t\t<div class=\"elementor-widget-container\">\n\t\t\t\t\t\t\t\t\t<div class=\"elementor-button-wrapper\">\n\t\t\t\t\t<a class=\"elementor-button elementor-button-link elementor-size-sm\" href=\"https:\/\/extranet.platform.as\/page511.aspx?validating=1&#038;orgpageid=208\" target=\"_blank\">\n\t\t\t\t\t\t<span class=\"elementor-button-content-wrapper\">\n\t\t\t\t\t\t\t\t\t<span class=\"elementor-button-text\">Login<\/span>\n\t\t\t\t\t<\/span>\n\t\t\t\t\t<\/a>\n\t\t\t\t<\/div>\n\t\t\t\t\t\t\t\t<\/div>\n\t\t\t\t<\/div>\n\t\t\t\t\t<\/div>\n\t\t<\/div>\n\t\t\t\t\t<\/div>\n\t\t<\/section>\n\t\t\t\t<section data-dce-background-color=\"#E9E9E9\" class=\"elementor-section elementor-top-section elementor-element elementor-element-247d4fa elementor-section-boxed elementor-section-height-default elementor-section-height-default\" data-id=\"247d4fa\" data-element_type=\"section\" data-e-type=\"section\" data-settings=\"{&quot;background_background&quot;:&quot;classic&quot;}\">\n\t\t\t\t\t\t\t<div class=\"elementor-background-overlay\"><\/div>\n\t\t\t\t\t\t\t<div class=\"elementor-container elementor-column-gap-default\">\n\t\t\t\t\t<div data-dce-background-color=\"#FFFFFF\" class=\"elementor-column elementor-col-50 elementor-top-column elementor-element elementor-element-cbff42c\" data-id=\"cbff42c\" data-element_type=\"column\" data-e-type=\"column\" data-settings=\"{&quot;background_background&quot;:&quot;classic&quot;}\">\n\t\t\t<div class=\"elementor-widget-wrap elementor-element-populated\">\n\t\t\t\t\t\t<div class=\"elementor-element elementor-element-980eb79 elementor-invisible elementor-widget elementor-widget-heading\" data-id=\"980eb79\" data-element_type=\"widget\" data-e-type=\"widget\" data-settings=\"{&quot;_animation&quot;:&quot;fadeIn&quot;}\" data-widget_type=\"heading.default\">\n\t\t\t\t<div class=\"elementor-widget-container\">\n\t\t\t\t\t<h2 class=\"elementor-heading-title elementor-size-default\">INTRODUCTION TO THE CUSTOMER NETWORK<\/h2>\t\t\t\t<\/div>\n\t\t\t\t<\/div>\n\t\t\t\t<div class=\"elementor-element elementor-element-864ce90 elementor-widget-divider--view-line elementor-widget elementor-widget-divider\" data-id=\"864ce90\" data-element_type=\"widget\" data-e-type=\"widget\" data-widget_type=\"divider.default\">\n\t\t\t\t<div class=\"elementor-widget-container\">\n\t\t\t\t\t\t\t<div class=\"elementor-divider\">\n\t\t\t<span class=\"elementor-divider-separator\">\n\t\t\t\t\t\t<\/span>\n\t\t<\/div>\n\t\t\t\t\t\t<\/div>\n\t\t\t\t<\/div>\n\t\t\t\t<div class=\"elementor-element elementor-element-211be87 elementor-widget elementor-widget-text-editor\" data-id=\"211be87\" data-element_type=\"widget\" data-e-type=\"widget\" data-widget_type=\"text-editor.default\">\n\t\t\t\t<div class=\"elementor-widget-container\">\n\t\t\t\t\t\t\t\t\t<p>At Platform.as, we always prioritize the customer experience. It should be easy and transparent to rent <a href=\"https:\/\/platform.as\/en\/mobile-mast-climbing-work-platform\/\">working platforms<\/a>. That&#8217;s why we&#8217;ve developed the customer network, which is specifically designed to make dealing with Platform.as a flexible experience. Discover how the customer network can make your daily life easier and more efficient.<\/p>\t\t\t\t\t\t\t\t<\/div>\n\t\t\t\t<\/div>\n\t\t\t\t\t<\/div>\n\t\t<\/div>\n\t\t\t\t<div class=\"elementor-column elementor-col-50 elementor-top-column elementor-element elementor-element-ab71b41\" data-id=\"ab71b41\" data-element_type=\"column\" data-e-type=\"column\">\n\t\t\t<div class=\"elementor-widget-wrap elementor-element-populated\">\n\t\t\t\t\t\t<div class=\"elementor-element elementor-element-c74fae9 dce_masking-none elementor-widget elementor-widget-video\" data-id=\"c74fae9\" data-element_type=\"widget\" data-e-type=\"widget\" data-settings=\"{&quot;video_type&quot;:&quot;vimeo&quot;,&quot;show_image_overlay&quot;:&quot;yes&quot;,&quot;image_overlay&quot;:{&quot;url&quot;:&quot;&quot;,&quot;id&quot;:&quot;&quot;,&quot;size&quot;:&quot;&quot;,&quot;alt&quot;:&quot;&quot;,&quot;source&quot;:&quot;library&quot;},&quot;yt_privacy&quot;:&quot;yes&quot;}\" data-widget_type=\"video.default\">\n\t\t\t\t<div class=\"elementor-widget-container\">\n\t\t\t\t\t\t\t<div class=\"elementor-wrapper elementor-open-inline\">\n\t\t\t<iframe class=\"elementor-video-iframe\" allowfullscreen allow=\"clipboard-write\" title=\"vimeo Video Player\" src=\"https:\/\/player.vimeo.com\/video\/503365679?color&amp;autopause=0&amp;dnt=true&amp;loop=0&amp;muted=0&amp;title=1&amp;portrait=1&amp;byline=1#t=\"><\/iframe>\t\t<\/div>\n\t\t\t\t\t\t<\/div>\n\t\t\t\t<\/div>\n\t\t\t\t\t<\/div>\n\t\t<\/div>\n\t\t\t\t\t<\/div>\n\t\t<\/section>\n\t\t\t\t<section data-dce-background-image-url=\"https:\/\/platform.as\/wp-content\/uploads\/2023\/10\/Om-os-billede-bund-baggrund-2560x1000-1.jpg\" class=\"elementor-section elementor-top-section elementor-element elementor-element-68dfc34 elementor-section-content-middle elementor-section-height-min-height elementor-section-boxed elementor-section-height-default elementor-section-items-middle\" data-id=\"68dfc34\" data-element_type=\"section\" data-e-type=\"section\" data-settings=\"{&quot;background_background&quot;:&quot;classic&quot;}\">\n\t\t\t\t\t\t<div class=\"elementor-container elementor-column-gap-default\">\n\t\t\t\t\t<div class=\"elementor-column elementor-col-50 elementor-top-column elementor-element elementor-element-73c231d\" data-id=\"73c231d\" data-element_type=\"column\" data-e-type=\"column\">\n\t\t\t<div class=\"elementor-widget-wrap\">\n\t\t\t\t\t\t\t<\/div>\n\t\t<\/div>\n\t\t\t\t<div data-dce-background-color=\"#FFFFFF\" class=\"elementor-column elementor-col-50 elementor-top-column elementor-element elementor-element-8ec1c92\" data-id=\"8ec1c92\" data-element_type=\"column\" data-e-type=\"column\" data-settings=\"{&quot;background_background&quot;:&quot;classic&quot;}\">\n\t\t\t<div class=\"elementor-widget-wrap elementor-element-populated\">\n\t\t\t\t\t\t<div data-dce-title-color=\"#7A7A7A\" class=\"elementor-element elementor-element-e769ec3 elementor-widget elementor-widget-heading\" data-id=\"e769ec3\" data-element_type=\"widget\" data-e-type=\"widget\" data-widget_type=\"heading.default\">\n\t\t\t\t<div class=\"elementor-widget-container\">\n\t\t\t\t\t<h3 class=\"elementor-heading-title elementor-size-default\">VIDEO-CASES<\/h3>\t\t\t\t<\/div>\n\t\t\t\t<\/div>\n\t\t\t\t<div class=\"elementor-element elementor-element-230ecc9 elementor-widget elementor-widget-heading\" data-id=\"230ecc9\" data-element_type=\"widget\" data-e-type=\"widget\" data-widget_type=\"heading.default\">\n\t\t\t\t<div class=\"elementor-widget-container\">\n\t\t\t\t\t<h3 class=\"elementor-heading-title elementor-size-default\">WATCH OUR VIDEOS AND GET AN IDEA ABOUT THE MANY VARIOUS TASKS WE TACKLE AT CONSTRUCTION SITES<\/h3>\t\t\t\t<\/div>\n\t\t\t\t<\/div>\n\t\t\t\t<div class=\"elementor-element elementor-element-9c094ab elementor-widget-divider--view-line elementor-widget elementor-widget-divider\" data-id=\"9c094ab\" data-element_type=\"widget\" data-e-type=\"widget\" data-widget_type=\"divider.default\">\n\t\t\t\t<div class=\"elementor-widget-container\">\n\t\t\t\t\t\t\t<div class=\"elementor-divider\">\n\t\t\t<span class=\"elementor-divider-separator\">\n\t\t\t\t\t\t<\/span>\n\t\t<\/div>\n\t\t\t\t\t\t<\/div>\n\t\t\t\t<\/div>\n\t\t\t\t<div class=\"elementor-element elementor-element-5db885c elementor-widget elementor-widget-text-editor\" data-id=\"5db885c\" data-element_type=\"widget\" data-e-type=\"widget\" data-widget_type=\"text-editor.default\">\n\t\t\t\t<div class=\"elementor-widget-container\">\n\t\t\t\t\t\t\t\t\t<p><strong>And listen to some of our satisfied customers talk about their collaboration with Platform.as and how using our solutions adds value to their projects.<\/strong><\/p>\n\t\t\t\t\t\t\t\t<\/div>\n\t\t\t\t<\/div>\n\t\t\t\t<div data-dce-background-color=\"#CC220000\" class=\"elementor-element elementor-element-349245e elementor-widget elementor-widget-button\" data-id=\"349245e\" data-element_type=\"widget\" data-e-type=\"widget\" data-widget_type=\"button.default\">\n\t\t\t\t<div class=\"elementor-widget-container\">\n\t\t\t\t\t\t\t\t\t<div class=\"elementor-button-wrapper\">\n\t\t\t\t\t<a class=\"elementor-button elementor-button-link elementor-size-sm\" href=\"https:\/\/platform.as\/en\/video\/\">\n\t\t\t\t\t\t<span class=\"elementor-button-content-wrapper\">\n\t\t\t\t\t\t\t\t\t<span class=\"elementor-button-text\">Click to see video cases.<\/span>\n\t\t\t\t\t<\/span>\n\t\t\t\t\t<\/a>\n\t\t\t\t<\/div>\n\t\t\t\t\t\t\t\t<\/div>\n\t\t\t\t<\/div>\n\t\t\t\t\t<\/div>\n\t\t<\/div>\n\t\t\t\t\t<\/div>\n\t\t<\/section>\n\t\t\t\t<\/div>\n\t\t","protected":false},"excerpt":{"rendered":"<p>AT PLATFORM.AS, OUR CUSTOMERS MEAN EVERYTHING TO US. IN OTHER WORDS, THEY ARE THE CORE OF OUR BUSINESS We offer our customers great flexibility, a healthy working environment, and significantly [&hellip;]<\/p>\n","protected":false},"author":1,"featured_media":0,"parent":0,"menu_order":0,"comment_status":"closed","ping_status":"closed","template":"","meta":{"_acf_changed":false,"footnotes":""},"class_list":["post-4251","page","type-page","status-publish","hentry"],"acf":[],"yoast_head":"<!-- This site is optimized with the Yoast SEO plugin v27.1.1 - https:\/\/yoast.com\/product\/yoast-seo-wordpress\/ -->\n<title>Our customers - Read more about our customers&#039; experiences<\/title>\n<meta name=\"description\" content=\"Our customers mean everything to us! With the mast climbers, our customers get greater flexibility, a better working environment and safety \u2192 Read rmore.\" \/>\n<meta name=\"robots\" content=\"index, follow, max-snippet:-1, max-image-preview:large, max-video-preview:-1\" \/>\n<link rel=\"canonical\" href=\"https:\/\/platform.as\/en\/our-customers\/\" \/>\n<meta property=\"og:locale\" content=\"en_US\" \/>\n<meta property=\"og:type\" content=\"article\" \/>\n<meta property=\"og:title\" content=\"Our customers - Read more about our customers&#039; experiences\" \/>\n<meta property=\"og:description\" content=\"Our customers mean everything to us! With the mast climbers, our customers get greater flexibility, a better working environment and safety \u2192 Read rmore.\" \/>\n<meta property=\"og:url\" content=\"https:\/\/platform.as\/en\/our-customers\/\" \/>\n<meta property=\"og:site_name\" content=\"Platform AS\" \/>\n<meta property=\"article:modified_time\" content=\"2024-11-23T15:26:58+00:00\" \/>\n<meta name=\"twitter:label1\" content=\"Est. reading time\" \/>\n\t<meta name=\"twitter:data1\" content=\"1 minute\" \/>\n<script type=\"application\/ld+json\" class=\"yoast-schema-graph\">{\"@context\":\"https:\/\/schema.org\",\"@graph\":[{\"@type\":\"WebPage\",\"@id\":\"https:\/\/platform.as\/en\/our-customers\/\",\"url\":\"https:\/\/platform.as\/en\/our-customers\/\",\"name\":\"Our customers - Read more about our customers' experiences\",\"isPartOf\":{\"@id\":\"https:\/\/platform.as\/en\/#website\"},\"datePublished\":\"2022-10-26T12:38:06+00:00\",\"dateModified\":\"2024-11-23T15:26:58+00:00\",\"description\":\"Our customers mean everything to us! With the mast climbers, our customers get greater flexibility, a better working environment and safety \u2192 Read rmore.\",\"inLanguage\":\"en-US\",\"potentialAction\":[{\"@type\":\"ReadAction\",\"target\":[\"https:\/\/platform.as\/en\/our-customers\/\"]}]},{\"@type\":\"WebSite\",\"@id\":\"https:\/\/platform.as\/en\/#website\",\"url\":\"https:\/\/platform.as\/en\/\",\"name\":\"Platform AS\",\"description\":\"S\u00f8ger du arbejdsplatform til dit byggeprojekt? Hos Platform.as r\u00e5der vi over 360 driftssikre arbejdsplatforme og byggehejs \u2192 F\u00e5 en skr\u00e6ddersyet l\u00f8sning.\",\"publisher\":{\"@id\":\"https:\/\/platform.as\/en\/#organization\"},\"potentialAction\":[{\"@type\":\"SearchAction\",\"target\":{\"@type\":\"EntryPoint\",\"urlTemplate\":\"https:\/\/platform.as\/en\/?s={search_term_string}\"},\"query-input\":{\"@type\":\"PropertyValueSpecification\",\"valueRequired\":true,\"valueName\":\"search_term_string\"}}],\"inLanguage\":\"en-US\"},{\"@type\":\"Organization\",\"@id\":\"https:\/\/platform.as\/en\/#organization\",\"name\":\"Platform AS\",\"url\":\"https:\/\/platform.as\/en\/\",\"logo\":{\"@type\":\"ImageObject\",\"inLanguage\":\"en-US\",\"@id\":\"https:\/\/platform.as\/en\/#\/schema\/logo\/image\/\",\"url\":\"https:\/\/platform.as\/wp-content\/uploads\/2022\/09\/platform_as_logo_black_b.svg\",\"contentUrl\":\"https:\/\/platform.as\/wp-content\/uploads\/2022\/09\/platform_as_logo_black_b.svg\",\"width\":500,\"height\":188,\"caption\":\"Platform AS\"},\"image\":{\"@id\":\"https:\/\/platform.as\/en\/#\/schema\/logo\/image\/\"}}]}<\/script>\n<!-- \/ Yoast SEO plugin. -->","yoast_head_json":{"title":"Our customers - Read more about our customers' experiences","description":"Our customers mean everything to us! With the mast climbers, our customers get greater flexibility, a better working environment and safety \u2192 Read rmore.","robots":{"index":"index","follow":"follow","max-snippet":"max-snippet:-1","max-image-preview":"max-image-preview:large","max-video-preview":"max-video-preview:-1"},"canonical":"https:\/\/platform.as\/en\/our-customers\/","og_locale":"en_US","og_type":"article","og_title":"Our customers - Read more about our customers' experiences","og_description":"Our customers mean everything to us! With the mast climbers, our customers get greater flexibility, a better working environment and safety \u2192 Read rmore.","og_url":"https:\/\/platform.as\/en\/our-customers\/","og_site_name":"Platform AS","article_modified_time":"2024-11-23T15:26:58+00:00","twitter_misc":{"Est. reading time":"1 minute"},"schema":{"@context":"https:\/\/schema.org","@graph":[{"@type":"WebPage","@id":"https:\/\/platform.as\/en\/our-customers\/","url":"https:\/\/platform.as\/en\/our-customers\/","name":"Our customers - Read more about our customers' experiences","isPartOf":{"@id":"https:\/\/platform.as\/en\/#website"},"datePublished":"2022-10-26T12:38:06+00:00","dateModified":"2024-11-23T15:26:58+00:00","description":"Our customers mean everything to us! With the mast climbers, our customers get greater flexibility, a better working environment and safety \u2192 Read rmore.","inLanguage":"en-US","potentialAction":[{"@type":"ReadAction","target":["https:\/\/platform.as\/en\/our-customers\/"]}]},{"@type":"WebSite","@id":"https:\/\/platform.as\/en\/#website","url":"https:\/\/platform.as\/en\/","name":"Platform AS","description":"S\u00f8ger du arbejdsplatform til dit byggeprojekt? Hos Platform.as r\u00e5der vi over 360 driftssikre arbejdsplatforme og byggehejs \u2192 F\u00e5 en skr\u00e6ddersyet l\u00f8sning.","publisher":{"@id":"https:\/\/platform.as\/en\/#organization"},"potentialAction":[{"@type":"SearchAction","target":{"@type":"EntryPoint","urlTemplate":"https:\/\/platform.as\/en\/?s={search_term_string}"},"query-input":{"@type":"PropertyValueSpecification","valueRequired":true,"valueName":"search_term_string"}}],"inLanguage":"en-US"},{"@type":"Organization","@id":"https:\/\/platform.as\/en\/#organization","name":"Platform AS","url":"https:\/\/platform.as\/en\/","logo":{"@type":"ImageObject","inLanguage":"en-US","@id":"https:\/\/platform.as\/en\/#\/schema\/logo\/image\/","url":"https:\/\/platform.as\/wp-content\/uploads\/2022\/09\/platform_as_logo_black_b.svg","contentUrl":"https:\/\/platform.as\/wp-content\/uploads\/2022\/09\/platform_as_logo_black_b.svg","width":500,"height":188,"caption":"Platform AS"},"image":{"@id":"https:\/\/platform.as\/en\/#\/schema\/logo\/image\/"}}]}},"_links":{"self":[{"href":"https:\/\/platform.as\/en\/wp-json\/wp\/v2\/pages\/4251","targetHints":{"allow":["GET"]}}],"collection":[{"href":"https:\/\/platform.as\/en\/wp-json\/wp\/v2\/pages"}],"about":[{"href":"https:\/\/platform.as\/en\/wp-json\/wp\/v2\/types\/page"}],"author":[{"embeddable":true,"href":"https:\/\/platform.as\/en\/wp-json\/wp\/v2\/users\/1"}],"replies":[{"embeddable":true,"href":"https:\/\/platform.as\/en\/wp-json\/wp\/v2\/comments?post=4251"}],"version-history":[{"count":25,"href":"https:\/\/platform.as\/en\/wp-json\/wp\/v2\/pages\/4251\/revisions"}],"predecessor-version":[{"id":10298,"href":"https:\/\/platform.as\/en\/wp-json\/wp\/v2\/pages\/4251\/revisions\/10298"}],"wp:attachment":[{"href":"https:\/\/platform.as\/en\/wp-json\/wp\/v2\/media?parent=4251"}],"curies":[{"name":"wp","href":"https:\/\/api.w.org\/{rel}","templated":true}]}}