{"id":5454,"date":"2022-10-20T14:01:28","date_gmt":"2022-10-20T12:01:28","guid":{"rendered":"https:\/\/platform.iternumstaging.dk\/mast-climbing-work-platforms-for-sale\/"},"modified":"2023-06-27T13:40:30","modified_gmt":"2023-06-27T11:40:30","slug":"mast-climbing-work-platforms-for-sale","status":"publish","type":"page","link":"https:\/\/platform.as\/en\/mast-climbing-work-platforms-for-sale\/","title":{"rendered":"Mast climbing work platforms for sale"},"content":{"rendered":"\t\t<div data-elementor-type=\"wp-page\" data-elementor-id=\"5454\" class=\"elementor elementor-5454 elementor-561\" data-elementor-post-type=\"page\">\n\t\t\t\t\t\t<section class=\"elementor-section elementor-top-section elementor-element elementor-element-a48e122 elementor-section-boxed elementor-section-height-default elementor-section-height-default\" data-id=\"a48e122\" data-element_type=\"section\" data-e-type=\"section\" data-settings=\"{&quot;background_background&quot;:&quot;classic&quot;}\">\n\t\t\t\t\t\t\t<div class=\"elementor-background-overlay\"><\/div>\n\t\t\t\t\t\t\t<div class=\"elementor-container elementor-column-gap-default\">\n\t\t\t\t\t<div class=\"elementor-column elementor-col-100 elementor-top-column elementor-element elementor-element-4c6ff7e\" data-id=\"4c6ff7e\" data-element_type=\"column\" data-e-type=\"column\">\n\t\t\t<div class=\"elementor-widget-wrap elementor-element-populated\">\n\t\t\t\t\t\t<section class=\"elementor-section elementor-inner-section elementor-element elementor-element-77f09fe elementor-section-content-middle elementor-section-boxed elementor-section-height-default elementor-section-height-default\" data-id=\"77f09fe\" data-element_type=\"section\" data-e-type=\"section\">\n\t\t\t\t\t\t<div class=\"elementor-container elementor-column-gap-wider\">\n\t\t\t\t\t<div class=\"elementor-column elementor-col-100 elementor-inner-column elementor-element elementor-element-73ab1f9\" data-id=\"73ab1f9\" data-element_type=\"column\" data-e-type=\"column\">\n\t\t\t<div class=\"elementor-widget-wrap elementor-element-populated\">\n\t\t\t\t\t\t<div class=\"elementor-element elementor-element-c14dc78 elementor-widget elementor-widget-heading\" data-id=\"c14dc78\" data-element_type=\"widget\" data-e-type=\"widget\" data-settings=\"{&quot;_animation&quot;:&quot;none&quot;}\" data-widget_type=\"heading.default\">\n\t\t\t\t<div class=\"elementor-widget-container\">\n\t\t\t\t\t<h1 class=\"elementor-heading-title elementor-size-default\">MAST CLIMBING WORK PLATFORMS FOR SALE\n<\/h1>\t\t\t\t<\/div>\n\t\t\t\t<\/div>\n\t\t\t\t<div class=\"elementor-element elementor-element-5c3137d elementor-widget elementor-widget-text-editor\" data-id=\"5c3137d\" data-element_type=\"widget\" data-e-type=\"widget\" data-widget_type=\"text-editor.default\">\n\t\t\t\t<div class=\"elementor-widget-container\">\n\t\t\t\t\t\t\t\t\t<p>Sometimes it is not worth renting a mast climbing work platform, e.g. if your project is too big or takes several months to complete. Luckily, it is also possible to buy mast climbing work platforms at Platform.as. If you have the main contract for a large construction project, we are able to sell our mast climbers at great prices. The models of the mast climbing work platforms, and thus the quality, are the exact same as if you were renting.<\/p>\n\t\t\t\t\t\t\t\t<\/div>\n\t\t\t\t<\/div>\n\t\t\t\t<div data-dce-background-color=\"#CC220000\" class=\"elementor-element elementor-element-450ba5f elementor-mobile-align-left elementor-widget elementor-widget-button\" data-id=\"450ba5f\" data-element_type=\"widget\" data-e-type=\"widget\" data-widget_type=\"button.default\">\n\t\t\t\t<div class=\"elementor-widget-container\">\n\t\t\t\t\t\t\t\t\t<div class=\"elementor-button-wrapper\">\n\t\t\t\t\t<a class=\"elementor-button elementor-button-link elementor-size-sm\" href=\"#kontaktos\">\n\t\t\t\t\t\t<span class=\"elementor-button-content-wrapper\">\n\t\t\t\t\t\t\t\t\t<span class=\"elementor-button-text\">Need help?<\/span>\n\t\t\t\t\t<\/span>\n\t\t\t\t\t<\/a>\n\t\t\t\t<\/div>\n\t\t\t\t\t\t\t\t<\/div>\n\t\t\t\t<\/div>\n\t\t\t\t\t<\/div>\n\t\t<\/div>\n\t\t\t\t\t<\/div>\n\t\t<\/section>\n\t\t\t\t\t<\/div>\n\t\t<\/div>\n\t\t\t\t\t<\/div>\n\t\t<\/section>\n\t\t\t\t<section data-dce-background-color=\"#F8F8F8\" class=\"elementor-section elementor-top-section elementor-element elementor-element-b9cda65 elementor-section-boxed elementor-section-height-default elementor-section-height-default\" data-id=\"b9cda65\" data-element_type=\"section\" data-e-type=\"section\" data-settings=\"{&quot;background_background&quot;:&quot;classic&quot;}\">\n\t\t\t\t\t\t<div class=\"elementor-container elementor-column-gap-default\">\n\t\t\t\t\t<div data-dce-background-color=\"#FFFFFF\" class=\"elementor-column elementor-col-50 elementor-top-column elementor-element elementor-element-335f051\" data-id=\"335f051\" data-element_type=\"column\" data-e-type=\"column\" data-settings=\"{&quot;background_background&quot;:&quot;classic&quot;}\">\n\t\t\t<div class=\"elementor-widget-wrap elementor-element-populated\">\n\t\t\t\t\t\t<div data-dce-title-color=\"#1d1d37\" class=\"elementor-element elementor-element-e745c6d elementor-widget elementor-widget-heading\" data-id=\"e745c6d\" data-element_type=\"widget\" data-e-type=\"widget\" data-widget_type=\"heading.default\">\n\t\t\t\t<div class=\"elementor-widget-container\">\n\t\t\t\t\t<h3 class=\"elementor-heading-title elementor-size-default\">SECURITY REQUIREMENTS AND SERVICING YOUR PLATFORM\n<\/h3>\t\t\t\t<\/div>\n\t\t\t\t<\/div>\n\t\t\t\t<div class=\"elementor-element elementor-element-5bec731 elementor-widget-divider--view-line elementor-widget elementor-widget-divider\" data-id=\"5bec731\" data-element_type=\"widget\" data-e-type=\"widget\" data-widget_type=\"divider.default\">\n\t\t\t\t<div class=\"elementor-widget-container\">\n\t\t\t\t\t\t\t<div class=\"elementor-divider\">\n\t\t\t<span class=\"elementor-divider-separator\">\n\t\t\t\t\t\t<\/span>\n\t\t<\/div>\n\t\t\t\t\t\t<\/div>\n\t\t\t\t<\/div>\n\t\t\t\t<div class=\"elementor-element elementor-element-99283e4 elementor-widget elementor-widget-text-editor\" data-id=\"99283e4\" data-element_type=\"widget\" data-e-type=\"widget\" data-widget_type=\"text-editor.default\">\n\t\t\t\t<div class=\"elementor-widget-container\">\n\t\t\t\t\t\t\t\t\t<p>The safety requirements for mast climbing work platforms are very high. Among other things, the authorities require that inspections are carried out, that machines are moved correctly, etc. When you purchase a mast climbing work platform from us, we offer to carry out all statutory inspections. We also offer all regular servicing in connection with delivery: i.e. we pack, assemble and move the platform for you.<\/p>\n\t\t\t\t\t\t\t\t<\/div>\n\t\t\t\t<\/div>\n\t\t\t\t\t<\/div>\n\t\t<\/div>\n\t\t\t\t<div data-dce-background-overlay-color=\"#CC2200\" data-dce-background-image-url=\"https:\/\/platform.as\/wp-content\/uploads\/2022\/10\/4907157-scaled.jpg\" class=\"elementor-column elementor-col-50 elementor-top-column elementor-element elementor-element-eb3909b\" data-id=\"eb3909b\" data-element_type=\"column\" data-e-type=\"column\" data-settings=\"{&quot;background_background&quot;:&quot;classic&quot;}\">\n\t\t\t<div class=\"elementor-widget-wrap elementor-element-populated\">\n\t\t\t\t\t<div class=\"elementor-background-overlay\"><\/div>\n\t\t\t\t\t\t<div data-dce-title-color=\"#FFFFFF\" class=\"elementor-element elementor-element-c1fb190 elementor-widget elementor-widget-heading\" data-id=\"c1fb190\" data-element_type=\"widget\" data-e-type=\"widget\" data-widget_type=\"heading.default\">\n\t\t\t\t<div class=\"elementor-widget-container\">\n\t\t\t\t\t<h3 class=\"elementor-heading-title elementor-size-default\">WE OFFER TO PURCHASE THE MAST CLIMBER BACK\n<\/h3>\t\t\t\t<\/div>\n\t\t\t\t<\/div>\n\t\t\t\t<div class=\"elementor-element elementor-element-ab5349d elementor-widget-divider--view-line elementor-widget elementor-widget-divider\" data-id=\"ab5349d\" data-element_type=\"widget\" data-e-type=\"widget\" data-widget_type=\"divider.default\">\n\t\t\t\t<div class=\"elementor-widget-container\">\n\t\t\t\t\t\t\t<div class=\"elementor-divider\">\n\t\t\t<span class=\"elementor-divider-separator\">\n\t\t\t\t\t\t<\/span>\n\t\t<\/div>\n\t\t\t\t\t\t<\/div>\n\t\t\t\t<\/div>\n\t\t\t\t<div data-dce-text-color=\"#FFFFFF\" class=\"elementor-element elementor-element-e188931 elementor-widget elementor-widget-text-editor\" data-id=\"e188931\" data-element_type=\"widget\" data-e-type=\"widget\" data-widget_type=\"text-editor.default\">\n\t\t\t\t<div class=\"elementor-widget-container\">\n\t\t\t\t\t\t\t\t\t<p>In short, we take of service and help you with the mast climbing work platform exactly the same way, as if you were to rent instead. And just as you may know from leasing cars, we also offer to buy the mast climbing work platform back after your finished project.<\/p><p>If you are in doubt whether to purchase or rent a mast climbing work platform, feel free to contact us using the form below. You are also welcome to call us on <a href=\"tel:32114333\">+45 32114333<\/a>.<\/p>\t\t\t\t\t\t\t\t<\/div>\n\t\t\t\t<\/div>\n\t\t\t\t\t<\/div>\n\t\t<\/div>\n\t\t\t\t\t<\/div>\n\t\t<\/section>\n\t\t\t\t<\/div>\n\t\t","protected":false},"excerpt":{"rendered":"<p>MAST CLIMBING WORK PLATFORMS FOR SALE Sometimes it is not worth renting a mast climbing work platform, e.g. if your project is too big or takes several months to complete. [&hellip;]<\/p>\n","protected":false},"author":1,"featured_media":505,"parent":0,"menu_order":0,"comment_status":"closed","ping_status":"closed","template":"","meta":{"_acf_changed":false,"footnotes":""},"class_list":["post-5454","page","type-page","status-publish","has-post-thumbnail","hentry"],"acf":[],"yoast_head":"<!-- This site is optimized with the Yoast SEO plugin v27.1.1 - https:\/\/yoast.com\/product\/yoast-seo-wordpress\/ -->\n<title>Mast climbing work platforms for sale - Made for your company<\/title>\n<meta name=\"description\" content=\"Is your project too large for rental of a mast climbing work platform? Buy one instead! We offer a variety of mast climbers - get a quotation here!\" \/>\n<meta name=\"robots\" content=\"index, follow, max-snippet:-1, max-image-preview:large, max-video-preview:-1\" \/>\n<link rel=\"canonical\" href=\"https:\/\/platform.as\/en\/mast-climbing-work-platforms-for-sale\/\" \/>\n<meta property=\"og:locale\" content=\"en_US\" \/>\n<meta property=\"og:type\" content=\"article\" \/>\n<meta property=\"og:title\" content=\"Mast climbing work platforms for sale - Made for your company\" \/>\n<meta property=\"og:description\" content=\"Is your project too large for rental of a mast climbing work platform? Buy one instead! We offer a variety of mast climbers - get a quotation here!\" \/>\n<meta property=\"og:url\" content=\"https:\/\/platform.as\/en\/mast-climbing-work-platforms-for-sale\/\" \/>\n<meta property=\"og:site_name\" content=\"Platform AS\" \/>\n<meta property=\"article:modified_time\" content=\"2023-06-27T11:40:30+00:00\" \/>\n<meta property=\"og:image\" content=\"https:\/\/platform.as\/wp-content\/uploads\/2022\/10\/Overdaekning-Scandiagade-1140x768-1.jpg\" \/>\n\t<meta property=\"og:image:width\" content=\"1140\" \/>\n\t<meta property=\"og:image:height\" content=\"768\" \/>\n\t<meta property=\"og:image:type\" content=\"image\/jpeg\" \/>\n<meta name=\"twitter:label1\" content=\"Est. reading time\" \/>\n\t<meta name=\"twitter:data1\" content=\"2 minutes\" \/>\n<script type=\"application\/ld+json\" class=\"yoast-schema-graph\">{\"@context\":\"https:\/\/schema.org\",\"@graph\":[{\"@type\":\"WebPage\",\"@id\":\"https:\/\/platform.as\/en\/mast-climbing-work-platforms-for-sale\/\",\"url\":\"https:\/\/platform.as\/en\/mast-climbing-work-platforms-for-sale\/\",\"name\":\"Mast climbing work platforms for sale - Made for your company\",\"isPartOf\":{\"@id\":\"https:\/\/platform.as\/en\/#website\"},\"primaryImageOfPage\":{\"@id\":\"https:\/\/platform.as\/en\/mast-climbing-work-platforms-for-sale\/#primaryimage\"},\"image\":{\"@id\":\"https:\/\/platform.as\/en\/mast-climbing-work-platforms-for-sale\/#primaryimage\"},\"thumbnailUrl\":\"https:\/\/platform.as\/wp-content\/uploads\/2022\/10\/Overdaekning-Scandiagade-1140x768-1.jpg\",\"datePublished\":\"2022-10-20T12:01:28+00:00\",\"dateModified\":\"2023-06-27T11:40:30+00:00\",\"description\":\"Is your project too large for rental of a mast climbing work platform? Buy one instead! We offer a variety of mast climbers - get a quotation here!\",\"inLanguage\":\"en-US\",\"potentialAction\":[{\"@type\":\"ReadAction\",\"target\":[\"https:\/\/platform.as\/en\/mast-climbing-work-platforms-for-sale\/\"]}]},{\"@type\":\"ImageObject\",\"inLanguage\":\"en-US\",\"@id\":\"https:\/\/platform.as\/en\/mast-climbing-work-platforms-for-sale\/#primaryimage\",\"url\":\"https:\/\/platform.as\/wp-content\/uploads\/2022\/10\/Overdaekning-Scandiagade-1140x768-1.jpg\",\"contentUrl\":\"https:\/\/platform.as\/wp-content\/uploads\/2022\/10\/Overdaekning-Scandiagade-1140x768-1.jpg\",\"width\":1140,\"height\":768},{\"@type\":\"WebSite\",\"@id\":\"https:\/\/platform.as\/en\/#website\",\"url\":\"https:\/\/platform.as\/en\/\",\"name\":\"Platform AS\",\"description\":\"S\u00f8ger du arbejdsplatform til dit byggeprojekt? Hos Platform.as r\u00e5der vi over 360 driftssikre arbejdsplatforme og byggehejs \u2192 F\u00e5 en skr\u00e6ddersyet l\u00f8sning.\",\"publisher\":{\"@id\":\"https:\/\/platform.as\/en\/#organization\"},\"potentialAction\":[{\"@type\":\"SearchAction\",\"target\":{\"@type\":\"EntryPoint\",\"urlTemplate\":\"https:\/\/platform.as\/en\/?s={search_term_string}\"},\"query-input\":{\"@type\":\"PropertyValueSpecification\",\"valueRequired\":true,\"valueName\":\"search_term_string\"}}],\"inLanguage\":\"en-US\"},{\"@type\":\"Organization\",\"@id\":\"https:\/\/platform.as\/en\/#organization\",\"name\":\"Platform AS\",\"url\":\"https:\/\/platform.as\/en\/\",\"logo\":{\"@type\":\"ImageObject\",\"inLanguage\":\"en-US\",\"@id\":\"https:\/\/platform.as\/en\/#\/schema\/logo\/image\/\",\"url\":\"https:\/\/platform.as\/wp-content\/uploads\/2022\/09\/platform_as_logo_black_b.svg\",\"contentUrl\":\"https:\/\/platform.as\/wp-content\/uploads\/2022\/09\/platform_as_logo_black_b.svg\",\"width\":500,\"height\":188,\"caption\":\"Platform AS\"},\"image\":{\"@id\":\"https:\/\/platform.as\/en\/#\/schema\/logo\/image\/\"}}]}<\/script>\n<!-- \/ Yoast SEO plugin. -->","yoast_head_json":{"title":"Mast climbing work platforms for sale - Made for your company","description":"Is your project too large for rental of a mast climbing work platform? Buy one instead! We offer a variety of mast climbers - get a quotation here!","robots":{"index":"index","follow":"follow","max-snippet":"max-snippet:-1","max-image-preview":"max-image-preview:large","max-video-preview":"max-video-preview:-1"},"canonical":"https:\/\/platform.as\/en\/mast-climbing-work-platforms-for-sale\/","og_locale":"en_US","og_type":"article","og_title":"Mast climbing work platforms for sale - Made for your company","og_description":"Is your project too large for rental of a mast climbing work platform? Buy one instead! We offer a variety of mast climbers - get a quotation here!","og_url":"https:\/\/platform.as\/en\/mast-climbing-work-platforms-for-sale\/","og_site_name":"Platform AS","article_modified_time":"2023-06-27T11:40:30+00:00","og_image":[{"width":1140,"height":768,"url":"https:\/\/platform.as\/wp-content\/uploads\/2022\/10\/Overdaekning-Scandiagade-1140x768-1.jpg","type":"image\/jpeg"}],"twitter_misc":{"Est. reading time":"2 minutes"},"schema":{"@context":"https:\/\/schema.org","@graph":[{"@type":"WebPage","@id":"https:\/\/platform.as\/en\/mast-climbing-work-platforms-for-sale\/","url":"https:\/\/platform.as\/en\/mast-climbing-work-platforms-for-sale\/","name":"Mast climbing work platforms for sale - Made for your company","isPartOf":{"@id":"https:\/\/platform.as\/en\/#website"},"primaryImageOfPage":{"@id":"https:\/\/platform.as\/en\/mast-climbing-work-platforms-for-sale\/#primaryimage"},"image":{"@id":"https:\/\/platform.as\/en\/mast-climbing-work-platforms-for-sale\/#primaryimage"},"thumbnailUrl":"https:\/\/platform.as\/wp-content\/uploads\/2022\/10\/Overdaekning-Scandiagade-1140x768-1.jpg","datePublished":"2022-10-20T12:01:28+00:00","dateModified":"2023-06-27T11:40:30+00:00","description":"Is your project too large for rental of a mast climbing work platform? Buy one instead! We offer a variety of mast climbers - get a quotation here!","inLanguage":"en-US","potentialAction":[{"@type":"ReadAction","target":["https:\/\/platform.as\/en\/mast-climbing-work-platforms-for-sale\/"]}]},{"@type":"ImageObject","inLanguage":"en-US","@id":"https:\/\/platform.as\/en\/mast-climbing-work-platforms-for-sale\/#primaryimage","url":"https:\/\/platform.as\/wp-content\/uploads\/2022\/10\/Overdaekning-Scandiagade-1140x768-1.jpg","contentUrl":"https:\/\/platform.as\/wp-content\/uploads\/2022\/10\/Overdaekning-Scandiagade-1140x768-1.jpg","width":1140,"height":768},{"@type":"WebSite","@id":"https:\/\/platform.as\/en\/#website","url":"https:\/\/platform.as\/en\/","name":"Platform AS","description":"S\u00f8ger du arbejdsplatform til dit byggeprojekt? Hos Platform.as r\u00e5der vi over 360 driftssikre arbejdsplatforme og byggehejs \u2192 F\u00e5 en skr\u00e6ddersyet l\u00f8sning.","publisher":{"@id":"https:\/\/platform.as\/en\/#organization"},"potentialAction":[{"@type":"SearchAction","target":{"@type":"EntryPoint","urlTemplate":"https:\/\/platform.as\/en\/?s={search_term_string}"},"query-input":{"@type":"PropertyValueSpecification","valueRequired":true,"valueName":"search_term_string"}}],"inLanguage":"en-US"},{"@type":"Organization","@id":"https:\/\/platform.as\/en\/#organization","name":"Platform AS","url":"https:\/\/platform.as\/en\/","logo":{"@type":"ImageObject","inLanguage":"en-US","@id":"https:\/\/platform.as\/en\/#\/schema\/logo\/image\/","url":"https:\/\/platform.as\/wp-content\/uploads\/2022\/09\/platform_as_logo_black_b.svg","contentUrl":"https:\/\/platform.as\/wp-content\/uploads\/2022\/09\/platform_as_logo_black_b.svg","width":500,"height":188,"caption":"Platform AS"},"image":{"@id":"https:\/\/platform.as\/en\/#\/schema\/logo\/image\/"}}]}},"_links":{"self":[{"href":"https:\/\/platform.as\/en\/wp-json\/wp\/v2\/pages\/5454","targetHints":{"allow":["GET"]}}],"collection":[{"href":"https:\/\/platform.as\/en\/wp-json\/wp\/v2\/pages"}],"about":[{"href":"https:\/\/platform.as\/en\/wp-json\/wp\/v2\/types\/page"}],"author":[{"embeddable":true,"href":"https:\/\/platform.as\/en\/wp-json\/wp\/v2\/users\/1"}],"replies":[{"embeddable":true,"href":"https:\/\/platform.as\/en\/wp-json\/wp\/v2\/comments?post=5454"}],"version-history":[{"count":4,"href":"https:\/\/platform.as\/en\/wp-json\/wp\/v2\/pages\/5454\/revisions"}],"predecessor-version":[{"id":7355,"href":"https:\/\/platform.as\/en\/wp-json\/wp\/v2\/pages\/5454\/revisions\/7355"}],"wp:featuredmedia":[{"embeddable":true,"href":"https:\/\/platform.as\/en\/wp-json\/wp\/v2\/media\/505"}],"wp:attachment":[{"href":"https:\/\/platform.as\/en\/wp-json\/wp\/v2\/media?parent=5454"}],"curies":[{"name":"wp","href":"https:\/\/api.w.org\/{rel}","templated":true}]}}