{"id":5553,"date":"2022-11-16T09:39:49","date_gmt":"2022-11-16T08:39:49","guid":{"rendered":"https:\/\/platform.iternumstaging.dk\/why-choose-platform\/"},"modified":"2023-09-05T11:07:58","modified_gmt":"2023-09-05T09:07:58","slug":"why-choose-platform","status":"publish","type":"page","link":"https:\/\/platform.as\/en\/why-choose-platform\/","title":{"rendered":"Why choose Platform"},"content":{"rendered":"\t\t<div data-elementor-type=\"wp-page\" data-elementor-id=\"5553\" class=\"elementor elementor-5553 elementor-3666\" data-elementor-post-type=\"page\">\n\t\t\t\t\t\t<section class=\"elementor-section elementor-top-section elementor-element elementor-element-ea2ba0a elementor-section-boxed elementor-section-height-default elementor-section-height-default\" data-id=\"ea2ba0a\" data-element_type=\"section\" data-e-type=\"section\" data-settings=\"{&quot;background_background&quot;:&quot;classic&quot;}\">\n\t\t\t\t\t\t\t<div class=\"elementor-background-overlay\"><\/div>\n\t\t\t\t\t\t\t<div class=\"elementor-container elementor-column-gap-default\">\n\t\t\t\t\t<div class=\"elementor-column elementor-col-100 elementor-top-column elementor-element elementor-element-3f881e2\" data-id=\"3f881e2\" data-element_type=\"column\" data-e-type=\"column\">\n\t\t\t<div class=\"elementor-widget-wrap elementor-element-populated\">\n\t\t\t\t\t\t<section class=\"elementor-section elementor-inner-section elementor-element elementor-element-fc5d121 elementor-section-content-middle elementor-section-boxed elementor-section-height-default elementor-section-height-default\" data-id=\"fc5d121\" data-element_type=\"section\" data-e-type=\"section\">\n\t\t\t\t\t\t<div class=\"elementor-container elementor-column-gap-wider\">\n\t\t\t\t\t<div class=\"elementor-column elementor-col-100 elementor-inner-column elementor-element elementor-element-50cfbec\" data-id=\"50cfbec\" data-element_type=\"column\" data-e-type=\"column\">\n\t\t\t<div class=\"elementor-widget-wrap elementor-element-populated\">\n\t\t\t\t\t\t<div class=\"elementor-element elementor-element-f8a36ca elementor-invisible elementor-widget elementor-widget-heading\" data-id=\"f8a36ca\" data-element_type=\"widget\" data-e-type=\"widget\" data-settings=\"{&quot;_animation&quot;:&quot;fadeIn&quot;}\" data-widget_type=\"heading.default\">\n\t\t\t\t<div class=\"elementor-widget-container\">\n\t\t\t\t\t<h2 class=\"elementor-heading-title elementor-size-default\">A MAST CLIMBING WORK PLATFORM IS FLEXIBLE AND SECURE\n<\/h2>\t\t\t\t<\/div>\n\t\t\t\t<\/div>\n\t\t\t\t<div class=\"elementor-element elementor-element-1c35216 elementor-widget elementor-widget-text-editor\" data-id=\"1c35216\" data-element_type=\"widget\" data-e-type=\"widget\" data-widget_type=\"text-editor.default\">\n\t\t\t\t<div class=\"elementor-widget-container\">\n\t\t\t\t\t\t\t\t\t<p>The traditional <a href=\"https:\/\/platform.as\/en\/scaffolding\/\">scaffolding<\/a> has found its replacement. The mobile mast climbing work platform, also known as a mast climber, gives the construction companies great flexibility, a healthy work environment and far better safety.<\/p>\n<p>Many Danish construction companies have opened their eyes to the obvious advantages of the mobile mast climbing work platform &#8211; and therefore the demand has exploded. When external walls need to be built, balconies installed or facades renovated, more and more companies choose to carry out the work from a mobile mast climber. <\/p>\n<p>\u201cWe feel a great interest from our customers because the platform adapts to the task &#8211; and not the other way around. The mast climbing platform is tailored in width and height and our customers have the most optimal starting point to solve their task efficiently, safely and ergonomically correct,\u201d says Casper Knudsen, CEO at Platform.as.<\/p>\n\t\t\t\t\t\t\t\t<\/div>\n\t\t\t\t<\/div>\n\t\t\t\t<div data-dce-background-color=\"#FFFFFF\" class=\"elementor-element elementor-element-2426e95 elementor-mobile-align-left elementor-align-center elementor-widget elementor-widget-button\" data-id=\"2426e95\" data-element_type=\"widget\" data-e-type=\"widget\" data-widget_type=\"button.default\">\n\t\t\t\t<div class=\"elementor-widget-container\">\n\t\t\t\t\t\t\t\t\t<div class=\"elementor-button-wrapper\">\n\t\t\t\t\t<a class=\"elementor-button elementor-button-link elementor-size-sm\" href=\"#kontaktos\">\n\t\t\t\t\t\t<span class=\"elementor-button-content-wrapper\">\n\t\t\t\t\t\t\t\t\t<span class=\"elementor-button-text\">WOULD YOU LIKE TO KNOW MORE? LET\u2019S GET IN TOUCH<\/span>\n\t\t\t\t\t<\/span>\n\t\t\t\t\t<\/a>\n\t\t\t\t<\/div>\n\t\t\t\t\t\t\t\t<\/div>\n\t\t\t\t<\/div>\n\t\t\t\t\t<\/div>\n\t\t<\/div>\n\t\t\t\t\t<\/div>\n\t\t<\/section>\n\t\t\t\t\t<\/div>\n\t\t<\/div>\n\t\t\t\t\t<\/div>\n\t\t<\/section>\n\t\t\t\t<section data-dce-background-image-url=\"https:\/\/platform.as\/wp-content\/uploads\/2023\/09\/Hvorfor-platform-midt-side-2560x1000-1.jpg\" class=\"elementor-section elementor-top-section elementor-element elementor-element-2209fa2 elementor-section-content-middle elementor-section-height-min-height elementor-section-boxed elementor-section-height-default elementor-section-items-middle\" data-id=\"2209fa2\" data-element_type=\"section\" data-e-type=\"section\" data-settings=\"{&quot;background_background&quot;:&quot;classic&quot;}\">\n\t\t\t\t\t\t<div class=\"elementor-container elementor-column-gap-default\">\n\t\t\t\t\t<div class=\"elementor-column elementor-col-50 elementor-top-column elementor-element elementor-element-23caf7e elementor-hidden-tablet elementor-hidden-mobile\" data-id=\"23caf7e\" data-element_type=\"column\" data-e-type=\"column\">\n\t\t\t<div class=\"elementor-widget-wrap\">\n\t\t\t\t\t\t\t<\/div>\n\t\t<\/div>\n\t\t\t\t<div data-dce-background-color=\"#CC2200D9\" class=\"elementor-column elementor-col-50 elementor-top-column elementor-element elementor-element-6b8c4cd\" data-id=\"6b8c4cd\" data-element_type=\"column\" data-e-type=\"column\" data-settings=\"{&quot;background_background&quot;:&quot;classic&quot;}\">\n\t\t\t<div class=\"elementor-widget-wrap elementor-element-populated\">\n\t\t\t\t\t\t<div class=\"elementor-element elementor-element-ecbf834 elementor-widget elementor-widget-heading\" data-id=\"ecbf834\" data-element_type=\"widget\" data-e-type=\"widget\" data-widget_type=\"heading.default\">\n\t\t\t\t<div class=\"elementor-widget-container\">\n\t\t\t\t\t<h3 class=\"elementor-heading-title elementor-size-default\">THE MAST CLIMBER CAN BE TAILORED FOR YOUR NEEDS\n<\/h3>\t\t\t\t<\/div>\n\t\t\t\t<\/div>\n\t\t\t\t<div class=\"elementor-element elementor-element-843d2e0 elementor-widget-divider--view-line elementor-widget elementor-widget-divider\" data-id=\"843d2e0\" data-element_type=\"widget\" data-e-type=\"widget\" data-widget_type=\"divider.default\">\n\t\t\t\t<div class=\"elementor-widget-container\">\n\t\t\t\t\t\t\t<div class=\"elementor-divider\">\n\t\t\t<span class=\"elementor-divider-separator\">\n\t\t\t\t\t\t<\/span>\n\t\t<\/div>\n\t\t\t\t\t\t<\/div>\n\t\t\t\t<\/div>\n\t\t\t\t<div class=\"elementor-element elementor-element-d029097 elementor-widget elementor-widget-text-editor\" data-id=\"d029097\" data-element_type=\"widget\" data-e-type=\"widget\" data-widget_type=\"text-editor.default\">\n\t\t\t\t<div class=\"elementor-widget-container\">\n\t\t\t\t\t\t\t\t\t<p>Mobile mast climbing work platforms are suitable for virtually all types of facade work in all types of weather. They have the capacity for several people to work at the same time and it is easy to bring the material up and the waste down. Heavy lifting and stressful working heights (below knee height and above shoulder height) can be completely avoided. Several models are equipped with consoles that can be adapted to the different projections on the facade, e.g. balconies and bay windows. This makes the work easier for the mason, as he does not have to lie on his knees and stand on his tiptoes when the bricks have to be laid.   <\/p>\n\t\t\t\t\t\t\t\t<\/div>\n\t\t\t\t<\/div>\n\t\t\t\t\t<\/div>\n\t\t<\/div>\n\t\t\t\t\t<\/div>\n\t\t<\/section>\n\t\t\t\t<section data-dce-background-color=\"#F8F8F8\" class=\"elementor-section elementor-top-section elementor-element elementor-element-09d0076 elementor-section-boxed elementor-section-height-default elementor-section-height-default\" data-id=\"09d0076\" data-element_type=\"section\" data-e-type=\"section\" data-settings=\"{&quot;background_background&quot;:&quot;classic&quot;}\">\n\t\t\t\t\t\t<div class=\"elementor-container elementor-column-gap-default\">\n\t\t\t\t\t<div class=\"elementor-column elementor-col-100 elementor-top-column elementor-element elementor-element-c272015\" data-id=\"c272015\" data-element_type=\"column\" data-e-type=\"column\" data-settings=\"{&quot;background_background&quot;:&quot;classic&quot;}\">\n\t\t\t<div class=\"elementor-widget-wrap elementor-element-populated\">\n\t\t\t\t\t\t<div class=\"elementor-element elementor-element-e5f5ec1 elementor-widget elementor-widget-text-editor\" data-id=\"e5f5ec1\" data-element_type=\"widget\" data-e-type=\"widget\" data-widget_type=\"text-editor.default\">\n\t\t\t\t<div class=\"elementor-widget-container\">\n\t\t\t\t\t\t\t\t\t<p>The mast climbing work platform provides a larger work area and a more dynamic process, and the price is, of course, always an important factor. On a construction project, you will usually be able to optimise the working hours and the number of employees, which is economically good for business. Savings of up to 30% are not unusual.  <\/p>\n<p>The mobile mast climber is a great example of the innovative solutions being developed for construction and the increased focus on efficient and safe work environments. Therefore, the demand is growing rapidly. <\/p>\n\t\t\t\t\t\t\t\t<\/div>\n\t\t\t\t<\/div>\n\t\t\t\t<div class=\"elementor-element elementor-element-bb7eb4c elementor-widget elementor-widget-text-editor\" data-id=\"bb7eb4c\" data-element_type=\"widget\" data-e-type=\"widget\" data-widget_type=\"text-editor.default\">\n\t\t\t\t<div class=\"elementor-widget-container\">\n\t\t\t\t\t\t\t\t\t<p>The traditional scaffolding has thus played its role.<\/p>\n\t\t\t\t\t\t\t\t<\/div>\n\t\t\t\t<\/div>\n\t\t\t\t\t<\/div>\n\t\t<\/div>\n\t\t\t\t\t<\/div>\n\t\t<\/section>\n\t\t\t\t<\/div>\n\t\t","protected":false},"excerpt":{"rendered":"<p>A MAST CLIMBING WORK PLATFORM IS FLEXIBLE AND SECURE The traditional scaffolding has found its replacement. The mobile mast climbing work platform, also known as a mast climber, gives the [&hellip;]<\/p>\n","protected":false},"author":1,"featured_media":649,"parent":0,"menu_order":0,"comment_status":"closed","ping_status":"closed","template":"","meta":{"_acf_changed":false,"footnotes":""},"class_list":["post-5553","page","type-page","status-publish","has-post-thumbnail","hentry"],"acf":[],"yoast_head":"<!-- This site is optimized with the Yoast SEO plugin v27.1.1 - https:\/\/yoast.com\/product\/yoast-seo-wordpress\/ -->\n<title>Why choose Platform - Rent mast climbing work platforms here<\/title>\n<meta name=\"description\" content=\"Rent mast climbing work platforms of high quality and save up to 30% of the cost of your construction projects while increasing the efficiency \u2192 Read more.\" \/>\n<meta name=\"robots\" content=\"index, follow, max-snippet:-1, max-image-preview:large, max-video-preview:-1\" \/>\n<link rel=\"canonical\" href=\"https:\/\/platform.as\/en\/why-choose-platform\/\" \/>\n<meta property=\"og:locale\" content=\"en_US\" \/>\n<meta property=\"og:type\" content=\"article\" \/>\n<meta property=\"og:title\" content=\"Why choose Platform - Rent mast climbing work platforms here\" \/>\n<meta property=\"og:description\" content=\"Rent mast climbing work platforms of high quality and save up to 30% of the cost of your construction projects while increasing the efficiency \u2192 Read more.\" \/>\n<meta property=\"og:url\" content=\"https:\/\/platform.as\/en\/why-choose-platform\/\" \/>\n<meta property=\"og:site_name\" content=\"Platform AS\" \/>\n<meta property=\"article:modified_time\" content=\"2023-09-05T09:07:58+00:00\" \/>\n<meta property=\"og:image\" content=\"https:\/\/platform.as\/wp-content\/uploads\/2022\/10\/20170306_Platform_elevatorlift_342-1.jpg\" \/>\n\t<meta property=\"og:image:width\" content=\"800\" \/>\n\t<meta property=\"og:image:height\" content=\"1200\" \/>\n\t<meta property=\"og:image:type\" content=\"image\/jpeg\" \/>\n<meta name=\"twitter:label1\" content=\"Est. reading time\" \/>\n\t<meta name=\"twitter:data1\" content=\"2 minutes\" \/>\n<script type=\"application\/ld+json\" class=\"yoast-schema-graph\">{\"@context\":\"https:\/\/schema.org\",\"@graph\":[{\"@type\":\"WebPage\",\"@id\":\"https:\/\/platform.as\/en\/why-choose-platform\/\",\"url\":\"https:\/\/platform.as\/en\/why-choose-platform\/\",\"name\":\"Why choose Platform - Rent mast climbing work platforms here\",\"isPartOf\":{\"@id\":\"https:\/\/platform.as\/en\/#website\"},\"primaryImageOfPage\":{\"@id\":\"https:\/\/platform.as\/en\/why-choose-platform\/#primaryimage\"},\"image\":{\"@id\":\"https:\/\/platform.as\/en\/why-choose-platform\/#primaryimage\"},\"thumbnailUrl\":\"https:\/\/platform.as\/wp-content\/uploads\/2022\/10\/20170306_Platform_elevatorlift_342-1.jpg\",\"datePublished\":\"2022-11-16T08:39:49+00:00\",\"dateModified\":\"2023-09-05T09:07:58+00:00\",\"description\":\"Rent mast climbing work platforms of high quality and save up to 30% of the cost of your construction projects while increasing the efficiency \u2192 Read more.\",\"inLanguage\":\"en-US\",\"potentialAction\":[{\"@type\":\"ReadAction\",\"target\":[\"https:\/\/platform.as\/en\/why-choose-platform\/\"]}]},{\"@type\":\"ImageObject\",\"inLanguage\":\"en-US\",\"@id\":\"https:\/\/platform.as\/en\/why-choose-platform\/#primaryimage\",\"url\":\"https:\/\/platform.as\/wp-content\/uploads\/2022\/10\/20170306_Platform_elevatorlift_342-1.jpg\",\"contentUrl\":\"https:\/\/platform.as\/wp-content\/uploads\/2022\/10\/20170306_Platform_elevatorlift_342-1.jpg\",\"width\":800,\"height\":1200},{\"@type\":\"WebSite\",\"@id\":\"https:\/\/platform.as\/en\/#website\",\"url\":\"https:\/\/platform.as\/en\/\",\"name\":\"Platform AS\",\"description\":\"S\u00f8ger du arbejdsplatform til dit byggeprojekt? Hos Platform.as r\u00e5der vi over 360 driftssikre arbejdsplatforme og byggehejs \u2192 F\u00e5 en skr\u00e6ddersyet l\u00f8sning.\",\"publisher\":{\"@id\":\"https:\/\/platform.as\/en\/#organization\"},\"potentialAction\":[{\"@type\":\"SearchAction\",\"target\":{\"@type\":\"EntryPoint\",\"urlTemplate\":\"https:\/\/platform.as\/en\/?s={search_term_string}\"},\"query-input\":{\"@type\":\"PropertyValueSpecification\",\"valueRequired\":true,\"valueName\":\"search_term_string\"}}],\"inLanguage\":\"en-US\"},{\"@type\":\"Organization\",\"@id\":\"https:\/\/platform.as\/en\/#organization\",\"name\":\"Platform AS\",\"url\":\"https:\/\/platform.as\/en\/\",\"logo\":{\"@type\":\"ImageObject\",\"inLanguage\":\"en-US\",\"@id\":\"https:\/\/platform.as\/en\/#\/schema\/logo\/image\/\",\"url\":\"https:\/\/platform.as\/wp-content\/uploads\/2022\/09\/platform_as_logo_black_b.svg\",\"contentUrl\":\"https:\/\/platform.as\/wp-content\/uploads\/2022\/09\/platform_as_logo_black_b.svg\",\"width\":500,\"height\":188,\"caption\":\"Platform AS\"},\"image\":{\"@id\":\"https:\/\/platform.as\/en\/#\/schema\/logo\/image\/\"}}]}<\/script>\n<!-- \/ Yoast SEO plugin. -->","yoast_head_json":{"title":"Why choose Platform - Rent mast climbing work platforms here","description":"Rent mast climbing work platforms of high quality and save up to 30% of the cost of your construction projects while increasing the efficiency \u2192 Read more.","robots":{"index":"index","follow":"follow","max-snippet":"max-snippet:-1","max-image-preview":"max-image-preview:large","max-video-preview":"max-video-preview:-1"},"canonical":"https:\/\/platform.as\/en\/why-choose-platform\/","og_locale":"en_US","og_type":"article","og_title":"Why choose Platform - Rent mast climbing work platforms here","og_description":"Rent mast climbing work platforms of high quality and save up to 30% of the cost of your construction projects while increasing the efficiency \u2192 Read more.","og_url":"https:\/\/platform.as\/en\/why-choose-platform\/","og_site_name":"Platform AS","article_modified_time":"2023-09-05T09:07:58+00:00","og_image":[{"width":800,"height":1200,"url":"https:\/\/platform.as\/wp-content\/uploads\/2022\/10\/20170306_Platform_elevatorlift_342-1.jpg","type":"image\/jpeg"}],"twitter_misc":{"Est. reading time":"2 minutes"},"schema":{"@context":"https:\/\/schema.org","@graph":[{"@type":"WebPage","@id":"https:\/\/platform.as\/en\/why-choose-platform\/","url":"https:\/\/platform.as\/en\/why-choose-platform\/","name":"Why choose Platform - Rent mast climbing work platforms here","isPartOf":{"@id":"https:\/\/platform.as\/en\/#website"},"primaryImageOfPage":{"@id":"https:\/\/platform.as\/en\/why-choose-platform\/#primaryimage"},"image":{"@id":"https:\/\/platform.as\/en\/why-choose-platform\/#primaryimage"},"thumbnailUrl":"https:\/\/platform.as\/wp-content\/uploads\/2022\/10\/20170306_Platform_elevatorlift_342-1.jpg","datePublished":"2022-11-16T08:39:49+00:00","dateModified":"2023-09-05T09:07:58+00:00","description":"Rent mast climbing work platforms of high quality and save up to 30% of the cost of your construction projects while increasing the efficiency \u2192 Read more.","inLanguage":"en-US","potentialAction":[{"@type":"ReadAction","target":["https:\/\/platform.as\/en\/why-choose-platform\/"]}]},{"@type":"ImageObject","inLanguage":"en-US","@id":"https:\/\/platform.as\/en\/why-choose-platform\/#primaryimage","url":"https:\/\/platform.as\/wp-content\/uploads\/2022\/10\/20170306_Platform_elevatorlift_342-1.jpg","contentUrl":"https:\/\/platform.as\/wp-content\/uploads\/2022\/10\/20170306_Platform_elevatorlift_342-1.jpg","width":800,"height":1200},{"@type":"WebSite","@id":"https:\/\/platform.as\/en\/#website","url":"https:\/\/platform.as\/en\/","name":"Platform AS","description":"S\u00f8ger du arbejdsplatform til dit byggeprojekt? Hos Platform.as r\u00e5der vi over 360 driftssikre arbejdsplatforme og byggehejs \u2192 F\u00e5 en skr\u00e6ddersyet l\u00f8sning.","publisher":{"@id":"https:\/\/platform.as\/en\/#organization"},"potentialAction":[{"@type":"SearchAction","target":{"@type":"EntryPoint","urlTemplate":"https:\/\/platform.as\/en\/?s={search_term_string}"},"query-input":{"@type":"PropertyValueSpecification","valueRequired":true,"valueName":"search_term_string"}}],"inLanguage":"en-US"},{"@type":"Organization","@id":"https:\/\/platform.as\/en\/#organization","name":"Platform AS","url":"https:\/\/platform.as\/en\/","logo":{"@type":"ImageObject","inLanguage":"en-US","@id":"https:\/\/platform.as\/en\/#\/schema\/logo\/image\/","url":"https:\/\/platform.as\/wp-content\/uploads\/2022\/09\/platform_as_logo_black_b.svg","contentUrl":"https:\/\/platform.as\/wp-content\/uploads\/2022\/09\/platform_as_logo_black_b.svg","width":500,"height":188,"caption":"Platform AS"},"image":{"@id":"https:\/\/platform.as\/en\/#\/schema\/logo\/image\/"}}]}},"_links":{"self":[{"href":"https:\/\/platform.as\/en\/wp-json\/wp\/v2\/pages\/5553","targetHints":{"allow":["GET"]}}],"collection":[{"href":"https:\/\/platform.as\/en\/wp-json\/wp\/v2\/pages"}],"about":[{"href":"https:\/\/platform.as\/en\/wp-json\/wp\/v2\/types\/page"}],"author":[{"embeddable":true,"href":"https:\/\/platform.as\/en\/wp-json\/wp\/v2\/users\/1"}],"replies":[{"embeddable":true,"href":"https:\/\/platform.as\/en\/wp-json\/wp\/v2\/comments?post=5553"}],"version-history":[{"count":4,"href":"https:\/\/platform.as\/en\/wp-json\/wp\/v2\/pages\/5553\/revisions"}],"predecessor-version":[{"id":8615,"href":"https:\/\/platform.as\/en\/wp-json\/wp\/v2\/pages\/5553\/revisions\/8615"}],"wp:featuredmedia":[{"embeddable":true,"href":"https:\/\/platform.as\/en\/wp-json\/wp\/v2\/media\/649"}],"wp:attachment":[{"href":"https:\/\/platform.as\/en\/wp-json\/wp\/v2\/media?parent=5553"}],"curies":[{"name":"wp","href":"https:\/\/api.w.org\/{rel}","templated":true}]}}