{"id":6492,"date":"2022-11-11T11:47:09","date_gmt":"2022-11-11T10:47:09","guid":{"rendered":"https:\/\/platform.as\/mast-climbers-in-jutland\/"},"modified":"2023-10-25T13:20:31","modified_gmt":"2023-10-25T11:20:31","slug":"mast-climbers-in-jutland","status":"publish","type":"page","link":"https:\/\/platform.as\/en\/mast-climbers-in-jutland\/","title":{"rendered":"Mast climbers in Jutland"},"content":{"rendered":"\t\t<div data-elementor-type=\"wp-page\" data-elementor-id=\"6492\" class=\"elementor elementor-6492 elementor-3287\" data-elementor-post-type=\"page\">\n\t\t\t\t\t\t<section class=\"elementor-section elementor-top-section elementor-element elementor-element-84c32d7 elementor-section-boxed elementor-section-height-default elementor-section-height-default\" data-id=\"84c32d7\" data-element_type=\"section\" data-e-type=\"section\" data-settings=\"{&quot;background_background&quot;:&quot;classic&quot;}\">\n\t\t\t\t\t\t\t<div class=\"elementor-background-overlay\"><\/div>\n\t\t\t\t\t\t\t<div class=\"elementor-container elementor-column-gap-default\">\n\t\t\t\t\t<div class=\"elementor-column elementor-col-100 elementor-top-column elementor-element elementor-element-8267102\" data-id=\"8267102\" data-element_type=\"column\" data-e-type=\"column\">\n\t\t\t<div class=\"elementor-widget-wrap elementor-element-populated\">\n\t\t\t\t\t\t<section class=\"elementor-section elementor-inner-section elementor-element elementor-element-ca91fb9 elementor-section-content-middle elementor-section-boxed elementor-section-height-default elementor-section-height-default\" data-id=\"ca91fb9\" data-element_type=\"section\" data-e-type=\"section\">\n\t\t\t\t\t\t<div class=\"elementor-container elementor-column-gap-wider\">\n\t\t\t\t\t<div class=\"elementor-column elementor-col-100 elementor-inner-column elementor-element elementor-element-5ecada2\" data-id=\"5ecada2\" data-element_type=\"column\" data-e-type=\"column\">\n\t\t\t<div class=\"elementor-widget-wrap elementor-element-populated\">\n\t\t\t\t\t\t<div class=\"elementor-element elementor-element-052fc32 elementor-invisible elementor-widget elementor-widget-heading\" data-id=\"052fc32\" data-element_type=\"widget\" data-e-type=\"widget\" data-settings=\"{&quot;_animation&quot;:&quot;fadeIn&quot;}\" data-widget_type=\"heading.default\">\n\t\t\t\t<div class=\"elementor-widget-container\">\n\t\t\t\t\t<h2 class=\"elementor-heading-title elementor-size-default\">SCAFFOLDING IN AARHUS?<br>\nTRY A MOBILE MAST CLIMBING WORK PLATFORM<\/h2>\t\t\t\t<\/div>\n\t\t\t\t<\/div>\n\t\t\t\t<div class=\"elementor-element elementor-element-07650eb elementor-widget elementor-widget-text-editor\" data-id=\"07650eb\" data-element_type=\"widget\" data-e-type=\"widget\" data-widget_type=\"text-editor.default\">\n\t\t\t\t<div class=\"elementor-widget-container\">\n\t\t\t\t\t\t\t\t\t<p>Do you need scaffolding in Aarhus or the surrounding area? At Platform.as we offer rental and delivery of strong, flexible and mobile work platforms in Aarhus, Aalborg and the rest of Jutland. Our work platforms can be combined in countless ways and raised to the exact height that provides an ergonomically friendly workflow. In addition, they are completely safe and comply with all safety and accident prevention regulations.<\/p>\n\t\t\t\t\t\t\t\t<\/div>\n\t\t\t\t<\/div>\n\t\t\t\t<div data-dce-background-color=\"#FFFFFF\" class=\"elementor-element elementor-element-28e8505 elementor-mobile-align-left elementor-align-center elementor-widget elementor-widget-button\" data-id=\"28e8505\" data-element_type=\"widget\" data-e-type=\"widget\" data-widget_type=\"button.default\">\n\t\t\t\t<div class=\"elementor-widget-container\">\n\t\t\t\t\t\t\t\t\t<div class=\"elementor-button-wrapper\">\n\t\t\t\t\t<a class=\"elementor-button elementor-button-link elementor-size-sm\" href=\"#kontaktos\">\n\t\t\t\t\t\t<span class=\"elementor-button-content-wrapper\">\n\t\t\t\t\t\t\t\t\t<span class=\"elementor-button-text\">Contact us for more information<\/span>\n\t\t\t\t\t<\/span>\n\t\t\t\t\t<\/a>\n\t\t\t\t<\/div>\n\t\t\t\t\t\t\t\t<\/div>\n\t\t\t\t<\/div>\n\t\t\t\t\t<\/div>\n\t\t<\/div>\n\t\t\t\t\t<\/div>\n\t\t<\/section>\n\t\t\t\t\t<\/div>\n\t\t<\/div>\n\t\t\t\t\t<\/div>\n\t\t<\/section>\n\t\t\t\t<section data-dce-background-image-url=\"https:\/\/platform.as\/wp-content\/uploads\/2023\/10\/Kontakt-platforme-Jylland-1-2560x1000-1.jpg\" class=\"elementor-section elementor-top-section elementor-element elementor-element-46982ae elementor-section-full_width elementor-section-content-middle elementor-section-height-default elementor-section-height-default\" data-id=\"46982ae\" data-element_type=\"section\" data-e-type=\"section\" data-settings=\"{&quot;background_background&quot;:&quot;classic&quot;}\">\n\t\t\t\t\t\t<div class=\"elementor-container elementor-column-gap-default\">\n\t\t\t\t\t<div class=\"elementor-column elementor-col-50 elementor-top-column elementor-element elementor-element-e84cf13 elementor-hidden-tablet_extra elementor-hidden-tablet elementor-hidden-mobile\" data-id=\"e84cf13\" data-element_type=\"column\" data-e-type=\"column\" data-settings=\"{&quot;background_background&quot;:&quot;classic&quot;}\">\n\t\t\t<div class=\"elementor-widget-wrap elementor-element-populated\">\n\t\t\t\t\t\t<div class=\"elementor-element elementor-element-607d179 elementor-widget elementor-widget-spacer\" data-id=\"607d179\" data-element_type=\"widget\" data-e-type=\"widget\" data-widget_type=\"spacer.default\">\n\t\t\t\t<div class=\"elementor-widget-container\">\n\t\t\t\t\t\t\t<div class=\"elementor-spacer\">\n\t\t\t<div class=\"elementor-spacer-inner\"><\/div>\n\t\t<\/div>\n\t\t\t\t\t\t<\/div>\n\t\t\t\t<\/div>\n\t\t\t\t\t<\/div>\n\t\t<\/div>\n\t\t\t\t<div data-dce-background-color=\"#CC2200E0\" class=\"elementor-column elementor-col-50 elementor-top-column elementor-element elementor-element-3735af7\" data-id=\"3735af7\" data-element_type=\"column\" data-e-type=\"column\" data-settings=\"{&quot;background_background&quot;:&quot;classic&quot;}\">\n\t\t\t<div class=\"elementor-widget-wrap elementor-element-populated\">\n\t\t\t\t\t<div class=\"elementor-background-overlay\"><\/div>\n\t\t\t\t\t\t<div data-dce-title-color=\"#FFFFFF\" class=\"elementor-element elementor-element-3b6522d elementor-widget elementor-widget-heading\" data-id=\"3b6522d\" data-element_type=\"widget\" data-e-type=\"widget\" data-settings=\"{&quot;_animation&quot;:&quot;none&quot;}\" data-widget_type=\"heading.default\">\n\t\t\t\t<div class=\"elementor-widget-container\">\n\t\t\t\t\t<h1 class=\"elementor-heading-title elementor-size-default\">MOBILE MAST CLIMBING WORK PLATFORM<\/h1>\t\t\t\t<\/div>\n\t\t\t\t<\/div>\n\t\t\t\t<div class=\"elementor-element elementor-element-dc4473a elementor-widget-divider--view-line elementor-widget elementor-widget-divider\" data-id=\"dc4473a\" data-element_type=\"widget\" data-e-type=\"widget\" data-widget_type=\"divider.default\">\n\t\t\t\t<div class=\"elementor-widget-container\">\n\t\t\t\t\t\t\t<div class=\"elementor-divider\">\n\t\t\t<span class=\"elementor-divider-separator\">\n\t\t\t\t\t\t<\/span>\n\t\t<\/div>\n\t\t\t\t\t\t<\/div>\n\t\t\t\t<\/div>\n\t\t\t\t<div data-dce-text-color=\"#FFFFFF\" class=\"elementor-element elementor-element-95b792e elementor-widget elementor-widget-text-editor\" data-id=\"95b792e\" data-element_type=\"widget\" data-e-type=\"widget\" data-widget_type=\"text-editor.default\">\n\t\t\t\t<div class=\"elementor-widget-container\">\n\t\t\t\t\t\t\t\t\t<p>We deliver your workspace in Aarhus or wherever it suits you. Next, you can customize the platform for the building or fa\u00e7ade task you&#8217;re facing. When you&#8217;re done using your rented workspace, we&#8217;ll come by appointment to pick it up again. You don&#8217;t have to spend time on that, nor do you have to worry about how to get the workstation transported through Aarhus or wherever you are.<\/p>\n\t\t\t\t\t\t\t\t<\/div>\n\t\t\t\t<\/div>\n\t\t\t\t\t<\/div>\n\t\t<\/div>\n\t\t\t\t\t<\/div>\n\t\t<\/section>\n\t\t\t\t<section data-dce-background-color=\"#F8F8F8\" class=\"elementor-section elementor-top-section elementor-element elementor-element-d6e4fac elementor-section-boxed elementor-section-height-default elementor-section-height-default\" data-id=\"d6e4fac\" data-element_type=\"section\" data-e-type=\"section\" data-settings=\"{&quot;background_background&quot;:&quot;classic&quot;}\">\n\t\t\t\t\t\t<div class=\"elementor-container elementor-column-gap-default\">\n\t\t\t\t\t<div data-dce-background-color=\"#FFFFFF\" class=\"elementor-column elementor-col-100 elementor-top-column elementor-element elementor-element-acd46f9\" data-id=\"acd46f9\" data-element_type=\"column\" data-e-type=\"column\" data-settings=\"{&quot;background_background&quot;:&quot;classic&quot;}\">\n\t\t\t<div class=\"elementor-widget-wrap elementor-element-populated\">\n\t\t\t\t\t\t<div data-dce-title-color=\"#1d1d37\" class=\"elementor-element elementor-element-030604f elementor-widget elementor-widget-heading\" data-id=\"030604f\" data-element_type=\"widget\" data-e-type=\"widget\" data-widget_type=\"heading.default\">\n\t\t\t\t<div class=\"elementor-widget-container\">\n\t\t\t\t\t<h3 class=\"elementor-heading-title elementor-size-default\">QUOTATIONS ON MAST CLIMBING WORK PLATFORMS IN AALBORG, AARHUS AND THE SURROUNDING AREAS\n\n<\/h3>\t\t\t\t<\/div>\n\t\t\t\t<\/div>\n\t\t\t\t<div class=\"elementor-element elementor-element-f3b396b elementor-widget-divider--view-line elementor-widget elementor-widget-divider\" data-id=\"f3b396b\" data-element_type=\"widget\" data-e-type=\"widget\" data-widget_type=\"divider.default\">\n\t\t\t\t<div class=\"elementor-widget-container\">\n\t\t\t\t\t\t\t<div class=\"elementor-divider\">\n\t\t\t<span class=\"elementor-divider-separator\">\n\t\t\t\t\t\t<\/span>\n\t\t<\/div>\n\t\t\t\t\t\t<\/div>\n\t\t\t\t<\/div>\n\t\t\t\t<div class=\"elementor-element elementor-element-4f63157 elementor-widget elementor-widget-text-editor\" data-id=\"4f63157\" data-element_type=\"widget\" data-e-type=\"widget\" data-widget_type=\"text-editor.default\">\n\t\t\t\t<div class=\"elementor-widget-container\">\n\t\t\t\t\t\t\t\t\t<p>Platform.as delivers work platforms in Aalborg, Aarhus and the rest of Jutland &#8211; and Zealand for that matter. Are you replacing windows, refreshing your facade or installing balconies? Then get a quote for work platform rental in Aalborg, Aarhus or wherever you have the job. Or contact us for answers if you have questions about using a work platform in Aarhus and the surrounding area for your construction project.<\/p>\n<p>Call us on weekdays to learn more about the possibilities of having a work platform delivered in Aarhus or Aalborg. Or send us an email when you have time. We&#8217;ll get back to you with an answer to your query.<\/p>\n\t\t\t\t\t\t\t\t<\/div>\n\t\t\t\t<\/div>\n\t\t\t\t\t<\/div>\n\t\t<\/div>\n\t\t\t\t\t<\/div>\n\t\t<\/section>\n\t\t\t\t<section class=\"elementor-section elementor-top-section elementor-element elementor-element-ac801bf elementor-section-content-middle elementor-reverse-tablet elementor-section-boxed elementor-section-height-default elementor-section-height-default\" data-id=\"ac801bf\" data-element_type=\"section\" data-e-type=\"section\">\n\t\t\t\t\t\t<div class=\"elementor-container elementor-column-gap-default\">\n\t\t\t\t\t<div data-dce-background-image-url=\"https:\/\/platform.as\/wp-content\/uploads\/2023\/09\/Arbejdsplatforme-brug-loesninger-24.jpg\" class=\"elementor-column elementor-col-50 elementor-top-column elementor-element elementor-element-0861e57\" data-id=\"0861e57\" data-element_type=\"column\" data-e-type=\"column\" data-settings=\"{&quot;background_background&quot;:&quot;classic&quot;}\">\n\t\t\t<div class=\"elementor-widget-wrap elementor-element-populated\">\n\t\t\t\t\t\t<div class=\"elementor-element elementor-element-f8786eb elementor-widget elementor-widget-spacer\" data-id=\"f8786eb\" data-element_type=\"widget\" data-e-type=\"widget\" data-widget_type=\"spacer.default\">\n\t\t\t\t<div class=\"elementor-widget-container\">\n\t\t\t\t\t\t\t<div class=\"elementor-spacer\">\n\t\t\t<div class=\"elementor-spacer-inner\"><\/div>\n\t\t<\/div>\n\t\t\t\t\t\t<\/div>\n\t\t\t\t<\/div>\n\t\t\t\t\t<\/div>\n\t\t<\/div>\n\t\t\t\t<div data-dce-background-overlay-color=\"#CC2200\" data-dce-background-image-url=\"https:\/\/platform.as\/wp-content\/uploads\/2022\/10\/4907157-scaled.jpg\" class=\"elementor-column elementor-col-50 elementor-top-column elementor-element elementor-element-54cae14\" data-id=\"54cae14\" data-element_type=\"column\" data-e-type=\"column\" data-settings=\"{&quot;background_background&quot;:&quot;classic&quot;}\">\n\t\t\t<div class=\"elementor-widget-wrap elementor-element-populated\">\n\t\t\t\t\t<div class=\"elementor-background-overlay\"><\/div>\n\t\t\t\t\t\t<div data-dce-title-color=\"#FFFFFF\" class=\"elementor-element elementor-element-81693a5 elementor-widget elementor-widget-heading\" data-id=\"81693a5\" data-element_type=\"widget\" data-e-type=\"widget\" data-widget_type=\"heading.default\">\n\t\t\t\t<div class=\"elementor-widget-container\">\n\t\t\t\t\t<h3 class=\"elementor-heading-title elementor-size-default\">MAST CLIMBERS IN AARHUS - AN ALTERNATIVE TO SCAFFOLDING\n<\/h3>\t\t\t\t<\/div>\n\t\t\t\t<\/div>\n\t\t\t\t<div class=\"elementor-element elementor-element-5ca41f1 elementor-widget-divider--view-line elementor-widget elementor-widget-divider\" data-id=\"5ca41f1\" data-element_type=\"widget\" data-e-type=\"widget\" data-widget_type=\"divider.default\">\n\t\t\t\t<div class=\"elementor-widget-container\">\n\t\t\t\t\t\t\t<div class=\"elementor-divider\">\n\t\t\t<span class=\"elementor-divider-separator\">\n\t\t\t\t\t\t<\/span>\n\t\t<\/div>\n\t\t\t\t\t\t<\/div>\n\t\t\t\t<\/div>\n\t\t\t\t<div data-dce-text-color=\"#FFFFFF\" class=\"elementor-element elementor-element-7d0fab4 elementor-widget elementor-widget-text-editor\" data-id=\"7d0fab4\" data-element_type=\"widget\" data-e-type=\"widget\" data-widget_type=\"text-editor.default\">\n\t\t\t\t<div class=\"elementor-widget-container\">\n\t\t\t\t\t\t\t\t\t<p>Mobile mast climbing work platforms, which can quickly be moved or lifted up and down, have in recent years become a strong alternative to traditional scaffolding, which are more difficult to move around once they have been set up.<\/p>\n<p>Order your work platform to Aarhus or Aalborg and get all the benefits of being able to start work quickly without spending time assembling scaffolding. This benefits both the person doing the work and the residents whose views are blocked while the work is being done.<\/p>\n\t\t\t\t\t\t\t\t<\/div>\n\t\t\t\t<\/div>\n\t\t\t\t\t<\/div>\n\t\t<\/div>\n\t\t\t\t\t<\/div>\n\t\t<\/section>\n\t\t\t\t<\/div>\n\t\t","protected":false},"excerpt":{"rendered":"<p>SCAFFOLDING IN AARHUS? TRY A MOBILE MAST CLIMBING WORK PLATFORM Do you need scaffolding in Aarhus or the surrounding area? At Platform.as we offer rental and delivery of strong, flexible [&hellip;]<\/p>\n","protected":false},"author":1,"featured_media":3289,"parent":0,"menu_order":0,"comment_status":"closed","ping_status":"closed","template":"","meta":{"_acf_changed":false,"footnotes":""},"class_list":["post-6492","page","type-page","status-publish","has-post-thumbnail","hentry"],"acf":[],"yoast_head":"<!-- This site is optimized with the Yoast SEO plugin v27.1.1 - https:\/\/yoast.com\/product\/yoast-seo-wordpress\/ -->\n<title>Scaffolding in Aarhus? - Try a mast climber from Platform.as<\/title>\n<meta name=\"description\" content=\"Looking to rent scaffolding in Aarhus or the rest of Jutland? Try a mobile mast climber from Platform.as instead \u2192 Read more and get a quotation here.\" \/>\n<meta name=\"robots\" content=\"index, follow, max-snippet:-1, max-image-preview:large, max-video-preview:-1\" \/>\n<link rel=\"canonical\" href=\"https:\/\/platform.as\/en\/mast-climbers-in-jutland\/\" \/>\n<meta property=\"og:locale\" content=\"en_US\" \/>\n<meta property=\"og:type\" content=\"article\" \/>\n<meta property=\"og:title\" content=\"Scaffolding in Aarhus? - Try a mast climber from Platform.as\" \/>\n<meta property=\"og:description\" content=\"Looking to rent scaffolding in Aarhus or the rest of Jutland? Try a mobile mast climber from Platform.as instead \u2192 Read more and get a quotation here.\" \/>\n<meta property=\"og:url\" content=\"https:\/\/platform.as\/en\/mast-climbers-in-jutland\/\" \/>\n<meta property=\"og:site_name\" content=\"Platform AS\" \/>\n<meta property=\"article:modified_time\" content=\"2023-10-25T11:20:31+00:00\" \/>\n<meta property=\"og:image\" content=\"https:\/\/platform.as\/wp-content\/uploads\/2022\/11\/Platform-til-Faerch-og-Co-e1486026701921-1.jpg\" \/>\n\t<meta property=\"og:image:width\" content=\"682\" \/>\n\t<meta property=\"og:image:height\" content=\"455\" \/>\n\t<meta property=\"og:image:type\" content=\"image\/jpeg\" \/>\n<meta name=\"twitter:label1\" content=\"Est. reading time\" \/>\n\t<meta name=\"twitter:data1\" content=\"2 minutes\" \/>\n<script type=\"application\/ld+json\" class=\"yoast-schema-graph\">{\"@context\":\"https:\/\/schema.org\",\"@graph\":[{\"@type\":\"WebPage\",\"@id\":\"https:\/\/platform.as\/en\/mast-climbers-in-jutland\/\",\"url\":\"https:\/\/platform.as\/en\/mast-climbers-in-jutland\/\",\"name\":\"Scaffolding in Aarhus? - Try a mast climber from Platform.as\",\"isPartOf\":{\"@id\":\"https:\/\/platform.as\/en\/#website\"},\"primaryImageOfPage\":{\"@id\":\"https:\/\/platform.as\/en\/mast-climbers-in-jutland\/#primaryimage\"},\"image\":{\"@id\":\"https:\/\/platform.as\/en\/mast-climbers-in-jutland\/#primaryimage\"},\"thumbnailUrl\":\"https:\/\/platform.as\/wp-content\/uploads\/2022\/11\/Platform-til-Faerch-og-Co-e1486026701921-1.jpg\",\"datePublished\":\"2022-11-11T10:47:09+00:00\",\"dateModified\":\"2023-10-25T11:20:31+00:00\",\"description\":\"Looking to rent scaffolding in Aarhus or the rest of Jutland? Try a mobile mast climber from Platform.as instead \u2192 Read more and get a quotation here.\",\"inLanguage\":\"en-US\",\"potentialAction\":[{\"@type\":\"ReadAction\",\"target\":[\"https:\/\/platform.as\/en\/mast-climbers-in-jutland\/\"]}]},{\"@type\":\"ImageObject\",\"inLanguage\":\"en-US\",\"@id\":\"https:\/\/platform.as\/en\/mast-climbers-in-jutland\/#primaryimage\",\"url\":\"https:\/\/platform.as\/wp-content\/uploads\/2022\/11\/Platform-til-Faerch-og-Co-e1486026701921-1.jpg\",\"contentUrl\":\"https:\/\/platform.as\/wp-content\/uploads\/2022\/11\/Platform-til-Faerch-og-Co-e1486026701921-1.jpg\",\"width\":682,\"height\":455},{\"@type\":\"WebSite\",\"@id\":\"https:\/\/platform.as\/en\/#website\",\"url\":\"https:\/\/platform.as\/en\/\",\"name\":\"Platform AS\",\"description\":\"S\u00f8ger du arbejdsplatform til dit byggeprojekt? Hos Platform.as r\u00e5der vi over 360 driftssikre arbejdsplatforme og byggehejs \u2192 F\u00e5 en skr\u00e6ddersyet l\u00f8sning.\",\"publisher\":{\"@id\":\"https:\/\/platform.as\/en\/#organization\"},\"potentialAction\":[{\"@type\":\"SearchAction\",\"target\":{\"@type\":\"EntryPoint\",\"urlTemplate\":\"https:\/\/platform.as\/en\/?s={search_term_string}\"},\"query-input\":{\"@type\":\"PropertyValueSpecification\",\"valueRequired\":true,\"valueName\":\"search_term_string\"}}],\"inLanguage\":\"en-US\"},{\"@type\":\"Organization\",\"@id\":\"https:\/\/platform.as\/en\/#organization\",\"name\":\"Platform AS\",\"url\":\"https:\/\/platform.as\/en\/\",\"logo\":{\"@type\":\"ImageObject\",\"inLanguage\":\"en-US\",\"@id\":\"https:\/\/platform.as\/en\/#\/schema\/logo\/image\/\",\"url\":\"https:\/\/platform.as\/wp-content\/uploads\/2022\/09\/platform_as_logo_black_b.svg\",\"contentUrl\":\"https:\/\/platform.as\/wp-content\/uploads\/2022\/09\/platform_as_logo_black_b.svg\",\"width\":500,\"height\":188,\"caption\":\"Platform AS\"},\"image\":{\"@id\":\"https:\/\/platform.as\/en\/#\/schema\/logo\/image\/\"}}]}<\/script>\n<!-- \/ Yoast SEO plugin. -->","yoast_head_json":{"title":"Scaffolding in Aarhus? - Try a mast climber from Platform.as","description":"Looking to rent scaffolding in Aarhus or the rest of Jutland? Try a mobile mast climber from Platform.as instead \u2192 Read more and get a quotation here.","robots":{"index":"index","follow":"follow","max-snippet":"max-snippet:-1","max-image-preview":"max-image-preview:large","max-video-preview":"max-video-preview:-1"},"canonical":"https:\/\/platform.as\/en\/mast-climbers-in-jutland\/","og_locale":"en_US","og_type":"article","og_title":"Scaffolding in Aarhus? - Try a mast climber from Platform.as","og_description":"Looking to rent scaffolding in Aarhus or the rest of Jutland? Try a mobile mast climber from Platform.as instead \u2192 Read more and get a quotation here.","og_url":"https:\/\/platform.as\/en\/mast-climbers-in-jutland\/","og_site_name":"Platform AS","article_modified_time":"2023-10-25T11:20:31+00:00","og_image":[{"width":682,"height":455,"url":"https:\/\/platform.as\/wp-content\/uploads\/2022\/11\/Platform-til-Faerch-og-Co-e1486026701921-1.jpg","type":"image\/jpeg"}],"twitter_misc":{"Est. reading time":"2 minutes"},"schema":{"@context":"https:\/\/schema.org","@graph":[{"@type":"WebPage","@id":"https:\/\/platform.as\/en\/mast-climbers-in-jutland\/","url":"https:\/\/platform.as\/en\/mast-climbers-in-jutland\/","name":"Scaffolding in Aarhus? - Try a mast climber from Platform.as","isPartOf":{"@id":"https:\/\/platform.as\/en\/#website"},"primaryImageOfPage":{"@id":"https:\/\/platform.as\/en\/mast-climbers-in-jutland\/#primaryimage"},"image":{"@id":"https:\/\/platform.as\/en\/mast-climbers-in-jutland\/#primaryimage"},"thumbnailUrl":"https:\/\/platform.as\/wp-content\/uploads\/2022\/11\/Platform-til-Faerch-og-Co-e1486026701921-1.jpg","datePublished":"2022-11-11T10:47:09+00:00","dateModified":"2023-10-25T11:20:31+00:00","description":"Looking to rent scaffolding in Aarhus or the rest of Jutland? Try a mobile mast climber from Platform.as instead \u2192 Read more and get a quotation here.","inLanguage":"en-US","potentialAction":[{"@type":"ReadAction","target":["https:\/\/platform.as\/en\/mast-climbers-in-jutland\/"]}]},{"@type":"ImageObject","inLanguage":"en-US","@id":"https:\/\/platform.as\/en\/mast-climbers-in-jutland\/#primaryimage","url":"https:\/\/platform.as\/wp-content\/uploads\/2022\/11\/Platform-til-Faerch-og-Co-e1486026701921-1.jpg","contentUrl":"https:\/\/platform.as\/wp-content\/uploads\/2022\/11\/Platform-til-Faerch-og-Co-e1486026701921-1.jpg","width":682,"height":455},{"@type":"WebSite","@id":"https:\/\/platform.as\/en\/#website","url":"https:\/\/platform.as\/en\/","name":"Platform AS","description":"S\u00f8ger du arbejdsplatform til dit byggeprojekt? Hos Platform.as r\u00e5der vi over 360 driftssikre arbejdsplatforme og byggehejs \u2192 F\u00e5 en skr\u00e6ddersyet l\u00f8sning.","publisher":{"@id":"https:\/\/platform.as\/en\/#organization"},"potentialAction":[{"@type":"SearchAction","target":{"@type":"EntryPoint","urlTemplate":"https:\/\/platform.as\/en\/?s={search_term_string}"},"query-input":{"@type":"PropertyValueSpecification","valueRequired":true,"valueName":"search_term_string"}}],"inLanguage":"en-US"},{"@type":"Organization","@id":"https:\/\/platform.as\/en\/#organization","name":"Platform AS","url":"https:\/\/platform.as\/en\/","logo":{"@type":"ImageObject","inLanguage":"en-US","@id":"https:\/\/platform.as\/en\/#\/schema\/logo\/image\/","url":"https:\/\/platform.as\/wp-content\/uploads\/2022\/09\/platform_as_logo_black_b.svg","contentUrl":"https:\/\/platform.as\/wp-content\/uploads\/2022\/09\/platform_as_logo_black_b.svg","width":500,"height":188,"caption":"Platform AS"},"image":{"@id":"https:\/\/platform.as\/en\/#\/schema\/logo\/image\/"}}]}},"_links":{"self":[{"href":"https:\/\/platform.as\/en\/wp-json\/wp\/v2\/pages\/6492","targetHints":{"allow":["GET"]}}],"collection":[{"href":"https:\/\/platform.as\/en\/wp-json\/wp\/v2\/pages"}],"about":[{"href":"https:\/\/platform.as\/en\/wp-json\/wp\/v2\/types\/page"}],"author":[{"embeddable":true,"href":"https:\/\/platform.as\/en\/wp-json\/wp\/v2\/users\/1"}],"replies":[{"embeddable":true,"href":"https:\/\/platform.as\/en\/wp-json\/wp\/v2\/comments?post=6492"}],"version-history":[{"count":4,"href":"https:\/\/platform.as\/en\/wp-json\/wp\/v2\/pages\/6492\/revisions"}],"predecessor-version":[{"id":8852,"href":"https:\/\/platform.as\/en\/wp-json\/wp\/v2\/pages\/6492\/revisions\/8852"}],"wp:featuredmedia":[{"embeddable":true,"href":"https:\/\/platform.as\/en\/wp-json\/wp\/v2\/media\/3289"}],"wp:attachment":[{"href":"https:\/\/platform.as\/en\/wp-json\/wp\/v2\/media?parent=6492"}],"curies":[{"name":"wp","href":"https:\/\/api.w.org\/{rel}","templated":true}]}}