{"id":6494,"date":"2022-11-11T11:52:31","date_gmt":"2022-11-11T10:52:31","guid":{"rendered":"https:\/\/platform.as\/mast-climbers-on-zealand-and-funen\/"},"modified":"2023-10-25T13:53:31","modified_gmt":"2023-10-25T11:53:31","slug":"mast-climbers-on-zealand-and-funen","status":"publish","type":"page","link":"https:\/\/platform.as\/en\/mast-climbers-on-zealand-and-funen\/","title":{"rendered":"Mast climbers on Zealand and Funen"},"content":{"rendered":"\t\t<div data-elementor-type=\"wp-page\" data-elementor-id=\"6494\" class=\"elementor elementor-6494 elementor-3296\" data-elementor-post-type=\"page\">\n\t\t\t\t\t\t<section class=\"elementor-section elementor-top-section elementor-element elementor-element-6236c75 elementor-section-boxed elementor-section-height-default elementor-section-height-default\" data-id=\"6236c75\" data-element_type=\"section\" data-e-type=\"section\" data-settings=\"{&quot;background_background&quot;:&quot;classic&quot;}\">\n\t\t\t\t\t\t\t<div class=\"elementor-background-overlay\"><\/div>\n\t\t\t\t\t\t\t<div class=\"elementor-container elementor-column-gap-default\">\n\t\t\t\t\t<div class=\"elementor-column elementor-col-100 elementor-top-column elementor-element elementor-element-ad2e18e\" data-id=\"ad2e18e\" data-element_type=\"column\" data-e-type=\"column\">\n\t\t\t<div class=\"elementor-widget-wrap elementor-element-populated\">\n\t\t\t\t\t\t<section class=\"elementor-section elementor-inner-section elementor-element elementor-element-6cdb9d4 elementor-section-content-middle elementor-section-boxed elementor-section-height-default elementor-section-height-default\" data-id=\"6cdb9d4\" data-element_type=\"section\" data-e-type=\"section\">\n\t\t\t\t\t\t<div class=\"elementor-container elementor-column-gap-wider\">\n\t\t\t\t\t<div class=\"elementor-column elementor-col-100 elementor-inner-column elementor-element elementor-element-3c379ff\" data-id=\"3c379ff\" data-element_type=\"column\" data-e-type=\"column\">\n\t\t\t<div class=\"elementor-widget-wrap elementor-element-populated\">\n\t\t\t\t\t\t<div class=\"elementor-element elementor-element-9891379 elementor-invisible elementor-widget elementor-widget-heading\" data-id=\"9891379\" data-element_type=\"widget\" data-e-type=\"widget\" data-settings=\"{&quot;_animation&quot;:&quot;fadeIn&quot;}\" data-widget_type=\"heading.default\">\n\t\t\t\t<div class=\"elementor-widget-container\">\n\t\t\t\t\t<h2 class=\"elementor-heading-title elementor-size-default\">SCAFFOLDING IN COPENHAGEN?<br>\nTRY A MOBILE MAST CLIMBING WORK PLATFORM<\/h2>\t\t\t\t<\/div>\n\t\t\t\t<\/div>\n\t\t\t\t<div class=\"elementor-element elementor-element-e2b67c8 elementor-widget elementor-widget-text-editor\" data-id=\"e2b67c8\" data-element_type=\"widget\" data-e-type=\"widget\" data-widget_type=\"text-editor.default\">\n\t\t\t\t<div class=\"elementor-widget-container\">\n\t\t\t\t\t\t\t\t\t<p>Are you in need of scaffolding in Copenhagen or Odense? We deliver modern mobile mast climbing work platforms throughout the country, wherever your construction projects take place. <\/p>\n<p>With a platform, you can reach the heights without having to spend a lot of time setting up traditional scaffolding. The mast climbing work platform is quick to assemble, and we will make sure that the mast climbing work platform is set up correctly, so that you can start working right away. <\/p>\n\t\t\t\t\t\t\t\t<\/div>\n\t\t\t\t<\/div>\n\t\t\t\t<div data-dce-background-color=\"#FFFFFF\" class=\"elementor-element elementor-element-b346af9 elementor-mobile-align-left elementor-align-center elementor-widget elementor-widget-button\" data-id=\"b346af9\" data-element_type=\"widget\" data-e-type=\"widget\" data-widget_type=\"button.default\">\n\t\t\t\t<div class=\"elementor-widget-container\">\n\t\t\t\t\t\t\t\t\t<div class=\"elementor-button-wrapper\">\n\t\t\t\t\t<a class=\"elementor-button elementor-button-link elementor-size-sm\" href=\"#kontaktos\">\n\t\t\t\t\t\t<span class=\"elementor-button-content-wrapper\">\n\t\t\t\t\t\t\t\t\t<span class=\"elementor-button-text\">Contact us for more information<\/span>\n\t\t\t\t\t<\/span>\n\t\t\t\t\t<\/a>\n\t\t\t\t<\/div>\n\t\t\t\t\t\t\t\t<\/div>\n\t\t\t\t<\/div>\n\t\t\t\t\t<\/div>\n\t\t<\/div>\n\t\t\t\t\t<\/div>\n\t\t<\/section>\n\t\t\t\t\t<\/div>\n\t\t<\/div>\n\t\t\t\t\t<\/div>\n\t\t<\/section>\n\t\t\t\t<section data-dce-background-image-url=\"https:\/\/platform.as\/wp-content\/uploads\/2022\/11\/Platform_brochure_0146_KB-copy-scaled.jpg\" class=\"elementor-section elementor-top-section elementor-element elementor-element-ec92dfc elementor-section-full_width elementor-section-content-middle elementor-section-height-default elementor-section-height-default\" data-id=\"ec92dfc\" data-element_type=\"section\" data-e-type=\"section\" data-settings=\"{&quot;background_background&quot;:&quot;classic&quot;}\">\n\t\t\t\t\t\t<div class=\"elementor-container elementor-column-gap-default\">\n\t\t\t\t\t<div data-dce-background-color=\"#CC2200D9\" class=\"elementor-column elementor-col-50 elementor-top-column elementor-element elementor-element-2bdea1fa\" data-id=\"2bdea1fa\" data-element_type=\"column\" data-e-type=\"column\" data-settings=\"{&quot;background_background&quot;:&quot;classic&quot;}\">\n\t\t\t<div class=\"elementor-widget-wrap elementor-element-populated\">\n\t\t\t\t\t<div class=\"elementor-background-overlay\"><\/div>\n\t\t\t\t\t\t<div data-dce-title-color=\"#FFFFFF\" class=\"elementor-element elementor-element-496f0874 elementor-widget elementor-widget-heading\" data-id=\"496f0874\" data-element_type=\"widget\" data-e-type=\"widget\" data-settings=\"{&quot;_animation&quot;:&quot;none&quot;}\" data-widget_type=\"heading.default\">\n\t\t\t\t<div class=\"elementor-widget-container\">\n\t\t\t\t\t<h1 class=\"elementor-heading-title elementor-size-default\">MOBILE MAST CLIMBING WORK PLATFORM<\/h1>\t\t\t\t<\/div>\n\t\t\t\t<\/div>\n\t\t\t\t<div class=\"elementor-element elementor-element-4e900b44 elementor-widget-divider--view-line elementor-widget elementor-widget-divider\" data-id=\"4e900b44\" data-element_type=\"widget\" data-e-type=\"widget\" data-widget_type=\"divider.default\">\n\t\t\t\t<div class=\"elementor-widget-container\">\n\t\t\t\t\t\t\t<div class=\"elementor-divider\">\n\t\t\t<span class=\"elementor-divider-separator\">\n\t\t\t\t\t\t<\/span>\n\t\t<\/div>\n\t\t\t\t\t\t<\/div>\n\t\t\t\t<\/div>\n\t\t\t\t<div data-dce-text-color=\"#FFFFFF\" class=\"elementor-element elementor-element-2d1d3528 elementor-widget elementor-widget-text-editor\" data-id=\"2d1d3528\" data-element_type=\"widget\" data-e-type=\"widget\" data-widget_type=\"text-editor.default\">\n\t\t\t\t<div class=\"elementor-widget-container\">\n\t\t\t\t\t\t\t\t\t<p>Choose from more than 4 different types of platforms with delivery in the Copenhagen area, the rest of Zealand, Funen and Jutland. With our large selection, you can always get exactly the mast climbing work platform that suits your needs. And with lots of extra equipment, we can meet all needs in construction and project planning.  <\/p>\n\t\t\t\t\t\t\t\t<\/div>\n\t\t\t\t<\/div>\n\t\t\t\t\t<\/div>\n\t\t<\/div>\n\t\t\t\t<div class=\"elementor-column elementor-col-50 elementor-top-column elementor-element elementor-element-4f069d00 elementor-hidden-tablet_extra elementor-hidden-tablet elementor-hidden-mobile\" data-id=\"4f069d00\" data-element_type=\"column\" data-e-type=\"column\" data-settings=\"{&quot;background_background&quot;:&quot;classic&quot;}\">\n\t\t\t<div class=\"elementor-widget-wrap elementor-element-populated\">\n\t\t\t\t\t\t<div class=\"elementor-element elementor-element-7c4ffedd elementor-widget elementor-widget-spacer\" data-id=\"7c4ffedd\" data-element_type=\"widget\" data-e-type=\"widget\" data-widget_type=\"spacer.default\">\n\t\t\t\t<div class=\"elementor-widget-container\">\n\t\t\t\t\t\t\t<div class=\"elementor-spacer\">\n\t\t\t<div class=\"elementor-spacer-inner\"><\/div>\n\t\t<\/div>\n\t\t\t\t\t\t<\/div>\n\t\t\t\t<\/div>\n\t\t\t\t\t<\/div>\n\t\t<\/div>\n\t\t\t\t\t<\/div>\n\t\t<\/section>\n\t\t\t\t<section data-dce-background-color=\"#F8F8F8\" class=\"elementor-section elementor-top-section elementor-element elementor-element-ea965bf elementor-section-boxed elementor-section-height-default elementor-section-height-default\" data-id=\"ea965bf\" data-element_type=\"section\" data-e-type=\"section\" data-settings=\"{&quot;background_background&quot;:&quot;classic&quot;}\">\n\t\t\t\t\t\t<div class=\"elementor-container elementor-column-gap-default\">\n\t\t\t\t\t<div data-dce-background-color=\"#FFFFFF\" class=\"elementor-column elementor-col-100 elementor-top-column elementor-element elementor-element-badc5bd\" data-id=\"badc5bd\" data-element_type=\"column\" data-e-type=\"column\" data-settings=\"{&quot;background_background&quot;:&quot;classic&quot;}\">\n\t\t\t<div class=\"elementor-widget-wrap elementor-element-populated\">\n\t\t\t\t\t\t<div data-dce-title-color=\"#1d1d37\" class=\"elementor-element elementor-element-c435592 elementor-widget elementor-widget-heading\" data-id=\"c435592\" data-element_type=\"widget\" data-e-type=\"widget\" data-widget_type=\"heading.default\">\n\t\t\t\t<div class=\"elementor-widget-container\">\n\t\t\t\t\t<h3 class=\"elementor-heading-title elementor-size-default\">QUOTATIONS ON MAST CLIMBING WORKING PLATFORMS IN COPENHAGEN, ODENSE AND THE REST OF DENMARK\n<\/h3>\t\t\t\t<\/div>\n\t\t\t\t<\/div>\n\t\t\t\t<div class=\"elementor-element elementor-element-0deb86e elementor-widget-divider--view-line elementor-widget elementor-widget-divider\" data-id=\"0deb86e\" data-element_type=\"widget\" data-e-type=\"widget\" data-widget_type=\"divider.default\">\n\t\t\t\t<div class=\"elementor-widget-container\">\n\t\t\t\t\t\t\t<div class=\"elementor-divider\">\n\t\t\t<span class=\"elementor-divider-separator\">\n\t\t\t\t\t\t<\/span>\n\t\t<\/div>\n\t\t\t\t\t\t<\/div>\n\t\t\t\t<\/div>\n\t\t\t\t<div class=\"elementor-element elementor-element-45c7491 elementor-widget elementor-widget-text-editor\" data-id=\"45c7491\" data-element_type=\"widget\" data-e-type=\"widget\" data-widget_type=\"text-editor.default\">\n\t\t\t\t<div class=\"elementor-widget-container\">\n\t\t\t\t\t\t\t\t\t<p>Platform.as provides mast climbers as an alternative to scaffolding in Copenhagen, Odense and the rest of Denmark. We deliver mast climbing work platforms in Copenhagen, Odense and throughout the rest of the country, when you are in need of a safe, fast and flexible solution for your facade project. <br \/>If you are curious to get an insight on how a mast climbing work platform can be used in classic Copenhagen construction, or for setting up balconies or renovating facades, then take a look at our <a href=\"#\">cases<\/a>. There, you can see several examples of use of mast climbers in both Copenhagen and Odense as well as other projects around the country.<\/p>\n\t\t\t\t\t\t\t\t<\/div>\n\t\t\t\t<\/div>\n\t\t\t\t\t<\/div>\n\t\t<\/div>\n\t\t\t\t\t<\/div>\n\t\t<\/section>\n\t\t\t\t<section class=\"elementor-section elementor-top-section elementor-element elementor-element-3cea708 elementor-section-content-middle elementor-reverse-tablet elementor-section-boxed elementor-section-height-default elementor-section-height-default\" data-id=\"3cea708\" data-element_type=\"section\" data-e-type=\"section\">\n\t\t\t\t\t\t<div class=\"elementor-container elementor-column-gap-default\">\n\t\t\t\t\t<div data-dce-background-image-url=\"https:\/\/platform.as\/wp-content\/uploads\/2023\/10\/Kontakt-os-Sjaelland-2-1200x900-1.jpg\" class=\"elementor-column elementor-col-50 elementor-top-column elementor-element elementor-element-99b17c0\" data-id=\"99b17c0\" data-element_type=\"column\" data-e-type=\"column\" data-settings=\"{&quot;background_background&quot;:&quot;classic&quot;}\">\n\t\t\t<div class=\"elementor-widget-wrap elementor-element-populated\">\n\t\t\t\t\t\t<div class=\"elementor-element elementor-element-b47690a elementor-widget elementor-widget-spacer\" data-id=\"b47690a\" data-element_type=\"widget\" data-e-type=\"widget\" data-widget_type=\"spacer.default\">\n\t\t\t\t<div class=\"elementor-widget-container\">\n\t\t\t\t\t\t\t<div class=\"elementor-spacer\">\n\t\t\t<div class=\"elementor-spacer-inner\"><\/div>\n\t\t<\/div>\n\t\t\t\t\t\t<\/div>\n\t\t\t\t<\/div>\n\t\t\t\t\t<\/div>\n\t\t<\/div>\n\t\t\t\t<div data-dce-background-overlay-color=\"#CC2200\" data-dce-background-image-url=\"https:\/\/platform.as\/wp-content\/uploads\/2022\/10\/4907157-scaled.jpg\" class=\"elementor-column elementor-col-50 elementor-top-column elementor-element elementor-element-97079bb\" data-id=\"97079bb\" data-element_type=\"column\" data-e-type=\"column\" data-settings=\"{&quot;background_background&quot;:&quot;classic&quot;}\">\n\t\t\t<div class=\"elementor-widget-wrap elementor-element-populated\">\n\t\t\t\t\t<div class=\"elementor-background-overlay\"><\/div>\n\t\t\t\t\t\t<div data-dce-title-color=\"#FFFFFF\" class=\"elementor-element elementor-element-3357553 elementor-widget elementor-widget-heading\" data-id=\"3357553\" data-element_type=\"widget\" data-e-type=\"widget\" data-widget_type=\"heading.default\">\n\t\t\t\t<div class=\"elementor-widget-container\">\n\t\t\t\t\t<h3 class=\"elementor-heading-title elementor-size-default\">MAST CLIMBERS IN COPENHAGEN - AN ALTERNATIVE TO SCAFFOLDING\n<\/h3>\t\t\t\t<\/div>\n\t\t\t\t<\/div>\n\t\t\t\t<div class=\"elementor-element elementor-element-e5c89a8 elementor-widget-divider--view-line elementor-widget elementor-widget-divider\" data-id=\"e5c89a8\" data-element_type=\"widget\" data-e-type=\"widget\" data-widget_type=\"divider.default\">\n\t\t\t\t<div class=\"elementor-widget-container\">\n\t\t\t\t\t\t\t<div class=\"elementor-divider\">\n\t\t\t<span class=\"elementor-divider-separator\">\n\t\t\t\t\t\t<\/span>\n\t\t<\/div>\n\t\t\t\t\t\t<\/div>\n\t\t\t\t<\/div>\n\t\t\t\t<div data-dce-text-color=\"#FFFFFF\" class=\"elementor-element elementor-element-79f7eb5 elementor-widget elementor-widget-text-editor\" data-id=\"79f7eb5\" data-element_type=\"widget\" data-e-type=\"widget\" data-widget_type=\"text-editor.default\">\n\t\t\t\t<div class=\"elementor-widget-container\">\n\t\t\t\t\t\t\t\t\t<p>Mast climbers make it easier to coordinate manpower, tools and materials and to easily hoist the needed materials up to the workspot. For example, we have helped with a mast climbing working platform in Copenhagen for setting up balconies, where it is a great advantage being able to easily and quickly set the working height for the platform. <\/p>\n<p>Have you previously used scaffolding solutions and found that it is difficult to hoist materials and personnel up? Or that the residents of the property complain that the scaffolding has been standing for days, blocking the daylight and view? At Platform.as, we experience that mast climbers in Odense, Copenhagen and other major cities are becoming more and more popular. Are you also interested in getting a mast climbing work platform delivered in Copenhagen, Odense, Aarhus or the rest of Denmark?   <\/p>\n\t\t\t\t\t\t\t\t<\/div>\n\t\t\t\t<\/div>\n\t\t\t\t\t<\/div>\n\t\t<\/div>\n\t\t\t\t\t<\/div>\n\t\t<\/section>\n\t\t\t\t<\/div>\n\t\t","protected":false},"excerpt":{"rendered":"<p>SCAFFOLDING IN COPENHAGEN? TRY A MOBILE MAST CLIMBING WORK PLATFORM Are you in need of scaffolding in Copenhagen or Odense? We deliver modern mobile mast climbing work platforms throughout the [&hellip;]<\/p>\n","protected":false},"author":1,"featured_media":3298,"parent":0,"menu_order":0,"comment_status":"closed","ping_status":"closed","template":"","meta":{"_acf_changed":false,"footnotes":""},"class_list":["post-6494","page","type-page","status-publish","has-post-thumbnail","hentry"],"acf":[],"yoast_head":"<!-- This site is optimized with the Yoast SEO plugin v27.1.1 - https:\/\/yoast.com\/product\/yoast-seo-wordpress\/ -->\n<title>Scaffolding in Copenhagen? Try a mast climber - Platform.as<\/title>\n<meta name=\"description\" content=\"Looking to rent scaffolding in Copenhagen or in the rest of Zealand or Funen? Try a mobile mast climber from Platform.as \u2192 Read more and get a quotation!\" \/>\n<meta name=\"robots\" content=\"index, follow, max-snippet:-1, max-image-preview:large, max-video-preview:-1\" \/>\n<link rel=\"canonical\" href=\"https:\/\/platform.as\/en\/mast-climbers-on-zealand-and-funen\/\" \/>\n<meta property=\"og:locale\" content=\"en_US\" \/>\n<meta property=\"og:type\" content=\"article\" \/>\n<meta property=\"og:title\" content=\"Scaffolding in Copenhagen? Try a mast climber - Platform.as\" \/>\n<meta property=\"og:description\" content=\"Looking to rent scaffolding in Copenhagen or in the rest of Zealand or Funen? Try a mobile mast climber from Platform.as \u2192 Read more and get a quotation!\" \/>\n<meta property=\"og:url\" content=\"https:\/\/platform.as\/en\/mast-climbers-on-zealand-and-funen\/\" \/>\n<meta property=\"og:site_name\" content=\"Platform AS\" \/>\n<meta property=\"article:modified_time\" content=\"2023-10-25T11:53:31+00:00\" \/>\n<meta property=\"og:image\" content=\"https:\/\/platform.as\/wp-content\/uploads\/2022\/11\/Platform_brochure_0146_KB-copy-scaled.jpg\" \/>\n\t<meta property=\"og:image:width\" content=\"2560\" \/>\n\t<meta property=\"og:image:height\" content=\"1706\" \/>\n\t<meta property=\"og:image:type\" content=\"image\/jpeg\" \/>\n<meta name=\"twitter:label1\" content=\"Est. reading time\" \/>\n\t<meta name=\"twitter:data1\" content=\"2 minutes\" \/>\n<script type=\"application\/ld+json\" class=\"yoast-schema-graph\">{\"@context\":\"https:\/\/schema.org\",\"@graph\":[{\"@type\":\"WebPage\",\"@id\":\"https:\/\/platform.as\/en\/mast-climbers-on-zealand-and-funen\/\",\"url\":\"https:\/\/platform.as\/en\/mast-climbers-on-zealand-and-funen\/\",\"name\":\"Scaffolding in Copenhagen? Try a mast climber - Platform.as\",\"isPartOf\":{\"@id\":\"https:\/\/platform.as\/en\/#website\"},\"primaryImageOfPage\":{\"@id\":\"https:\/\/platform.as\/en\/mast-climbers-on-zealand-and-funen\/#primaryimage\"},\"image\":{\"@id\":\"https:\/\/platform.as\/en\/mast-climbers-on-zealand-and-funen\/#primaryimage\"},\"thumbnailUrl\":\"https:\/\/platform.as\/wp-content\/uploads\/2022\/11\/Platform_brochure_0146_KB-copy-scaled.jpg\",\"datePublished\":\"2022-11-11T10:52:31+00:00\",\"dateModified\":\"2023-10-25T11:53:31+00:00\",\"description\":\"Looking to rent scaffolding in Copenhagen or in the rest of Zealand or Funen? Try a mobile mast climber from Platform.as \u2192 Read more and get a quotation!\",\"inLanguage\":\"en-US\",\"potentialAction\":[{\"@type\":\"ReadAction\",\"target\":[\"https:\/\/platform.as\/en\/mast-climbers-on-zealand-and-funen\/\"]}]},{\"@type\":\"ImageObject\",\"inLanguage\":\"en-US\",\"@id\":\"https:\/\/platform.as\/en\/mast-climbers-on-zealand-and-funen\/#primaryimage\",\"url\":\"https:\/\/platform.as\/wp-content\/uploads\/2022\/11\/Platform_brochure_0146_KB-copy-scaled.jpg\",\"contentUrl\":\"https:\/\/platform.as\/wp-content\/uploads\/2022\/11\/Platform_brochure_0146_KB-copy-scaled.jpg\",\"width\":2560,\"height\":1706,\"caption\":\"Platform. Til ny pjece\"},{\"@type\":\"WebSite\",\"@id\":\"https:\/\/platform.as\/en\/#website\",\"url\":\"https:\/\/platform.as\/en\/\",\"name\":\"Platform AS\",\"description\":\"S\u00f8ger du arbejdsplatform til dit byggeprojekt? Hos Platform.as r\u00e5der vi over 360 driftssikre arbejdsplatforme og byggehejs \u2192 F\u00e5 en skr\u00e6ddersyet l\u00f8sning.\",\"publisher\":{\"@id\":\"https:\/\/platform.as\/en\/#organization\"},\"potentialAction\":[{\"@type\":\"SearchAction\",\"target\":{\"@type\":\"EntryPoint\",\"urlTemplate\":\"https:\/\/platform.as\/en\/?s={search_term_string}\"},\"query-input\":{\"@type\":\"PropertyValueSpecification\",\"valueRequired\":true,\"valueName\":\"search_term_string\"}}],\"inLanguage\":\"en-US\"},{\"@type\":\"Organization\",\"@id\":\"https:\/\/platform.as\/en\/#organization\",\"name\":\"Platform AS\",\"url\":\"https:\/\/platform.as\/en\/\",\"logo\":{\"@type\":\"ImageObject\",\"inLanguage\":\"en-US\",\"@id\":\"https:\/\/platform.as\/en\/#\/schema\/logo\/image\/\",\"url\":\"https:\/\/platform.as\/wp-content\/uploads\/2022\/09\/platform_as_logo_black_b.svg\",\"contentUrl\":\"https:\/\/platform.as\/wp-content\/uploads\/2022\/09\/platform_as_logo_black_b.svg\",\"width\":500,\"height\":188,\"caption\":\"Platform AS\"},\"image\":{\"@id\":\"https:\/\/platform.as\/en\/#\/schema\/logo\/image\/\"}}]}<\/script>\n<!-- \/ Yoast SEO plugin. -->","yoast_head_json":{"title":"Scaffolding in Copenhagen? Try a mast climber - Platform.as","description":"Looking to rent scaffolding in Copenhagen or in the rest of Zealand or Funen? Try a mobile mast climber from Platform.as \u2192 Read more and get a quotation!","robots":{"index":"index","follow":"follow","max-snippet":"max-snippet:-1","max-image-preview":"max-image-preview:large","max-video-preview":"max-video-preview:-1"},"canonical":"https:\/\/platform.as\/en\/mast-climbers-on-zealand-and-funen\/","og_locale":"en_US","og_type":"article","og_title":"Scaffolding in Copenhagen? Try a mast climber - Platform.as","og_description":"Looking to rent scaffolding in Copenhagen or in the rest of Zealand or Funen? Try a mobile mast climber from Platform.as \u2192 Read more and get a quotation!","og_url":"https:\/\/platform.as\/en\/mast-climbers-on-zealand-and-funen\/","og_site_name":"Platform AS","article_modified_time":"2023-10-25T11:53:31+00:00","og_image":[{"width":2560,"height":1706,"url":"https:\/\/platform.as\/wp-content\/uploads\/2022\/11\/Platform_brochure_0146_KB-copy-scaled.jpg","type":"image\/jpeg"}],"twitter_misc":{"Est. reading time":"2 minutes"},"schema":{"@context":"https:\/\/schema.org","@graph":[{"@type":"WebPage","@id":"https:\/\/platform.as\/en\/mast-climbers-on-zealand-and-funen\/","url":"https:\/\/platform.as\/en\/mast-climbers-on-zealand-and-funen\/","name":"Scaffolding in Copenhagen? Try a mast climber - Platform.as","isPartOf":{"@id":"https:\/\/platform.as\/en\/#website"},"primaryImageOfPage":{"@id":"https:\/\/platform.as\/en\/mast-climbers-on-zealand-and-funen\/#primaryimage"},"image":{"@id":"https:\/\/platform.as\/en\/mast-climbers-on-zealand-and-funen\/#primaryimage"},"thumbnailUrl":"https:\/\/platform.as\/wp-content\/uploads\/2022\/11\/Platform_brochure_0146_KB-copy-scaled.jpg","datePublished":"2022-11-11T10:52:31+00:00","dateModified":"2023-10-25T11:53:31+00:00","description":"Looking to rent scaffolding in Copenhagen or in the rest of Zealand or Funen? Try a mobile mast climber from Platform.as \u2192 Read more and get a quotation!","inLanguage":"en-US","potentialAction":[{"@type":"ReadAction","target":["https:\/\/platform.as\/en\/mast-climbers-on-zealand-and-funen\/"]}]},{"@type":"ImageObject","inLanguage":"en-US","@id":"https:\/\/platform.as\/en\/mast-climbers-on-zealand-and-funen\/#primaryimage","url":"https:\/\/platform.as\/wp-content\/uploads\/2022\/11\/Platform_brochure_0146_KB-copy-scaled.jpg","contentUrl":"https:\/\/platform.as\/wp-content\/uploads\/2022\/11\/Platform_brochure_0146_KB-copy-scaled.jpg","width":2560,"height":1706,"caption":"Platform. Til ny pjece"},{"@type":"WebSite","@id":"https:\/\/platform.as\/en\/#website","url":"https:\/\/platform.as\/en\/","name":"Platform AS","description":"S\u00f8ger du arbejdsplatform til dit byggeprojekt? Hos Platform.as r\u00e5der vi over 360 driftssikre arbejdsplatforme og byggehejs \u2192 F\u00e5 en skr\u00e6ddersyet l\u00f8sning.","publisher":{"@id":"https:\/\/platform.as\/en\/#organization"},"potentialAction":[{"@type":"SearchAction","target":{"@type":"EntryPoint","urlTemplate":"https:\/\/platform.as\/en\/?s={search_term_string}"},"query-input":{"@type":"PropertyValueSpecification","valueRequired":true,"valueName":"search_term_string"}}],"inLanguage":"en-US"},{"@type":"Organization","@id":"https:\/\/platform.as\/en\/#organization","name":"Platform AS","url":"https:\/\/platform.as\/en\/","logo":{"@type":"ImageObject","inLanguage":"en-US","@id":"https:\/\/platform.as\/en\/#\/schema\/logo\/image\/","url":"https:\/\/platform.as\/wp-content\/uploads\/2022\/09\/platform_as_logo_black_b.svg","contentUrl":"https:\/\/platform.as\/wp-content\/uploads\/2022\/09\/platform_as_logo_black_b.svg","width":500,"height":188,"caption":"Platform AS"},"image":{"@id":"https:\/\/platform.as\/en\/#\/schema\/logo\/image\/"}}]}},"_links":{"self":[{"href":"https:\/\/platform.as\/en\/wp-json\/wp\/v2\/pages\/6494","targetHints":{"allow":["GET"]}}],"collection":[{"href":"https:\/\/platform.as\/en\/wp-json\/wp\/v2\/pages"}],"about":[{"href":"https:\/\/platform.as\/en\/wp-json\/wp\/v2\/types\/page"}],"author":[{"embeddable":true,"href":"https:\/\/platform.as\/en\/wp-json\/wp\/v2\/users\/1"}],"replies":[{"embeddable":true,"href":"https:\/\/platform.as\/en\/wp-json\/wp\/v2\/comments?post=6494"}],"version-history":[{"count":2,"href":"https:\/\/platform.as\/en\/wp-json\/wp\/v2\/pages\/6494\/revisions"}],"predecessor-version":[{"id":8861,"href":"https:\/\/platform.as\/en\/wp-json\/wp\/v2\/pages\/6494\/revisions\/8861"}],"wp:featuredmedia":[{"embeddable":true,"href":"https:\/\/platform.as\/en\/wp-json\/wp\/v2\/media\/3298"}],"wp:attachment":[{"href":"https:\/\/platform.as\/en\/wp-json\/wp\/v2\/media?parent=6494"}],"curies":[{"name":"wp","href":"https:\/\/api.w.org\/{rel}","templated":true}]}}