{"id":6603,"date":"2022-11-11T11:38:50","date_gmt":"2022-11-11T10:38:50","guid":{"rendered":"https:\/\/platform.as\/scaffolding\/moveable-tower-scaffolding\/"},"modified":"2023-01-25T10:59:27","modified_gmt":"2023-01-25T09:59:27","slug":"moveable-tower-scaffolding","status":"publish","type":"page","link":"https:\/\/platform.as\/en\/scaffolding\/moveable-tower-scaffolding\/","title":{"rendered":"Moveable tower scaffolding"},"content":{"rendered":"\t\t<div data-elementor-type=\"wp-page\" data-elementor-id=\"6603\" class=\"elementor elementor-6603 elementor-3272\" data-elementor-post-type=\"page\">\n\t\t\t\t\t\t<section class=\"elementor-section elementor-top-section elementor-element elementor-element-ab638ae elementor-section-boxed elementor-section-height-default elementor-section-height-default\" data-id=\"ab638ae\" data-element_type=\"section\" data-e-type=\"section\" data-settings=\"{&quot;background_background&quot;:&quot;classic&quot;}\">\n\t\t\t\t\t\t\t<div class=\"elementor-background-overlay\"><\/div>\n\t\t\t\t\t\t\t<div class=\"elementor-container elementor-column-gap-default\">\n\t\t\t\t\t<div class=\"elementor-column elementor-col-100 elementor-top-column elementor-element elementor-element-fbcc516\" data-id=\"fbcc516\" data-element_type=\"column\" data-e-type=\"column\">\n\t\t\t<div class=\"elementor-widget-wrap elementor-element-populated\">\n\t\t\t\t\t\t<section class=\"elementor-section elementor-inner-section elementor-element elementor-element-dd58d71 elementor-section-content-middle elementor-section-boxed elementor-section-height-default elementor-section-height-default\" data-id=\"dd58d71\" data-element_type=\"section\" data-e-type=\"section\">\n\t\t\t\t\t\t<div class=\"elementor-container elementor-column-gap-wider\">\n\t\t\t\t\t<div class=\"elementor-column elementor-col-100 elementor-inner-column elementor-element elementor-element-35006c2\" data-id=\"35006c2\" data-element_type=\"column\" data-e-type=\"column\">\n\t\t\t<div class=\"elementor-widget-wrap elementor-element-populated\">\n\t\t\t\t\t\t<div class=\"elementor-element elementor-element-f390183 elementor-invisible elementor-widget elementor-widget-heading\" data-id=\"f390183\" data-element_type=\"widget\" data-e-type=\"widget\" data-settings=\"{&quot;_animation&quot;:&quot;fadeIn&quot;}\" data-widget_type=\"heading.default\">\n\t\t\t\t<div class=\"elementor-widget-container\">\n\t\t\t\t\t<h1 class=\"elementor-heading-title elementor-size-default\">Moveable tower scaffolding<\/h1>\t\t\t\t<\/div>\n\t\t\t\t<\/div>\n\t\t\t\t<div class=\"elementor-element elementor-element-7972a37 elementor-widget elementor-widget-text-editor\" data-id=\"7972a37\" data-element_type=\"widget\" data-e-type=\"widget\" data-widget_type=\"text-editor.default\">\n\t\t\t\t<div class=\"elementor-widget-container\">\n\t\t\t\t\t\t\t\t\t<p>A moveable tower scaffold is known as one of the more flexible solutions when it comes to classic scaffolding. A moveable tower scaffold has wheels, which makes it easy to move around as needed. <\/p>\n\t\t\t\t\t\t\t\t<\/div>\n\t\t\t\t<\/div>\n\t\t\t\t<div data-dce-background-color=\"#CC220000\" class=\"elementor-element elementor-element-d8bb00a elementor-mobile-align-left elementor-widget elementor-widget-button\" data-id=\"d8bb00a\" data-element_type=\"widget\" data-e-type=\"widget\" data-widget_type=\"button.default\">\n\t\t\t\t<div class=\"elementor-widget-container\">\n\t\t\t\t\t\t\t\t\t<div class=\"elementor-button-wrapper\">\n\t\t\t\t\t<a class=\"elementor-button elementor-button-link elementor-size-sm\" href=\"#kontaktos\">\n\t\t\t\t\t\t<span class=\"elementor-button-content-wrapper\">\n\t\t\t\t\t\t\t\t\t<span class=\"elementor-button-text\">Contact us for more information<\/span>\n\t\t\t\t\t<\/span>\n\t\t\t\t\t<\/a>\n\t\t\t\t<\/div>\n\t\t\t\t\t\t\t\t<\/div>\n\t\t\t\t<\/div>\n\t\t\t\t\t<\/div>\n\t\t<\/div>\n\t\t\t\t\t<\/div>\n\t\t<\/section>\n\t\t\t\t\t<\/div>\n\t\t<\/div>\n\t\t\t\t\t<\/div>\n\t\t<\/section>\n\t\t\t\t<section class=\"elementor-section elementor-top-section elementor-element elementor-element-59aa41a elementor-section-boxed elementor-section-height-default elementor-section-height-default\" data-id=\"59aa41a\" data-element_type=\"section\" data-e-type=\"section\" data-settings=\"{&quot;background_background&quot;:&quot;classic&quot;}\">\n\t\t\t\t\t\t\t<div class=\"elementor-background-overlay\"><\/div>\n\t\t\t\t\t\t\t<div class=\"elementor-container elementor-column-gap-default\">\n\t\t\t\t\t<div data-dce-background-color=\"#FFFFFF\" class=\"elementor-column elementor-col-50 elementor-top-column elementor-element elementor-element-1f00e82\" data-id=\"1f00e82\" data-element_type=\"column\" data-e-type=\"column\" data-settings=\"{&quot;background_background&quot;:&quot;classic&quot;}\">\n\t\t\t<div class=\"elementor-widget-wrap elementor-element-populated\">\n\t\t\t\t\t\t<div class=\"elementor-element elementor-element-ae0a66b elementor-widget elementor-widget-heading\" data-id=\"ae0a66b\" data-element_type=\"widget\" data-e-type=\"widget\" data-settings=\"{&quot;_animation&quot;:&quot;none&quot;}\" data-widget_type=\"heading.default\">\n\t\t\t\t<div class=\"elementor-widget-container\">\n\t\t\t\t\t<h2 class=\"elementor-heading-title elementor-size-default\">BE AWARE OF THE FOLLOWING!<\/h2>\t\t\t\t<\/div>\n\t\t\t\t<\/div>\n\t\t\t\t<div class=\"elementor-element elementor-element-c419b39 red-boks-text-editor elementor-widget elementor-widget-text-editor\" data-id=\"c419b39\" data-element_type=\"widget\" data-e-type=\"widget\" data-widget_type=\"text-editor.default\">\n\t\t\t\t<div class=\"elementor-widget-container\">\n\t\t\t\t\t\t\t\t\t<p>A moveable tower scaffold is not ideal for the large work tasks, as the size of the moveable tower scaffold is limited. There is often a maximum weight limit on the moveable tower scaffolding, so you must pay extra attention to what you place on the scaffolding and how many of you are working at the same time. Also, the moveable tower scaffolding has a working height which is often not appropriate for large constructions.  <\/p>\n\t\t\t\t\t\t\t\t<\/div>\n\t\t\t\t<\/div>\n\t\t\t\t\t<\/div>\n\t\t<\/div>\n\t\t\t\t<div class=\"elementor-column elementor-col-50 elementor-top-column elementor-element elementor-element-f936705\" data-id=\"f936705\" data-element_type=\"column\" data-e-type=\"column\" data-settings=\"{&quot;background_background&quot;:&quot;classic&quot;}\">\n\t\t\t<div class=\"elementor-widget-wrap elementor-element-populated\">\n\t\t\t\t\t\t<div class=\"elementor-element elementor-element-120308a elementor-widget elementor-widget-heading\" data-id=\"120308a\" data-element_type=\"widget\" data-e-type=\"widget\" data-settings=\"{&quot;_animation&quot;:&quot;none&quot;}\" data-widget_type=\"heading.default\">\n\t\t\t\t<div class=\"elementor-widget-container\">\n\t\t\t\t\t<h2 class=\"elementor-heading-title elementor-size-default\">THE REPLACEMENT OF THE MOVEABLE TOWER SCAFFOLDING: THE MOBILE MAST CLIMBING WORK PLATFORM<\/h2>\t\t\t\t<\/div>\n\t\t\t\t<\/div>\n\t\t\t\t<div class=\"elementor-element elementor-element-d1be7fd red-boks-text-editor elementor-widget elementor-widget-text-editor\" data-id=\"d1be7fd\" data-element_type=\"widget\" data-e-type=\"widget\" data-widget_type=\"text-editor.default\">\n\t\t\t\t<div class=\"elementor-widget-container\">\n\t\t\t\t\t\t\t\t\t<p>At Platform.as, we rent out mobile mast climbing work platforms that can withstand a greater weight load than the moveable tower scaffolding &#8211; without compromising on flexibility. With the option to adjust both height and width, you can adapt the platform to smaller and larger tasks. The mast climbing work platform can reach up to 200 metres in height and 46 metres in width with double masts. If you are in need of greater range, do not hesitate to contact us and we will find a solution. <\/p>\n\t\t\t\t\t\t\t\t<\/div>\n\t\t\t\t<\/div>\n\t\t\t\t\t<\/div>\n\t\t<\/div>\n\t\t\t\t\t<\/div>\n\t\t<\/section>\n\t\t\t\t<\/div>\n\t\t","protected":false},"excerpt":{"rendered":"<p>Moveable tower scaffolding A moveable tower scaffold is known as one of the more flexible solutions when it comes to classic scaffolding. A moveable tower scaffold has wheels, which makes [&hellip;]<\/p>\n","protected":false},"author":1,"featured_media":0,"parent":6591,"menu_order":0,"comment_status":"closed","ping_status":"closed","template":"","meta":{"_acf_changed":false,"footnotes":""},"class_list":["post-6603","page","type-page","status-publish","hentry"],"acf":[],"yoast_head":"<!-- This site is optimized with the Yoast SEO plugin v27.1.1 - https:\/\/yoast.com\/product\/yoast-seo-wordpress\/ -->\n<title>Moveable tower scaffolding? Platform.as has the alternative<\/title>\n<meta name=\"description\" content=\"Looking for moveable tower scaffolding? At Platform.as you can read more about it, as well as all of the advantages of the modern mast climber - Read more.\" \/>\n<meta name=\"robots\" content=\"index, follow, max-snippet:-1, max-image-preview:large, max-video-preview:-1\" \/>\n<link rel=\"canonical\" href=\"https:\/\/platform.as\/en\/scaffolding\/moveable-tower-scaffolding\/\" \/>\n<meta property=\"og:locale\" content=\"en_US\" \/>\n<meta property=\"og:type\" content=\"article\" \/>\n<meta property=\"og:title\" content=\"Moveable tower scaffolding? Platform.as has the alternative\" \/>\n<meta property=\"og:description\" content=\"Looking for moveable tower scaffolding? At Platform.as you can read more about it, as well as all of the advantages of the modern mast climber - Read more.\" \/>\n<meta property=\"og:url\" content=\"https:\/\/platform.as\/en\/scaffolding\/moveable-tower-scaffolding\/\" \/>\n<meta property=\"og:site_name\" content=\"Platform AS\" \/>\n<meta property=\"article:modified_time\" content=\"2023-01-25T09:59:27+00:00\" \/>\n<meta name=\"twitter:label1\" content=\"Est. reading time\" \/>\n\t<meta name=\"twitter:data1\" content=\"1 minute\" \/>\n<script type=\"application\/ld+json\" class=\"yoast-schema-graph\">{\"@context\":\"https:\/\/schema.org\",\"@graph\":[{\"@type\":\"WebPage\",\"@id\":\"https:\/\/platform.as\/en\/scaffolding\/moveable-tower-scaffolding\/\",\"url\":\"https:\/\/platform.as\/en\/scaffolding\/moveable-tower-scaffolding\/\",\"name\":\"Moveable tower scaffolding? Platform.as has the alternative\",\"isPartOf\":{\"@id\":\"https:\/\/platform.as\/en\/#website\"},\"datePublished\":\"2022-11-11T10:38:50+00:00\",\"dateModified\":\"2023-01-25T09:59:27+00:00\",\"description\":\"Looking for moveable tower scaffolding? At Platform.as you can read more about it, as well as all of the advantages of the modern mast climber - Read more.\",\"breadcrumb\":{\"@id\":\"https:\/\/platform.as\/en\/scaffolding\/moveable-tower-scaffolding\/#breadcrumb\"},\"inLanguage\":\"en-US\",\"potentialAction\":[{\"@type\":\"ReadAction\",\"target\":[\"https:\/\/platform.as\/en\/scaffolding\/moveable-tower-scaffolding\/\"]}]},{\"@type\":\"BreadcrumbList\",\"@id\":\"https:\/\/platform.as\/en\/scaffolding\/moveable-tower-scaffolding\/#breadcrumb\",\"itemListElement\":[{\"@type\":\"ListItem\",\"position\":1,\"name\":\"Scaffolding\",\"item\":\"https:\/\/platform.as\/en\/stillads\/\"},{\"@type\":\"ListItem\",\"position\":2,\"name\":\"Moveable tower scaffolding\"}]},{\"@type\":\"WebSite\",\"@id\":\"https:\/\/platform.as\/en\/#website\",\"url\":\"https:\/\/platform.as\/en\/\",\"name\":\"Platform AS\",\"description\":\"S\u00f8ger du arbejdsplatform til dit byggeprojekt? Hos Platform.as r\u00e5der vi over 360 driftssikre arbejdsplatforme og byggehejs \u2192 F\u00e5 en skr\u00e6ddersyet l\u00f8sning.\",\"publisher\":{\"@id\":\"https:\/\/platform.as\/en\/#organization\"},\"potentialAction\":[{\"@type\":\"SearchAction\",\"target\":{\"@type\":\"EntryPoint\",\"urlTemplate\":\"https:\/\/platform.as\/en\/?s={search_term_string}\"},\"query-input\":{\"@type\":\"PropertyValueSpecification\",\"valueRequired\":true,\"valueName\":\"search_term_string\"}}],\"inLanguage\":\"en-US\"},{\"@type\":\"Organization\",\"@id\":\"https:\/\/platform.as\/en\/#organization\",\"name\":\"Platform AS\",\"url\":\"https:\/\/platform.as\/en\/\",\"logo\":{\"@type\":\"ImageObject\",\"inLanguage\":\"en-US\",\"@id\":\"https:\/\/platform.as\/en\/#\/schema\/logo\/image\/\",\"url\":\"https:\/\/platform.as\/wp-content\/uploads\/2022\/09\/platform_as_logo_black_b.svg\",\"contentUrl\":\"https:\/\/platform.as\/wp-content\/uploads\/2022\/09\/platform_as_logo_black_b.svg\",\"width\":500,\"height\":188,\"caption\":\"Platform AS\"},\"image\":{\"@id\":\"https:\/\/platform.as\/en\/#\/schema\/logo\/image\/\"}}]}<\/script>\n<!-- \/ Yoast SEO plugin. -->","yoast_head_json":{"title":"Moveable tower scaffolding? Platform.as has the alternative","description":"Looking for moveable tower scaffolding? At Platform.as you can read more about it, as well as all of the advantages of the modern mast climber - Read more.","robots":{"index":"index","follow":"follow","max-snippet":"max-snippet:-1","max-image-preview":"max-image-preview:large","max-video-preview":"max-video-preview:-1"},"canonical":"https:\/\/platform.as\/en\/scaffolding\/moveable-tower-scaffolding\/","og_locale":"en_US","og_type":"article","og_title":"Moveable tower scaffolding? Platform.as has the alternative","og_description":"Looking for moveable tower scaffolding? At Platform.as you can read more about it, as well as all of the advantages of the modern mast climber - Read more.","og_url":"https:\/\/platform.as\/en\/scaffolding\/moveable-tower-scaffolding\/","og_site_name":"Platform AS","article_modified_time":"2023-01-25T09:59:27+00:00","twitter_misc":{"Est. reading time":"1 minute"},"schema":{"@context":"https:\/\/schema.org","@graph":[{"@type":"WebPage","@id":"https:\/\/platform.as\/en\/scaffolding\/moveable-tower-scaffolding\/","url":"https:\/\/platform.as\/en\/scaffolding\/moveable-tower-scaffolding\/","name":"Moveable tower scaffolding? Platform.as has the alternative","isPartOf":{"@id":"https:\/\/platform.as\/en\/#website"},"datePublished":"2022-11-11T10:38:50+00:00","dateModified":"2023-01-25T09:59:27+00:00","description":"Looking for moveable tower scaffolding? At Platform.as you can read more about it, as well as all of the advantages of the modern mast climber - Read more.","breadcrumb":{"@id":"https:\/\/platform.as\/en\/scaffolding\/moveable-tower-scaffolding\/#breadcrumb"},"inLanguage":"en-US","potentialAction":[{"@type":"ReadAction","target":["https:\/\/platform.as\/en\/scaffolding\/moveable-tower-scaffolding\/"]}]},{"@type":"BreadcrumbList","@id":"https:\/\/platform.as\/en\/scaffolding\/moveable-tower-scaffolding\/#breadcrumb","itemListElement":[{"@type":"ListItem","position":1,"name":"Scaffolding","item":"https:\/\/platform.as\/en\/stillads\/"},{"@type":"ListItem","position":2,"name":"Moveable tower scaffolding"}]},{"@type":"WebSite","@id":"https:\/\/platform.as\/en\/#website","url":"https:\/\/platform.as\/en\/","name":"Platform AS","description":"S\u00f8ger du arbejdsplatform til dit byggeprojekt? Hos Platform.as r\u00e5der vi over 360 driftssikre arbejdsplatforme og byggehejs \u2192 F\u00e5 en skr\u00e6ddersyet l\u00f8sning.","publisher":{"@id":"https:\/\/platform.as\/en\/#organization"},"potentialAction":[{"@type":"SearchAction","target":{"@type":"EntryPoint","urlTemplate":"https:\/\/platform.as\/en\/?s={search_term_string}"},"query-input":{"@type":"PropertyValueSpecification","valueRequired":true,"valueName":"search_term_string"}}],"inLanguage":"en-US"},{"@type":"Organization","@id":"https:\/\/platform.as\/en\/#organization","name":"Platform AS","url":"https:\/\/platform.as\/en\/","logo":{"@type":"ImageObject","inLanguage":"en-US","@id":"https:\/\/platform.as\/en\/#\/schema\/logo\/image\/","url":"https:\/\/platform.as\/wp-content\/uploads\/2022\/09\/platform_as_logo_black_b.svg","contentUrl":"https:\/\/platform.as\/wp-content\/uploads\/2022\/09\/platform_as_logo_black_b.svg","width":500,"height":188,"caption":"Platform AS"},"image":{"@id":"https:\/\/platform.as\/en\/#\/schema\/logo\/image\/"}}]}},"_links":{"self":[{"href":"https:\/\/platform.as\/en\/wp-json\/wp\/v2\/pages\/6603","targetHints":{"allow":["GET"]}}],"collection":[{"href":"https:\/\/platform.as\/en\/wp-json\/wp\/v2\/pages"}],"about":[{"href":"https:\/\/platform.as\/en\/wp-json\/wp\/v2\/types\/page"}],"author":[{"embeddable":true,"href":"https:\/\/platform.as\/en\/wp-json\/wp\/v2\/users\/1"}],"replies":[{"embeddable":true,"href":"https:\/\/platform.as\/en\/wp-json\/wp\/v2\/comments?post=6603"}],"version-history":[{"count":1,"href":"https:\/\/platform.as\/en\/wp-json\/wp\/v2\/pages\/6603\/revisions"}],"predecessor-version":[{"id":6604,"href":"https:\/\/platform.as\/en\/wp-json\/wp\/v2\/pages\/6603\/revisions\/6604"}],"up":[{"embeddable":true,"href":"https:\/\/platform.as\/en\/wp-json\/wp\/v2\/pages\/6591"}],"wp:attachment":[{"href":"https:\/\/platform.as\/en\/wp-json\/wp\/v2\/media?parent=6603"}],"curies":[{"name":"wp","href":"https:\/\/api.w.org\/{rel}","templated":true}]}}