{"id":6630,"date":"2022-10-26T11:30:35","date_gmt":"2022-10-26T09:30:35","guid":{"rendered":"https:\/\/platform.as\/masons-console\/"},"modified":"2023-01-25T12:45:45","modified_gmt":"2023-01-25T11:45:45","slug":"masons-console","status":"publish","type":"page","link":"https:\/\/platform.as\/en\/masons-console\/","title":{"rendered":"Mason&#8217;s console"},"content":{"rendered":"\t\t<div data-elementor-type=\"wp-page\" data-elementor-id=\"6630\" class=\"elementor elementor-6630 elementor-1443\" data-elementor-post-type=\"page\">\n\t\t\t\t\t\t<section data-dce-background-overlay-color=\"#091441\" data-dce-background-overlay-image-url=\"https:\/\/platform.as\/wp-content\/uploads\/2022\/10\/20141028Lyngby_004-1-1-scaled.jpg\" class=\"elementor-section elementor-top-section elementor-element elementor-element-30b8ab5 elementor-section-content-middle elementor-section-boxed elementor-section-height-default elementor-section-height-default\" data-id=\"30b8ab5\" data-element_type=\"section\" data-e-type=\"section\" data-settings=\"{&quot;background_background&quot;:&quot;gradient&quot;}\">\n\t\t\t\t\t\t\t<div class=\"elementor-background-overlay\"><\/div>\n\t\t\t\t\t\t\t<div class=\"elementor-container elementor-column-gap-default\">\n\t\t\t\t\t<div class=\"elementor-column elementor-col-50 elementor-top-column elementor-element elementor-element-3fb9993\" data-id=\"3fb9993\" data-element_type=\"column\" data-e-type=\"column\">\n\t\t\t<div class=\"elementor-widget-wrap elementor-element-populated\">\n\t\t\t\t\t\t<div data-dce-title-color=\"#ffffff\" class=\"elementor-element elementor-element-9642e13 elementor-widget elementor-widget-heading\" data-id=\"9642e13\" data-element_type=\"widget\" data-e-type=\"widget\" data-widget_type=\"heading.default\">\n\t\t\t\t<div class=\"elementor-widget-container\">\n\t\t\t\t\t<h4 class=\"elementor-heading-title elementor-size-default\">Service - Quality - Safety<\/h4>\t\t\t\t<\/div>\n\t\t\t\t<\/div>\n\t\t\t\t<div class=\"elementor-element elementor-element-6420b99 elementor-widget-divider--view-line elementor-widget elementor-widget-divider\" data-id=\"6420b99\" data-element_type=\"widget\" data-e-type=\"widget\" data-widget_type=\"divider.default\">\n\t\t\t\t<div class=\"elementor-widget-container\">\n\t\t\t\t\t\t\t<div class=\"elementor-divider\">\n\t\t\t<span class=\"elementor-divider-separator\">\n\t\t\t\t\t\t<\/span>\n\t\t<\/div>\n\t\t\t\t\t\t<\/div>\n\t\t\t\t<\/div>\n\t\t\t\t<div data-dce-title-color=\"#FFFFFF\" class=\"elementor-element elementor-element-46b0d76 elementor-widget elementor-widget-heading\" data-id=\"46b0d76\" data-element_type=\"widget\" data-e-type=\"widget\" data-widget_type=\"heading.default\">\n\t\t\t\t<div class=\"elementor-widget-container\">\n\t\t\t\t\t<h1 class=\"elementor-heading-title elementor-size-default\">MASON\u2019S CONSOLE (RECESSED DECK)\n<\/h1>\t\t\t\t<\/div>\n\t\t\t\t<\/div>\n\t\t\t\t<div data-dce-text-color=\"#FFFFFF\" class=\"elementor-element elementor-element-212eec0 elementor-widget elementor-widget-text-editor\" data-id=\"212eec0\" data-element_type=\"widget\" data-e-type=\"widget\" data-widget_type=\"text-editor.default\">\n\t\t\t\t<div class=\"elementor-widget-container\">\n\t\t\t\t\t\t\t\t\t<p>Masonry is one of the most gruelling professions. The mason lays hundreds of heavy stones every day, makes countless bends and stretches and often works in uncomfortable positions. Or at least that is how it once was. With a mast climbing work platform, the mason&#8217;s work can be greatly facilitated and if the platform is extended with a mason&#8217;s console, you can hardly give the mason better working conditions.   <\/p>\n\t\t\t\t\t\t\t\t<\/div>\n\t\t\t\t<\/div>\n\t\t\t\t\t<\/div>\n\t\t<\/div>\n\t\t\t\t<div class=\"elementor-column elementor-col-50 elementor-top-column elementor-element elementor-element-63fe1a0\" data-id=\"63fe1a0\" data-element_type=\"column\" data-e-type=\"column\">\n\t\t\t<div class=\"elementor-widget-wrap\">\n\t\t\t\t\t\t\t<\/div>\n\t\t<\/div>\n\t\t\t\t\t<\/div>\n\t\t<\/section>\n\t\t\t\t<section class=\"elementor-section elementor-top-section elementor-element elementor-element-0e63385 elementor-section-boxed elementor-section-height-default elementor-section-height-default\" data-id=\"0e63385\" data-element_type=\"section\" data-e-type=\"section\" data-settings=\"{&quot;background_background&quot;:&quot;classic&quot;}\">\n\t\t\t\t\t\t\t<div class=\"elementor-background-overlay\"><\/div>\n\t\t\t\t\t\t\t<div class=\"elementor-container elementor-column-gap-default\">\n\t\t\t\t\t<div class=\"elementor-column elementor-col-50 elementor-top-column elementor-element elementor-element-98f1a7a\" data-id=\"98f1a7a\" data-element_type=\"column\" data-e-type=\"column\">\n\t\t\t<div class=\"elementor-widget-wrap elementor-element-populated\">\n\t\t\t\t\t\t<div class=\"elementor-element elementor-element-c970acb elementor-widget elementor-widget-heading\" data-id=\"c970acb\" data-element_type=\"widget\" data-e-type=\"widget\" data-settings=\"{&quot;_animation&quot;:&quot;none&quot;}\" data-widget_type=\"heading.default\">\n\t\t\t\t<div class=\"elementor-widget-container\">\n\t\t\t\t\t<h2 class=\"elementor-heading-title elementor-size-default\">AVOID ALL THE BENDING AND STRETCHING WITH A MASON\u2019S CONSOLE\n<\/h2>\t\t\t\t<\/div>\n\t\t\t\t<\/div>\n\t\t\t\t<div class=\"elementor-element elementor-element-c527c72 red-boks-text-editor elementor-widget elementor-widget-text-editor\" data-id=\"c527c72\" data-element_type=\"widget\" data-e-type=\"widget\" data-widget_type=\"text-editor.default\">\n\t\t\t\t<div class=\"elementor-widget-container\">\n\t\t\t\t\t\t\t\t\t<p>Masonry is one of the most grueling professions. The mason lays hundreds of heavy stones every day, makes countless bends and stretches and often works in uncomfortable positions. Or at least that is how it once was. With a mast climbing work platform, the mason&#8217;s work can be greatly facilitated and if the platform is extended with a mason&#8217;s console, you can hardly give the mason better working conditions.   <\/p>\n\t\t\t\t\t\t\t\t<\/div>\n\t\t\t\t<\/div>\n\t\t\t\t\t<\/div>\n\t\t<\/div>\n\t\t\t\t<div data-dce-background-color=\"#FFFFFF\" class=\"elementor-column elementor-col-50 elementor-top-column elementor-element elementor-element-b257b26\" data-id=\"b257b26\" data-element_type=\"column\" data-e-type=\"column\" data-settings=\"{&quot;background_background&quot;:&quot;classic&quot;}\">\n\t\t\t<div class=\"elementor-widget-wrap elementor-element-populated\">\n\t\t\t\t\t\t<div class=\"elementor-element elementor-element-490ea8d red-boks-text-editor elementor-widget elementor-widget-text-editor\" data-id=\"490ea8d\" data-element_type=\"widget\" data-e-type=\"widget\" data-widget_type=\"text-editor.default\">\n\t\t\t\t<div class=\"elementor-widget-container\">\n\t\t\t\t\t\t\t\t\t<p>When masonry is performed from a mast climbing work platform, in the vast majority of cases, you will be able to avoid bad working positions as well as bending and stretching, as it will be possible to find the right working height in relation to how high the shift has reached. If you also add a mason&#8217;s console, the mason will avoid having to bend down for the stone time and time again. The console is a recessed deck which sits 50 cm. under the deck of the platform itself. This means that when the bricks are on the deck of the platform and the mason is on the console, it will be easy and convenient to take the stones one after one.    <\/p>\n\t\t\t\t\t\t\t\t<\/div>\n\t\t\t\t<\/div>\n\t\t\t\t<div data-dce-background-color=\"#CC220000\" class=\"elementor-element elementor-element-08c24da elementor-mobile-align-left elementor-widget elementor-widget-button\" data-id=\"08c24da\" data-element_type=\"widget\" data-e-type=\"widget\" data-widget_type=\"button.default\">\n\t\t\t\t<div class=\"elementor-widget-container\">\n\t\t\t\t\t\t\t\t\t<div class=\"elementor-button-wrapper\">\n\t\t\t\t\t<a class=\"elementor-button elementor-button-link elementor-size-sm\" href=\"https:\/\/platform.as\/en\/get-in-touch\/\">\n\t\t\t\t\t\t<span class=\"elementor-button-content-wrapper\">\n\t\t\t\t\t\t\t\t\t<span class=\"elementor-button-text\">Contact us for more information<\/span>\n\t\t\t\t\t<\/span>\n\t\t\t\t\t<\/a>\n\t\t\t\t<\/div>\n\t\t\t\t\t\t\t\t<\/div>\n\t\t\t\t<\/div>\n\t\t\t\t\t<\/div>\n\t\t<\/div>\n\t\t\t\t\t<\/div>\n\t\t<\/section>\n\t\t\t\t<section data-dce-background-color=\"#F8F8F8\" class=\"elementor-section elementor-top-section elementor-element elementor-element-94e7e79 elementor-section-boxed elementor-section-height-default elementor-section-height-default\" data-id=\"94e7e79\" data-element_type=\"section\" data-e-type=\"section\" data-settings=\"{&quot;background_background&quot;:&quot;classic&quot;}\">\n\t\t\t\t\t\t\t<div class=\"elementor-background-overlay\"><\/div>\n\t\t\t\t\t\t\t<div class=\"elementor-container elementor-column-gap-default\">\n\t\t\t\t\t<div class=\"elementor-column elementor-col-100 elementor-top-column elementor-element elementor-element-8666bcb\" data-id=\"8666bcb\" data-element_type=\"column\" data-e-type=\"column\">\n\t\t\t<div class=\"elementor-widget-wrap elementor-element-populated\">\n\t\t\t\t\t\t<div class=\"elementor-element elementor-element-21e0b5e elementor-widget elementor-widget-gallery\" data-id=\"21e0b5e\" data-element_type=\"widget\" data-e-type=\"widget\" data-settings=\"{&quot;columns&quot;:3,&quot;aspect_ratio&quot;:&quot;1:1&quot;,&quot;lazyload&quot;:&quot;yes&quot;,&quot;gallery_layout&quot;:&quot;grid&quot;,&quot;columns_tablet&quot;:2,&quot;columns_mobile&quot;:1,&quot;gap&quot;:{&quot;unit&quot;:&quot;px&quot;,&quot;size&quot;:10,&quot;sizes&quot;:[]},&quot;gap_tablet_extra&quot;:{&quot;unit&quot;:&quot;px&quot;,&quot;size&quot;:10,&quot;sizes&quot;:[]},&quot;gap_tablet&quot;:{&quot;unit&quot;:&quot;px&quot;,&quot;size&quot;:10,&quot;sizes&quot;:[]},&quot;gap_mobile&quot;:{&quot;unit&quot;:&quot;px&quot;,&quot;size&quot;:10,&quot;sizes&quot;:[]},&quot;link_to&quot;:&quot;file&quot;,&quot;overlay_background&quot;:&quot;yes&quot;,&quot;content_hover_animation&quot;:&quot;fade-in&quot;}\" data-widget_type=\"gallery.default\">\n\t\t\t\t<div class=\"elementor-widget-container\">\n\t\t\t\t\t\t\t<div class=\"elementor-gallery__container\">\r\n\t\t\t\t\t\t\t<a class=\"e-gallery-item elementor-gallery-item elementor-animated-content\" href=\"https:\/\/platform.as\/wp-content\/uploads\/2022\/10\/20141028Lyngby_002-e1615897583452.jpg\" data-elementor-open-lightbox=\"yes\" data-elementor-lightbox-slideshow=\"21e0b5e\" data-elementor-lightbox-title=\"Fotos for Platform efter aftale med S\u00f8ren Ralkov\" data-elementor-lightbox-description=\"Fotos for Platform efter aftale med S\u00f8ren Ralkov\" data-e-action-hash=\"#elementor-action%3Aaction%3Dlightbox%26settings%3DeyJpZCI6MTQ0OSwidXJsIjoiaHR0cHM6XC9cL3BsYXRmb3JtLmFzXC93cC1jb250ZW50XC91cGxvYWRzXC8yMDIyXC8xMFwvMjAxNDEwMjhMeW5nYnlfMDAyLWUxNjE1ODk3NTgzNDUyLmpwZyIsInNsaWRlc2hvdyI6IjIxZTBiNWUifQ%3D%3D\">\r\n\t\t\t\t\t<div class=\"e-gallery-image elementor-gallery-item__image\" data-thumbnail=\"https:\/\/platform.as\/wp-content\/uploads\/2022\/10\/20141028Lyngby_002-e1615897583452-400x400.jpg\" data-width=\"400\" data-height=\"400\" aria-label=\"Fotos for Platform efter aftale med S\u00f8ren Ralkov\" role=\"img\" ><\/div>\r\n\t\t\t\t\t\t\t\t\t\t\t<div class=\"elementor-gallery-item__overlay\"><\/div>\r\n\t\t\t\t\t\t\t\t\t\t\t\t\t\t<\/a>\r\n\t\t\t\t\t\t\t<a class=\"e-gallery-item elementor-gallery-item elementor-animated-content\" href=\"https:\/\/platform.as\/wp-content\/uploads\/2022\/10\/20141028Lyngby_004-1-scaled-1.jpg\" data-elementor-open-lightbox=\"yes\" data-elementor-lightbox-slideshow=\"21e0b5e\" data-elementor-lightbox-title=\"Fotos for Platform efter aftale med S\u00f8ren Ralkov\" data-elementor-lightbox-description=\"Fotos for Platform efter aftale med S\u00f8ren Ralkov\" data-e-action-hash=\"#elementor-action%3Aaction%3Dlightbox%26settings%3DeyJpZCI6MTQ1MSwidXJsIjoiaHR0cHM6XC9cL3BsYXRmb3JtLmFzXC93cC1jb250ZW50XC91cGxvYWRzXC8yMDIyXC8xMFwvMjAxNDEwMjhMeW5nYnlfMDA0LTEtc2NhbGVkLTEuanBnIiwic2xpZGVzaG93IjoiMjFlMGI1ZSJ9\">\r\n\t\t\t\t\t<div class=\"e-gallery-image elementor-gallery-item__image\" data-thumbnail=\"https:\/\/platform.as\/wp-content\/uploads\/2022\/10\/20141028Lyngby_004-1-scaled-1-400x400.jpg\" data-width=\"400\" data-height=\"400\" aria-label=\"Fotos for Platform efter aftale med S\u00f8ren Ralkov\" role=\"img\" ><\/div>\r\n\t\t\t\t\t\t\t\t\t\t\t<div class=\"elementor-gallery-item__overlay\"><\/div>\r\n\t\t\t\t\t\t\t\t\t\t\t\t\t\t<\/a>\r\n\t\t\t\t\t\t\t<a class=\"e-gallery-item elementor-gallery-item elementor-animated-content\" href=\"https:\/\/platform.as\/wp-content\/uploads\/2022\/10\/20141028Lyngby_005-scaled-1.jpg\" data-elementor-open-lightbox=\"yes\" data-elementor-lightbox-slideshow=\"21e0b5e\" data-elementor-lightbox-title=\"Fotos for Platform efter aftale med S\u00f8ren Ralkov\" data-elementor-lightbox-description=\"Fotos for Platform efter aftale med S\u00f8ren Ralkov\" data-e-action-hash=\"#elementor-action%3Aaction%3Dlightbox%26settings%3DeyJpZCI6MTQ1MywidXJsIjoiaHR0cHM6XC9cL3BsYXRmb3JtLmFzXC93cC1jb250ZW50XC91cGxvYWRzXC8yMDIyXC8xMFwvMjAxNDEwMjhMeW5nYnlfMDA1LXNjYWxlZC0xLmpwZyIsInNsaWRlc2hvdyI6IjIxZTBiNWUifQ%3D%3D\">\r\n\t\t\t\t\t<div class=\"e-gallery-image elementor-gallery-item__image\" data-thumbnail=\"https:\/\/platform.as\/wp-content\/uploads\/2022\/10\/20141028Lyngby_005-scaled-1-400x400.jpg\" data-width=\"400\" data-height=\"400\" aria-label=\"Fotos for Platform efter aftale med S\u00f8ren Ralkov\" role=\"img\" ><\/div>\r\n\t\t\t\t\t\t\t\t\t\t\t<div class=\"elementor-gallery-item__overlay\"><\/div>\r\n\t\t\t\t\t\t\t\t\t\t\t\t\t\t<\/a>\r\n\t\t\t\t\t<\/div>\r\n\t\t\t\t\t<\/div>\n\t\t\t\t<\/div>\n\t\t\t\t<div data-dce-background-color=\"#CC220000\" class=\"elementor-element elementor-element-c7f2973 elementor-mobile-align-left elementor-align-center elementor-widget elementor-widget-button\" data-id=\"c7f2973\" data-element_type=\"widget\" data-e-type=\"widget\" data-widget_type=\"button.default\">\n\t\t\t\t<div class=\"elementor-widget-container\">\n\t\t\t\t\t\t\t\t\t<div class=\"elementor-button-wrapper\">\n\t\t\t\t\t<a class=\"elementor-button elementor-button-link elementor-size-sm\" href=\"https:\/\/platform.as\/en\/constructions-hoist\/\">\n\t\t\t\t\t\t<span class=\"elementor-button-content-wrapper\">\n\t\t\t\t\t\t\t\t\t<span class=\"elementor-button-text\">Read more about our construction hoist here.<\/span>\n\t\t\t\t\t<\/span>\n\t\t\t\t\t<\/a>\n\t\t\t\t<\/div>\n\t\t\t\t\t\t\t\t<\/div>\n\t\t\t\t<\/div>\n\t\t\t\t\t<\/div>\n\t\t<\/div>\n\t\t\t\t\t<\/div>\n\t\t<\/section>\n\t\t\t\t<\/div>\n\t\t","protected":false},"excerpt":{"rendered":"<p>Service &#8211; Quality &#8211; Safety MASON\u2019S CONSOLE (RECESSED DECK) Masonry is one of the most gruelling professions. The mason lays hundreds of heavy stones every day, makes countless bends and [&hellip;]<\/p>\n","protected":false},"author":1,"featured_media":1445,"parent":0,"menu_order":0,"comment_status":"closed","ping_status":"closed","template":"","meta":{"_acf_changed":false,"footnotes":""},"class_list":["post-6630","page","type-page","status-publish","has-post-thumbnail","hentry"],"acf":[],"yoast_head":"<!-- This site is optimized with the Yoast SEO plugin v27.1.1 - https:\/\/yoast.com\/product\/yoast-seo-wordpress\/ -->\n<title>Mason&#039;s console for mast climbers - Recessed deck for the mason<\/title>\n<meta name=\"description\" content=\"A mason&#039;s console can greatly facilitate the mason&#039;s work, because of a recessed and adjustable deck thus providing better working positions - Read more.\" \/>\n<meta name=\"robots\" content=\"index, follow, max-snippet:-1, max-image-preview:large, max-video-preview:-1\" \/>\n<link rel=\"canonical\" href=\"https:\/\/platform.as\/en\/masons-console\/\" \/>\n<meta property=\"og:locale\" content=\"en_US\" \/>\n<meta property=\"og:type\" content=\"article\" \/>\n<meta property=\"og:title\" content=\"Mason&#039;s console for mast climbers - Recessed deck for the mason\" \/>\n<meta property=\"og:description\" content=\"A mason&#039;s console can greatly facilitate the mason&#039;s work, because of a recessed and adjustable deck thus providing better working positions - Read more.\" \/>\n<meta property=\"og:url\" content=\"https:\/\/platform.as\/en\/masons-console\/\" \/>\n<meta property=\"og:site_name\" content=\"Platform AS\" \/>\n<meta property=\"article:modified_time\" content=\"2023-01-25T11:45:45+00:00\" \/>\n<meta property=\"og:image\" content=\"https:\/\/platform.as\/wp-content\/uploads\/2022\/10\/20141028Lyngby_004-1-1-scaled.jpg\" \/>\n\t<meta property=\"og:image:width\" content=\"2560\" \/>\n\t<meta property=\"og:image:height\" content=\"1707\" \/>\n\t<meta property=\"og:image:type\" content=\"image\/jpeg\" \/>\n<meta name=\"twitter:label1\" content=\"Est. reading time\" \/>\n\t<meta name=\"twitter:data1\" content=\"1 minute\" \/>\n<script type=\"application\/ld+json\" class=\"yoast-schema-graph\">{\"@context\":\"https:\/\/schema.org\",\"@graph\":[{\"@type\":\"WebPage\",\"@id\":\"https:\/\/platform.as\/en\/masons-console\/\",\"url\":\"https:\/\/platform.as\/en\/masons-console\/\",\"name\":\"Mason's console for mast climbers - Recessed deck for the mason\",\"isPartOf\":{\"@id\":\"https:\/\/platform.as\/en\/#website\"},\"primaryImageOfPage\":{\"@id\":\"https:\/\/platform.as\/en\/masons-console\/#primaryimage\"},\"image\":{\"@id\":\"https:\/\/platform.as\/en\/masons-console\/#primaryimage\"},\"thumbnailUrl\":\"https:\/\/platform.as\/wp-content\/uploads\/2022\/10\/20141028Lyngby_004-1-1-scaled.jpg\",\"datePublished\":\"2022-10-26T09:30:35+00:00\",\"dateModified\":\"2023-01-25T11:45:45+00:00\",\"description\":\"A mason's console can greatly facilitate the mason's work, because of a recessed and adjustable deck thus providing better working positions - Read more.\",\"inLanguage\":\"en-US\",\"potentialAction\":[{\"@type\":\"ReadAction\",\"target\":[\"https:\/\/platform.as\/en\/masons-console\/\"]}]},{\"@type\":\"ImageObject\",\"inLanguage\":\"en-US\",\"@id\":\"https:\/\/platform.as\/en\/masons-console\/#primaryimage\",\"url\":\"https:\/\/platform.as\/wp-content\/uploads\/2022\/10\/20141028Lyngby_004-1-1-scaled.jpg\",\"contentUrl\":\"https:\/\/platform.as\/wp-content\/uploads\/2022\/10\/20141028Lyngby_004-1-1-scaled.jpg\",\"width\":2560,\"height\":1707,\"caption\":\"Fotos for Platform efter aftale med S\u00f8ren Ralkov\"},{\"@type\":\"WebSite\",\"@id\":\"https:\/\/platform.as\/en\/#website\",\"url\":\"https:\/\/platform.as\/en\/\",\"name\":\"Platform AS\",\"description\":\"S\u00f8ger du arbejdsplatform til dit byggeprojekt? Hos Platform.as r\u00e5der vi over 360 driftssikre arbejdsplatforme og byggehejs \u2192 F\u00e5 en skr\u00e6ddersyet l\u00f8sning.\",\"publisher\":{\"@id\":\"https:\/\/platform.as\/en\/#organization\"},\"potentialAction\":[{\"@type\":\"SearchAction\",\"target\":{\"@type\":\"EntryPoint\",\"urlTemplate\":\"https:\/\/platform.as\/en\/?s={search_term_string}\"},\"query-input\":{\"@type\":\"PropertyValueSpecification\",\"valueRequired\":true,\"valueName\":\"search_term_string\"}}],\"inLanguage\":\"en-US\"},{\"@type\":\"Organization\",\"@id\":\"https:\/\/platform.as\/en\/#organization\",\"name\":\"Platform AS\",\"url\":\"https:\/\/platform.as\/en\/\",\"logo\":{\"@type\":\"ImageObject\",\"inLanguage\":\"en-US\",\"@id\":\"https:\/\/platform.as\/en\/#\/schema\/logo\/image\/\",\"url\":\"https:\/\/platform.as\/wp-content\/uploads\/2022\/09\/platform_as_logo_black_b.svg\",\"contentUrl\":\"https:\/\/platform.as\/wp-content\/uploads\/2022\/09\/platform_as_logo_black_b.svg\",\"width\":500,\"height\":188,\"caption\":\"Platform AS\"},\"image\":{\"@id\":\"https:\/\/platform.as\/en\/#\/schema\/logo\/image\/\"}}]}<\/script>\n<!-- \/ Yoast SEO plugin. -->","yoast_head_json":{"title":"Mason's console for mast climbers - Recessed deck for the mason","description":"A mason's console can greatly facilitate the mason's work, because of a recessed and adjustable deck thus providing better working positions - Read more.","robots":{"index":"index","follow":"follow","max-snippet":"max-snippet:-1","max-image-preview":"max-image-preview:large","max-video-preview":"max-video-preview:-1"},"canonical":"https:\/\/platform.as\/en\/masons-console\/","og_locale":"en_US","og_type":"article","og_title":"Mason's console for mast climbers - Recessed deck for the mason","og_description":"A mason's console can greatly facilitate the mason's work, because of a recessed and adjustable deck thus providing better working positions - Read more.","og_url":"https:\/\/platform.as\/en\/masons-console\/","og_site_name":"Platform AS","article_modified_time":"2023-01-25T11:45:45+00:00","og_image":[{"width":2560,"height":1707,"url":"https:\/\/platform.as\/wp-content\/uploads\/2022\/10\/20141028Lyngby_004-1-1-scaled.jpg","type":"image\/jpeg"}],"twitter_misc":{"Est. reading time":"1 minute"},"schema":{"@context":"https:\/\/schema.org","@graph":[{"@type":"WebPage","@id":"https:\/\/platform.as\/en\/masons-console\/","url":"https:\/\/platform.as\/en\/masons-console\/","name":"Mason's console for mast climbers - Recessed deck for the mason","isPartOf":{"@id":"https:\/\/platform.as\/en\/#website"},"primaryImageOfPage":{"@id":"https:\/\/platform.as\/en\/masons-console\/#primaryimage"},"image":{"@id":"https:\/\/platform.as\/en\/masons-console\/#primaryimage"},"thumbnailUrl":"https:\/\/platform.as\/wp-content\/uploads\/2022\/10\/20141028Lyngby_004-1-1-scaled.jpg","datePublished":"2022-10-26T09:30:35+00:00","dateModified":"2023-01-25T11:45:45+00:00","description":"A mason's console can greatly facilitate the mason's work, because of a recessed and adjustable deck thus providing better working positions - Read more.","inLanguage":"en-US","potentialAction":[{"@type":"ReadAction","target":["https:\/\/platform.as\/en\/masons-console\/"]}]},{"@type":"ImageObject","inLanguage":"en-US","@id":"https:\/\/platform.as\/en\/masons-console\/#primaryimage","url":"https:\/\/platform.as\/wp-content\/uploads\/2022\/10\/20141028Lyngby_004-1-1-scaled.jpg","contentUrl":"https:\/\/platform.as\/wp-content\/uploads\/2022\/10\/20141028Lyngby_004-1-1-scaled.jpg","width":2560,"height":1707,"caption":"Fotos for Platform efter aftale med S\u00f8ren Ralkov"},{"@type":"WebSite","@id":"https:\/\/platform.as\/en\/#website","url":"https:\/\/platform.as\/en\/","name":"Platform AS","description":"S\u00f8ger du arbejdsplatform til dit byggeprojekt? Hos Platform.as r\u00e5der vi over 360 driftssikre arbejdsplatforme og byggehejs \u2192 F\u00e5 en skr\u00e6ddersyet l\u00f8sning.","publisher":{"@id":"https:\/\/platform.as\/en\/#organization"},"potentialAction":[{"@type":"SearchAction","target":{"@type":"EntryPoint","urlTemplate":"https:\/\/platform.as\/en\/?s={search_term_string}"},"query-input":{"@type":"PropertyValueSpecification","valueRequired":true,"valueName":"search_term_string"}}],"inLanguage":"en-US"},{"@type":"Organization","@id":"https:\/\/platform.as\/en\/#organization","name":"Platform AS","url":"https:\/\/platform.as\/en\/","logo":{"@type":"ImageObject","inLanguage":"en-US","@id":"https:\/\/platform.as\/en\/#\/schema\/logo\/image\/","url":"https:\/\/platform.as\/wp-content\/uploads\/2022\/09\/platform_as_logo_black_b.svg","contentUrl":"https:\/\/platform.as\/wp-content\/uploads\/2022\/09\/platform_as_logo_black_b.svg","width":500,"height":188,"caption":"Platform AS"},"image":{"@id":"https:\/\/platform.as\/en\/#\/schema\/logo\/image\/"}}]}},"_links":{"self":[{"href":"https:\/\/platform.as\/en\/wp-json\/wp\/v2\/pages\/6630","targetHints":{"allow":["GET"]}}],"collection":[{"href":"https:\/\/platform.as\/en\/wp-json\/wp\/v2\/pages"}],"about":[{"href":"https:\/\/platform.as\/en\/wp-json\/wp\/v2\/types\/page"}],"author":[{"embeddable":true,"href":"https:\/\/platform.as\/en\/wp-json\/wp\/v2\/users\/1"}],"replies":[{"embeddable":true,"href":"https:\/\/platform.as\/en\/wp-json\/wp\/v2\/comments?post=6630"}],"version-history":[{"count":3,"href":"https:\/\/platform.as\/en\/wp-json\/wp\/v2\/pages\/6630\/revisions"}],"predecessor-version":[{"id":6633,"href":"https:\/\/platform.as\/en\/wp-json\/wp\/v2\/pages\/6630\/revisions\/6633"}],"wp:featuredmedia":[{"embeddable":true,"href":"https:\/\/platform.as\/en\/wp-json\/wp\/v2\/media\/1445"}],"wp:attachment":[{"href":"https:\/\/platform.as\/en\/wp-json\/wp\/v2\/media?parent=6630"}],"curies":[{"name":"wp","href":"https:\/\/api.w.org\/{rel}","templated":true}]}}