{"id":6634,"date":"2022-11-08T13:29:44","date_gmt":"2022-11-08T12:29:44","guid":{"rendered":"https:\/\/platform.as\/small-chassis\/"},"modified":"2023-01-25T14:11:08","modified_gmt":"2023-01-25T13:11:08","slug":"small-chassis","status":"publish","type":"page","link":"https:\/\/platform.as\/en\/small-chassis\/","title":{"rendered":"Small chassis"},"content":{"rendered":"\t\t<div data-elementor-type=\"wp-page\" data-elementor-id=\"6634\" class=\"elementor elementor-6634 elementor-2958\" data-elementor-post-type=\"page\">\n\t\t\t\t\t\t<section data-dce-background-image-url=\"https:\/\/platform.as\/wp-content\/uploads\/2022\/11\/Platform_brochure_0780_KB-1_scaled-scaled.jpg\" class=\"elementor-section elementor-top-section elementor-element elementor-element-ed1c07a elementor-section-full_width elementor-section-content-middle elementor-section-height-default elementor-section-height-default\" data-id=\"ed1c07a\" data-element_type=\"section\" data-e-type=\"section\" data-settings=\"{&quot;background_background&quot;:&quot;classic&quot;}\">\n\t\t\t\t\t\t<div class=\"elementor-container elementor-column-gap-default\">\n\t\t\t\t\t<div data-dce-background-color=\"#CC2200D4\" class=\"elementor-column elementor-col-50 elementor-top-column elementor-element elementor-element-49daa53\" data-id=\"49daa53\" data-element_type=\"column\" data-e-type=\"column\" data-settings=\"{&quot;background_background&quot;:&quot;classic&quot;}\">\n\t\t\t<div class=\"elementor-widget-wrap elementor-element-populated\">\n\t\t\t\t\t<div class=\"elementor-background-overlay\"><\/div>\n\t\t\t\t\t\t<div data-dce-title-color=\"#FFFFFF\" class=\"elementor-element elementor-element-dbda28f elementor-widget elementor-widget-heading\" data-id=\"dbda28f\" data-element_type=\"widget\" data-e-type=\"widget\" data-settings=\"{&quot;_animation&quot;:&quot;none&quot;}\" data-widget_type=\"heading.default\">\n\t\t\t\t<div class=\"elementor-widget-container\">\n\t\t\t\t\t<h1 class=\"elementor-heading-title elementor-size-default\">IS THE SPACE IN FRONT OF THE FACADE TOO SMALL FOR A MAST CLIMBING WORK PLATFORM? <\/h1>\t\t\t\t<\/div>\n\t\t\t\t<\/div>\n\t\t\t\t<div data-dce-background-color=\"#CC220000\" class=\"elementor-element elementor-element-d61ceee elementor-mobile-align-left elementor-align-center elementor-tablet-align-left elementor-widget elementor-widget-button\" data-id=\"d61ceee\" data-element_type=\"widget\" data-e-type=\"widget\" data-widget_type=\"button.default\">\n\t\t\t\t<div class=\"elementor-widget-container\">\n\t\t\t\t\t\t\t\t\t<div class=\"elementor-button-wrapper\">\n\t\t\t\t\t<a class=\"elementor-button elementor-button-link elementor-size-sm\" href=\"#kontaktos\">\n\t\t\t\t\t\t<span class=\"elementor-button-content-wrapper\">\n\t\t\t\t\t\t\t\t\t<span class=\"elementor-button-text\">Contact<\/span>\n\t\t\t\t\t<\/span>\n\t\t\t\t\t<\/a>\n\t\t\t\t<\/div>\n\t\t\t\t\t\t\t\t<\/div>\n\t\t\t\t<\/div>\n\t\t\t\t\t<\/div>\n\t\t<\/div>\n\t\t\t\t<div class=\"elementor-column elementor-col-50 elementor-top-column elementor-element elementor-element-98cb464 elementor-hidden-tablet_extra elementor-hidden-tablet elementor-hidden-mobile\" data-id=\"98cb464\" data-element_type=\"column\" data-e-type=\"column\" data-settings=\"{&quot;background_background&quot;:&quot;classic&quot;}\">\n\t\t\t<div class=\"elementor-widget-wrap elementor-element-populated\">\n\t\t\t\t\t\t<div class=\"elementor-element elementor-element-931bc78 elementor-widget elementor-widget-spacer\" data-id=\"931bc78\" data-element_type=\"widget\" data-e-type=\"widget\" data-widget_type=\"spacer.default\">\n\t\t\t\t<div class=\"elementor-widget-container\">\n\t\t\t\t\t\t\t<div class=\"elementor-spacer\">\n\t\t\t<div class=\"elementor-spacer-inner\"><\/div>\n\t\t<\/div>\n\t\t\t\t\t\t<\/div>\n\t\t\t\t<\/div>\n\t\t\t\t\t<\/div>\n\t\t<\/div>\n\t\t\t\t\t<\/div>\n\t\t<\/section>\n\t\t\t\t<section class=\"elementor-section elementor-top-section elementor-element elementor-element-ab407fe elementor-section-boxed elementor-section-height-default elementor-section-height-default\" data-id=\"ab407fe\" data-element_type=\"section\" data-e-type=\"section\" data-settings=\"{&quot;background_background&quot;:&quot;classic&quot;}\">\n\t\t\t\t\t\t\t<div class=\"elementor-background-overlay\"><\/div>\n\t\t\t\t\t\t\t<div class=\"elementor-container elementor-column-gap-default\">\n\t\t\t\t\t<div class=\"elementor-column elementor-col-100 elementor-top-column elementor-element elementor-element-72857d7\" data-id=\"72857d7\" data-element_type=\"column\" data-e-type=\"column\">\n\t\t\t<div class=\"elementor-widget-wrap elementor-element-populated\">\n\t\t\t\t\t\t<section class=\"elementor-section elementor-inner-section elementor-element elementor-element-1e94b78 elementor-section-content-middle elementor-section-boxed elementor-section-height-default elementor-section-height-default\" data-id=\"1e94b78\" data-element_type=\"section\" data-e-type=\"section\">\n\t\t\t\t\t\t<div class=\"elementor-container elementor-column-gap-wider\">\n\t\t\t\t\t<div class=\"elementor-column elementor-col-100 elementor-inner-column elementor-element elementor-element-db2cd56\" data-id=\"db2cd56\" data-element_type=\"column\" data-e-type=\"column\">\n\t\t\t<div class=\"elementor-widget-wrap elementor-element-populated\">\n\t\t\t\t\t\t<div class=\"elementor-element elementor-element-ed93a85 elementor-widget elementor-widget-heading\" data-id=\"ed93a85\" data-element_type=\"widget\" data-e-type=\"widget\" data-settings=\"{&quot;_animation&quot;:&quot;none&quot;}\" data-widget_type=\"heading.default\">\n\t\t\t\t<div class=\"elementor-widget-container\">\n\t\t\t\t\t<h2 class=\"elementor-heading-title elementor-size-default\">A SMALL CHASSIS IS THE SOLUTION!<\/h2>\t\t\t\t<\/div>\n\t\t\t\t<\/div>\n\t\t\t\t<div class=\"elementor-element elementor-element-25fa042 elementor-widget elementor-widget-text-editor\" data-id=\"25fa042\" data-element_type=\"widget\" data-e-type=\"widget\" data-widget_type=\"text-editor.default\">\n\t\t\t\t<div class=\"elementor-widget-container\">\n\t\t\t\t\t\t\t\t\t<p>A small chassis for the mobile mast climbing work platform is used where there is not enough space for the platform&#8217;s undercarriage. For example, it can be relevant in a cramped backyard or other places with very limited space. The small chassis makes <a href=\"https:\/\/platform.as\/en\/mobile-mast-climbing-work-platform\/\">renting a mast climber<\/a> an even more flexible and efficient solution in connection with setup.  <\/p>\n<p>With a small chassis, we can find the space for a platform in most places, and the space should therefore not be an excuse for not offering the craftsmen the best possible working conditions.<\/p>\n\t\t\t\t\t\t\t\t<\/div>\n\t\t\t\t<\/div>\n\t\t\t\t\t<\/div>\n\t\t<\/div>\n\t\t\t\t\t<\/div>\n\t\t<\/section>\n\t\t\t\t\t<\/div>\n\t\t<\/div>\n\t\t\t\t\t<\/div>\n\t\t<\/section>\n\t\t\t\t<section class=\"elementor-section elementor-top-section elementor-element elementor-element-3ace4f18 elementor-section-boxed elementor-section-height-default elementor-section-height-default\" data-id=\"3ace4f18\" data-element_type=\"section\" data-e-type=\"section\" data-settings=\"{&quot;background_background&quot;:&quot;classic&quot;}\">\n\t\t\t\t\t\t<div class=\"elementor-container elementor-column-gap-default\">\n\t\t\t\t\t<div data-dce-background-color=\"#FFFFFF\" class=\"elementor-column elementor-col-50 elementor-top-column elementor-element elementor-element-17df0f4c\" data-id=\"17df0f4c\" data-element_type=\"column\" data-e-type=\"column\" data-settings=\"{&quot;background_background&quot;:&quot;classic&quot;}\">\n\t\t\t<div class=\"elementor-widget-wrap elementor-element-populated\">\n\t\t\t\t\t\t<div class=\"elementor-element elementor-element-eb7b9e5 elementor-widget-divider--view-line elementor-widget elementor-widget-divider\" data-id=\"eb7b9e5\" data-element_type=\"widget\" data-e-type=\"widget\" data-widget_type=\"divider.default\">\n\t\t\t\t<div class=\"elementor-widget-container\">\n\t\t\t\t\t\t\t<div class=\"elementor-divider\">\n\t\t\t<span class=\"elementor-divider-separator\">\n\t\t\t\t\t\t<\/span>\n\t\t<\/div>\n\t\t\t\t\t\t<\/div>\n\t\t\t\t<\/div>\n\t\t\t\t<div data-dce-title-color=\"#1d1d37\" class=\"elementor-element elementor-element-f4df78b elementor-widget elementor-widget-heading\" data-id=\"f4df78b\" data-element_type=\"widget\" data-e-type=\"widget\" data-widget_type=\"heading.default\">\n\t\t\t\t<div class=\"elementor-widget-container\">\n\t\t\t\t\t<p class=\"elementor-heading-title elementor-size-default\">WOULD YOU LIKE TO KNOW MORE ABOUT OUR SMALL CHASSIS - OR WOULD YOU LIKE A QUOTATION?<\/p>\t\t\t\t<\/div>\n\t\t\t\t<\/div>\n\t\t\t\t\t<\/div>\n\t\t<\/div>\n\t\t\t\t<div data-dce-background-overlay-color=\"#CC2200\" data-dce-background-image-url=\"https:\/\/platform.as\/wp-content\/uploads\/2022\/10\/4907157-scaled.jpg\" class=\"elementor-column elementor-col-50 elementor-top-column elementor-element elementor-element-5c657efa\" data-id=\"5c657efa\" data-element_type=\"column\" data-e-type=\"column\" data-settings=\"{&quot;background_background&quot;:&quot;classic&quot;}\">\n\t\t\t<div class=\"elementor-widget-wrap elementor-element-populated\">\n\t\t\t\t\t<div class=\"elementor-background-overlay\"><\/div>\n\t\t\t\t\t\t<div data-dce-title-color=\"#FFFFFF\" class=\"elementor-element elementor-element-1be36ef9 elementor-widget elementor-widget-heading\" data-id=\"1be36ef9\" data-element_type=\"widget\" data-e-type=\"widget\" data-widget_type=\"heading.default\">\n\t\t\t\t<div class=\"elementor-widget-container\">\n\t\t\t\t\t<p class=\"elementor-heading-title elementor-size-default\">CONTACT US<\/p>\t\t\t\t<\/div>\n\t\t\t\t<\/div>\n\t\t\t\t<div class=\"elementor-element elementor-element-6e64cc1e elementor-widget-divider--view-line elementor-widget elementor-widget-divider\" data-id=\"6e64cc1e\" data-element_type=\"widget\" data-e-type=\"widget\" data-widget_type=\"divider.default\">\n\t\t\t\t<div class=\"elementor-widget-container\">\n\t\t\t\t\t\t\t<div class=\"elementor-divider\">\n\t\t\t<span class=\"elementor-divider-separator\">\n\t\t\t\t\t\t<\/span>\n\t\t<\/div>\n\t\t\t\t\t\t<\/div>\n\t\t\t\t<\/div>\n\t\t\t\t<div data-dce-text-color=\"#FFFFFF\" class=\"elementor-element elementor-element-450ee013 whitelinks elementor-widget elementor-widget-text-editor\" data-id=\"450ee013\" data-element_type=\"widget\" data-e-type=\"widget\" data-widget_type=\"text-editor.default\">\n\t\t\t\t<div class=\"elementor-widget-container\">\n\t\t\t\t\t\t\t\t\t<p>Give us a call on <a href=\"tel:+45%2032%20114%20333\">32 114 333<\/a> or <a href=\"https:\/\/platform.as\/en\/get-in-touch\/\">fill in the form<\/a>. <br \/>Also, have a look at all of our other <a href=\"https:\/\/platform.as\/en\/mobile-mast-climbing-work-platform\/#ekstraudstyr\">accessories for mast climbing work platforms<\/a>.<\/p>\n\t\t\t\t\t\t\t\t<\/div>\n\t\t\t\t<\/div>\n\t\t\t\t\t<\/div>\n\t\t<\/div>\n\t\t\t\t\t<\/div>\n\t\t<\/section>\n\t\t\t\t<\/div>\n\t\t","protected":false},"excerpt":{"rendered":"<p>IS THE SPACE IN FRONT OF THE FACADE TOO SMALL FOR A MAST CLIMBING WORK PLATFORM? Contact A SMALL CHASSIS IS THE SOLUTION! A small chassis for the mobile mast [&hellip;]<\/p>\n","protected":false},"author":1,"featured_media":2960,"parent":0,"menu_order":0,"comment_status":"closed","ping_status":"closed","template":"","meta":{"_acf_changed":false,"footnotes":""},"class_list":["post-6634","page","type-page","status-publish","has-post-thumbnail","hentry"],"acf":[],"yoast_head":"<!-- This site is optimized with the Yoast SEO plugin v27.1.1 - https:\/\/yoast.com\/product\/yoast-seo-wordpress\/ -->\n<title>Small chassis for mast climbers - Perfect for tight spaces<\/title>\n<meta name=\"description\" content=\"Platform.as offer rental of a small chassis for mast climbing work platforms, which make it possible to set up platforms in narrow places - Read more here.\" \/>\n<meta name=\"robots\" content=\"index, follow, max-snippet:-1, max-image-preview:large, max-video-preview:-1\" \/>\n<link rel=\"canonical\" href=\"https:\/\/platform.as\/en\/small-chassis\/\" \/>\n<meta property=\"og:locale\" content=\"en_US\" \/>\n<meta property=\"og:type\" content=\"article\" \/>\n<meta property=\"og:title\" content=\"Small chassis for mast climbers - Perfect for tight spaces\" \/>\n<meta property=\"og:description\" content=\"Platform.as offer rental of a small chassis for mast climbing work platforms, which make it possible to set up platforms in narrow places - Read more here.\" \/>\n<meta property=\"og:url\" content=\"https:\/\/platform.as\/en\/small-chassis\/\" \/>\n<meta property=\"og:site_name\" content=\"Platform AS\" \/>\n<meta property=\"article:modified_time\" content=\"2023-01-25T13:11:08+00:00\" \/>\n<meta property=\"og:image\" content=\"https:\/\/platform.as\/wp-content\/uploads\/2022\/11\/Platform_brochure_0780_KB-1_scaled-scaled.jpg\" \/>\n\t<meta property=\"og:image:width\" content=\"1707\" \/>\n\t<meta property=\"og:image:height\" content=\"2560\" \/>\n\t<meta property=\"og:image:type\" content=\"image\/jpeg\" \/>\n<meta name=\"twitter:label1\" content=\"Est. reading time\" \/>\n\t<meta name=\"twitter:data1\" content=\"1 minute\" \/>\n<script type=\"application\/ld+json\" class=\"yoast-schema-graph\">{\"@context\":\"https:\/\/schema.org\",\"@graph\":[{\"@type\":\"WebPage\",\"@id\":\"https:\/\/platform.as\/en\/small-chassis\/\",\"url\":\"https:\/\/platform.as\/en\/small-chassis\/\",\"name\":\"Small chassis for mast climbers - Perfect for tight spaces\",\"isPartOf\":{\"@id\":\"https:\/\/platform.as\/en\/#website\"},\"primaryImageOfPage\":{\"@id\":\"https:\/\/platform.as\/en\/small-chassis\/#primaryimage\"},\"image\":{\"@id\":\"https:\/\/platform.as\/en\/small-chassis\/#primaryimage\"},\"thumbnailUrl\":\"https:\/\/platform.as\/wp-content\/uploads\/2022\/11\/Platform_brochure_0780_KB-1_scaled-scaled.jpg\",\"datePublished\":\"2022-11-08T12:29:44+00:00\",\"dateModified\":\"2023-01-25T13:11:08+00:00\",\"description\":\"Platform.as offer rental of a small chassis for mast climbing work platforms, which make it possible to set up platforms in narrow places - Read more here.\",\"inLanguage\":\"en-US\",\"potentialAction\":[{\"@type\":\"ReadAction\",\"target\":[\"https:\/\/platform.as\/en\/small-chassis\/\"]}]},{\"@type\":\"ImageObject\",\"inLanguage\":\"en-US\",\"@id\":\"https:\/\/platform.as\/en\/small-chassis\/#primaryimage\",\"url\":\"https:\/\/platform.as\/wp-content\/uploads\/2022\/11\/Platform_brochure_0780_KB-1_scaled-scaled.jpg\",\"contentUrl\":\"https:\/\/platform.as\/wp-content\/uploads\/2022\/11\/Platform_brochure_0780_KB-1_scaled-scaled.jpg\",\"width\":1707,\"height\":2560},{\"@type\":\"WebSite\",\"@id\":\"https:\/\/platform.as\/en\/#website\",\"url\":\"https:\/\/platform.as\/en\/\",\"name\":\"Platform AS\",\"description\":\"S\u00f8ger du arbejdsplatform til dit byggeprojekt? Hos Platform.as r\u00e5der vi over 360 driftssikre arbejdsplatforme og byggehejs \u2192 F\u00e5 en skr\u00e6ddersyet l\u00f8sning.\",\"publisher\":{\"@id\":\"https:\/\/platform.as\/en\/#organization\"},\"potentialAction\":[{\"@type\":\"SearchAction\",\"target\":{\"@type\":\"EntryPoint\",\"urlTemplate\":\"https:\/\/platform.as\/en\/?s={search_term_string}\"},\"query-input\":{\"@type\":\"PropertyValueSpecification\",\"valueRequired\":true,\"valueName\":\"search_term_string\"}}],\"inLanguage\":\"en-US\"},{\"@type\":\"Organization\",\"@id\":\"https:\/\/platform.as\/en\/#organization\",\"name\":\"Platform AS\",\"url\":\"https:\/\/platform.as\/en\/\",\"logo\":{\"@type\":\"ImageObject\",\"inLanguage\":\"en-US\",\"@id\":\"https:\/\/platform.as\/en\/#\/schema\/logo\/image\/\",\"url\":\"https:\/\/platform.as\/wp-content\/uploads\/2022\/09\/platform_as_logo_black_b.svg\",\"contentUrl\":\"https:\/\/platform.as\/wp-content\/uploads\/2022\/09\/platform_as_logo_black_b.svg\",\"width\":500,\"height\":188,\"caption\":\"Platform AS\"},\"image\":{\"@id\":\"https:\/\/platform.as\/en\/#\/schema\/logo\/image\/\"}}]}<\/script>\n<!-- \/ Yoast SEO plugin. -->","yoast_head_json":{"title":"Small chassis for mast climbers - Perfect for tight spaces","description":"Platform.as offer rental of a small chassis for mast climbing work platforms, which make it possible to set up platforms in narrow places - Read more here.","robots":{"index":"index","follow":"follow","max-snippet":"max-snippet:-1","max-image-preview":"max-image-preview:large","max-video-preview":"max-video-preview:-1"},"canonical":"https:\/\/platform.as\/en\/small-chassis\/","og_locale":"en_US","og_type":"article","og_title":"Small chassis for mast climbers - Perfect for tight spaces","og_description":"Platform.as offer rental of a small chassis for mast climbing work platforms, which make it possible to set up platforms in narrow places - Read more here.","og_url":"https:\/\/platform.as\/en\/small-chassis\/","og_site_name":"Platform AS","article_modified_time":"2023-01-25T13:11:08+00:00","og_image":[{"width":1707,"height":2560,"url":"https:\/\/platform.as\/wp-content\/uploads\/2022\/11\/Platform_brochure_0780_KB-1_scaled-scaled.jpg","type":"image\/jpeg"}],"twitter_misc":{"Est. reading time":"1 minute"},"schema":{"@context":"https:\/\/schema.org","@graph":[{"@type":"WebPage","@id":"https:\/\/platform.as\/en\/small-chassis\/","url":"https:\/\/platform.as\/en\/small-chassis\/","name":"Small chassis for mast climbers - Perfect for tight spaces","isPartOf":{"@id":"https:\/\/platform.as\/en\/#website"},"primaryImageOfPage":{"@id":"https:\/\/platform.as\/en\/small-chassis\/#primaryimage"},"image":{"@id":"https:\/\/platform.as\/en\/small-chassis\/#primaryimage"},"thumbnailUrl":"https:\/\/platform.as\/wp-content\/uploads\/2022\/11\/Platform_brochure_0780_KB-1_scaled-scaled.jpg","datePublished":"2022-11-08T12:29:44+00:00","dateModified":"2023-01-25T13:11:08+00:00","description":"Platform.as offer rental of a small chassis for mast climbing work platforms, which make it possible to set up platforms in narrow places - Read more here.","inLanguage":"en-US","potentialAction":[{"@type":"ReadAction","target":["https:\/\/platform.as\/en\/small-chassis\/"]}]},{"@type":"ImageObject","inLanguage":"en-US","@id":"https:\/\/platform.as\/en\/small-chassis\/#primaryimage","url":"https:\/\/platform.as\/wp-content\/uploads\/2022\/11\/Platform_brochure_0780_KB-1_scaled-scaled.jpg","contentUrl":"https:\/\/platform.as\/wp-content\/uploads\/2022\/11\/Platform_brochure_0780_KB-1_scaled-scaled.jpg","width":1707,"height":2560},{"@type":"WebSite","@id":"https:\/\/platform.as\/en\/#website","url":"https:\/\/platform.as\/en\/","name":"Platform AS","description":"S\u00f8ger du arbejdsplatform til dit byggeprojekt? Hos Platform.as r\u00e5der vi over 360 driftssikre arbejdsplatforme og byggehejs \u2192 F\u00e5 en skr\u00e6ddersyet l\u00f8sning.","publisher":{"@id":"https:\/\/platform.as\/en\/#organization"},"potentialAction":[{"@type":"SearchAction","target":{"@type":"EntryPoint","urlTemplate":"https:\/\/platform.as\/en\/?s={search_term_string}"},"query-input":{"@type":"PropertyValueSpecification","valueRequired":true,"valueName":"search_term_string"}}],"inLanguage":"en-US"},{"@type":"Organization","@id":"https:\/\/platform.as\/en\/#organization","name":"Platform AS","url":"https:\/\/platform.as\/en\/","logo":{"@type":"ImageObject","inLanguage":"en-US","@id":"https:\/\/platform.as\/en\/#\/schema\/logo\/image\/","url":"https:\/\/platform.as\/wp-content\/uploads\/2022\/09\/platform_as_logo_black_b.svg","contentUrl":"https:\/\/platform.as\/wp-content\/uploads\/2022\/09\/platform_as_logo_black_b.svg","width":500,"height":188,"caption":"Platform AS"},"image":{"@id":"https:\/\/platform.as\/en\/#\/schema\/logo\/image\/"}}]}},"_links":{"self":[{"href":"https:\/\/platform.as\/en\/wp-json\/wp\/v2\/pages\/6634","targetHints":{"allow":["GET"]}}],"collection":[{"href":"https:\/\/platform.as\/en\/wp-json\/wp\/v2\/pages"}],"about":[{"href":"https:\/\/platform.as\/en\/wp-json\/wp\/v2\/types\/page"}],"author":[{"embeddable":true,"href":"https:\/\/platform.as\/en\/wp-json\/wp\/v2\/users\/1"}],"replies":[{"embeddable":true,"href":"https:\/\/platform.as\/en\/wp-json\/wp\/v2\/comments?post=6634"}],"version-history":[{"count":2,"href":"https:\/\/platform.as\/en\/wp-json\/wp\/v2\/pages\/6634\/revisions"}],"predecessor-version":[{"id":6657,"href":"https:\/\/platform.as\/en\/wp-json\/wp\/v2\/pages\/6634\/revisions\/6657"}],"wp:featuredmedia":[{"embeddable":true,"href":"https:\/\/platform.as\/en\/wp-json\/wp\/v2\/media\/2960"}],"wp:attachment":[{"href":"https:\/\/platform.as\/en\/wp-json\/wp\/v2\/media?parent=6634"}],"curies":[{"name":"wp","href":"https:\/\/api.w.org\/{rel}","templated":true}]}}