{"id":8219,"date":"2023-02-20T12:48:34","date_gmt":"2023-02-20T11:48:34","guid":{"rendered":"https:\/\/platform.as\/product-catalog\/"},"modified":"2024-11-23T15:18:56","modified_gmt":"2024-11-23T14:18:56","slug":"product-catalog","status":"publish","type":"page","link":"https:\/\/platform.as\/en\/product-catalog\/","title":{"rendered":"Product Catalog"},"content":{"rendered":"\t\t<div data-elementor-type=\"wp-page\" data-elementor-id=\"8219\" class=\"elementor elementor-8219 elementor-6835\" data-elementor-post-type=\"page\">\n\t\t\t\t\t\t<section class=\"elementor-section elementor-top-section elementor-element elementor-element-fbffe86 elementor-section-boxed elementor-section-height-default elementor-section-height-default\" data-id=\"fbffe86\" data-element_type=\"section\" data-e-type=\"section\">\n\t\t\t\t\t\t<div class=\"elementor-container elementor-column-gap-default\">\n\t\t\t\t\t<div class=\"elementor-column elementor-col-100 elementor-top-column elementor-element elementor-element-020fcbb\" data-id=\"020fcbb\" data-element_type=\"column\" data-e-type=\"column\">\n\t\t\t<div class=\"elementor-widget-wrap elementor-element-populated\">\n\t\t\t\t\t\t<div data-dce-title-color=\"#CC2200\" class=\"elementor-element elementor-element-4b23474 elementor-widget elementor-widget-heading\" data-id=\"4b23474\" data-element_type=\"widget\" data-e-type=\"widget\" data-widget_type=\"heading.default\">\n\t\t\t\t<div class=\"elementor-widget-container\">\n\t\t\t\t\t<h1 class=\"elementor-heading-title elementor-size-default\">Product Catalog<\/h1>\t\t\t\t<\/div>\n\t\t\t\t<\/div>\n\t\t\t\t\t<\/div>\n\t\t<\/div>\n\t\t\t\t\t<\/div>\n\t\t<\/section>\n\t\t\t\t<section class=\"elementor-section elementor-top-section elementor-element elementor-element-3299b3d elementor-section-boxed elementor-section-height-default elementor-section-height-default\" data-id=\"3299b3d\" data-element_type=\"section\" data-e-type=\"section\">\n\t\t\t\t\t\t<div class=\"elementor-container elementor-column-gap-default\">\n\t\t\t\t\t<div class=\"elementor-column elementor-col-50 elementor-top-column elementor-element elementor-element-e227d22\" data-id=\"e227d22\" data-element_type=\"column\" data-e-type=\"column\">\n\t\t\t<div class=\"elementor-widget-wrap elementor-element-populated\">\n\t\t\t\t\t\t<div data-dce-text-color=\"#2A2A2A\" data-dce-advanced-background-color=\"#CC220000\" class=\"elementor-element elementor-element-9fef611 elementor-widget elementor-widget-text-editor\" data-id=\"9fef611\" data-element_type=\"widget\" data-e-type=\"widget\" data-widget_type=\"text-editor.default\">\n\t\t\t\t<div class=\"elementor-widget-container\">\n\t\t\t\t\t\t\t\t\t<p><span style=\"font-weight: 400;\">If you work with construction and renovation projects, read our product catalog. In the catalog, we have gathered a lot of practical and inspiring information about work platforms and total covering. Read the catalog before starting a project or use it as a guideline during the construction process. In the product catalog, you can learn more about topics such as: <\/span><\/p><ul><li style=\"font-weight: 400;\" aria-level=\"1\">Platform solutions<\/li><li aria-level=\"1\">Standard measurements and terminology<\/li><li aria-level=\"1\">Setup in H-, K-, and X-position<\/li><li aria-level=\"1\">Safety \/ electricity<\/li><li aria-level=\"1\">Load diagrams<\/li><li aria-level=\"1\">Accessories<\/li><li aria-level=\"1\">Total covering<\/li><li aria-level=\"1\">Toolbox<\/li><li aria-level=\"1\">Certification<\/li><li aria-level=\"1\">Videos<\/li><li aria-level=\"1\">CSR.<\/li><\/ul>\t\t\t\t\t\t\t\t<\/div>\n\t\t\t\t<\/div>\n\t\t\t\t<div class=\"elementor-element elementor-element-543561a elementor-widget elementor-widget-spacer\" data-id=\"543561a\" data-element_type=\"widget\" data-e-type=\"widget\" data-widget_type=\"spacer.default\">\n\t\t\t\t<div class=\"elementor-widget-container\">\n\t\t\t\t\t\t\t<div class=\"elementor-spacer\">\n\t\t\t<div class=\"elementor-spacer-inner\"><\/div>\n\t\t<\/div>\n\t\t\t\t\t\t<\/div>\n\t\t\t\t<\/div>\n\t\t\t\t<div data-dce-background-color=\"#CC2200\" class=\"elementor-element elementor-element-353f7ea elementor-align-justify elementor-widget elementor-widget-button\" data-id=\"353f7ea\" data-element_type=\"widget\" data-e-type=\"widget\" data-widget_type=\"button.default\">\n\t\t\t\t<div class=\"elementor-widget-container\">\n\t\t\t\t\t\t\t\t\t<div class=\"elementor-button-wrapper\">\n\t\t\t\t\t<a class=\"elementor-button elementor-button-link elementor-size-xl\" href=\"https:\/\/platform.as\/wp-content\/uploads\/2024\/10\/Platform-produktkatalog_Ver2_1_OKT-2024_UK.pdf\" target=\"_blank\">\n\t\t\t\t\t\t<span class=\"elementor-button-content-wrapper\">\n\t\t\t\t\t\t<span class=\"elementor-button-icon\">\n\t\t\t\t<svg aria-hidden=\"true\" class=\"e-font-icon-svg e-far-file-pdf\" viewBox=\"0 0 384 512\" xmlns=\"http:\/\/www.w3.org\/2000\/svg\"><path d=\"M369.9 97.9L286 14C277 5 264.8-.1 252.1-.1H48C21.5 0 0 21.5 0 48v416c0 26.5 21.5 48 48 48h288c26.5 0 48-21.5 48-48V131.9c0-12.7-5.1-25-14.1-34zM332.1 128H256V51.9l76.1 76.1zM48 464V48h160v104c0 13.3 10.7 24 24 24h104v288H48zm250.2-143.7c-12.2-12-47-8.7-64.4-6.5-17.2-10.5-28.7-25-36.8-46.3 3.9-16.1 10.1-40.6 5.4-56-4.2-26.2-37.8-23.6-42.6-5.9-4.4 16.1-.4 38.5 7 67.1-10 23.9-24.9 56-35.4 74.4-20 10.3-47 26.2-51 46.2-3.3 15.8 26 55.2 76.1-31.2 22.4-7.4 46.8-16.5 68.4-20.1 18.9 10.2 41 17 55.8 17 25.5 0 28-28.2 17.5-38.7zm-198.1 77.8c5.1-13.7 24.5-29.5 30.4-35-19 30.3-30.4 35.7-30.4 35zm81.6-190.6c7.4 0 6.7 32.1 1.8 40.8-4.4-13.9-4.3-40.8-1.8-40.8zm-24.4 136.6c9.7-16.9 18-37 24.7-54.7 8.3 15.1 18.9 27.2 30.1 35.5-20.8 4.3-38.9 13.1-54.8 19.2zm131.6-5s-5 6-37.3-7.8c35.1-2.6 40.9 5.4 37.3 7.8z\"><\/path><\/svg>\t\t\t<\/span>\n\t\t\t\t\t\t\t\t\t<span class=\"elementor-button-text\">DOWNLOAD OUR PRODUCT CATALOG<\/span>\n\t\t\t\t\t<\/span>\n\t\t\t\t\t<\/a>\n\t\t\t\t<\/div>\n\t\t\t\t\t\t\t\t<\/div>\n\t\t\t\t<\/div>\n\t\t\t\t\t<\/div>\n\t\t<\/div>\n\t\t\t\t<div class=\"elementor-column elementor-col-50 elementor-top-column elementor-element elementor-element-4c8a33e\" data-id=\"4c8a33e\" data-element_type=\"column\" data-e-type=\"column\">\n\t\t\t<div class=\"elementor-widget-wrap elementor-element-populated\">\n\t\t\t\t\t\t<div class=\"elementor-element elementor-element-2afcfee dce_masking-none elementor-widget elementor-widget-image\" data-id=\"2afcfee\" data-element_type=\"widget\" data-e-type=\"widget\" data-widget_type=\"image.default\">\n\t\t\t\t<div class=\"elementor-widget-container\">\n\t\t\t\t\t\t\t\t\t\t\t\t\t\t\t\t<a href=\"https:\/\/platform.as\/wp-content\/uploads\/2024\/10\/Platform-produktkatalog_Ver2_1_OKT-2024_UK.pdf\" target=\"_blank\">\n\t\t\t\t\t\t\t<img fetchpriority=\"high\" decoding=\"async\" width=\"800\" height=\"802\" src=\"https:\/\/platform.as\/wp-content\/uploads\/2024\/10\/Hent-produktkatalog-billeder-900x900_OKT-2024_UK.jpg\" class=\"attachment-large size-large wp-image-10115\" alt=\"Download our product catalog\" srcset=\"https:\/\/platform.as\/wp-content\/uploads\/2024\/10\/Hent-produktkatalog-billeder-900x900_OKT-2024_UK.jpg 900w, https:\/\/platform.as\/wp-content\/uploads\/2024\/10\/Hent-produktkatalog-billeder-900x900_OKT-2024_UK-300x300.jpg 300w, https:\/\/platform.as\/wp-content\/uploads\/2024\/10\/Hent-produktkatalog-billeder-900x900_OKT-2024_UK-150x150.jpg 150w, https:\/\/platform.as\/wp-content\/uploads\/2024\/10\/Hent-produktkatalog-billeder-900x900_OKT-2024_UK-768x770.jpg 768w, https:\/\/platform.as\/wp-content\/uploads\/2024\/10\/Hent-produktkatalog-billeder-900x900_OKT-2024_UK-400x400.jpg 400w\" sizes=\"(max-width: 800px) 100vw, 800px\" \/>\t\t\t\t\t\t\t\t<\/a>\n\t\t\t\t\t\t\t\t\t\t\t\t\t\t\t<\/div>\n\t\t\t\t<\/div>\n\t\t\t\t\t<\/div>\n\t\t<\/div>\n\t\t\t\t\t<\/div>\n\t\t<\/section>\n\t\t\t\t<section class=\"elementor-section elementor-top-section elementor-element elementor-element-a14e36e elementor-section-boxed elementor-section-height-default elementor-section-height-default\" data-id=\"a14e36e\" data-element_type=\"section\" data-e-type=\"section\">\n\t\t\t\t\t\t<div class=\"elementor-container elementor-column-gap-default\">\n\t\t\t\t\t<div class=\"elementor-column elementor-col-100 elementor-top-column elementor-element elementor-element-7a4a4aa\" data-id=\"7a4a4aa\" data-element_type=\"column\" data-e-type=\"column\">\n\t\t\t<div class=\"elementor-widget-wrap elementor-element-populated\">\n\t\t\t\t\t\t<div data-dce-text-color=\"#2A2A2A\" class=\"elementor-element elementor-element-4a42a9d elementor-widget elementor-widget-text-editor\" data-id=\"4a42a9d\" data-element_type=\"widget\" data-e-type=\"widget\" data-widget_type=\"text-editor.default\">\n\t\t\t\t<div class=\"elementor-widget-container\">\n\t\t\t\t\t\t\t\t\t<p>Platform.as&#8217;s core values are service, quality, and safety. The company is also characterized by being DRA-certified, so we can document that our equipment and working processes meet current requirements and standards!<\/p><p>With our products, and the product catalog at hand, you are therefore ensured that you rent equipment from a digital lessor who continuously and systematically inspects all its machines. This gives both efficiency and safety a serious boost.<\/p><p>At Platform.as, we are ready to advise you. Both before you start your project \u2013 and of course also along the way! You are always welcome to contact us. Call us at 32114333 or send us an email at <a href=\"mailto:salg@platform.as\">salg@platform.as<\/a>.<\/p><p>When you read the catalog, you also have the opportunity to watch some of our many videos. Scan the QR codes at the back of the catalog. In the videos, you can find inspiration for platform solutions, and hear some of our customers talk about their collaboration with Platform.as.<\/p>\t\t\t\t\t\t\t\t<\/div>\n\t\t\t\t<\/div>\n\t\t\t\t<div class=\"elementor-element elementor-element-1356354 elementor-widget elementor-widget-spacer\" data-id=\"1356354\" data-element_type=\"widget\" data-e-type=\"widget\" data-widget_type=\"spacer.default\">\n\t\t\t\t<div class=\"elementor-widget-container\">\n\t\t\t\t\t\t\t<div class=\"elementor-spacer\">\n\t\t\t<div class=\"elementor-spacer-inner\"><\/div>\n\t\t<\/div>\n\t\t\t\t\t\t<\/div>\n\t\t\t\t<\/div>\n\t\t\t\t\t<\/div>\n\t\t<\/div>\n\t\t\t\t\t<\/div>\n\t\t<\/section>\n\t\t\t\t<\/div>\n\t\t","protected":false},"excerpt":{"rendered":"<p>If you work with construction and renovation projects, read our product catalog. In the catalog, we have gathered a lot of practical and inspiring information about work platforms and total [&hellip;]<\/p>\n","protected":false},"author":5,"featured_media":0,"parent":0,"menu_order":0,"comment_status":"closed","ping_status":"closed","template":"","meta":{"_acf_changed":false,"footnotes":""},"class_list":["post-8219","page","type-page","status-publish","hentry"],"acf":[],"yoast_head":"<!-- This site is optimized with the Yoast SEO plugin v27.1.1 - https:\/\/yoast.com\/product\/yoast-seo-wordpress\/ -->\n<title>Product Catalog - Essential Product Catalog for the Construction Project - Look here!<\/title>\n<meta name=\"description\" content=\"Achieve optimized workflow with the product catalog and machines from Platform.AS. Our product catalog ensures that you get the most out of the construction machines. Read here!\" \/>\n<meta name=\"robots\" content=\"index, follow, max-snippet:-1, max-image-preview:large, max-video-preview:-1\" \/>\n<link rel=\"canonical\" href=\"https:\/\/platform.as\/en\/product-catalog\/\" \/>\n<meta property=\"og:locale\" content=\"en_US\" \/>\n<meta property=\"og:type\" content=\"article\" \/>\n<meta property=\"og:title\" content=\"Product Catalog - Essential Product Catalog for the Construction Project - Look here!\" \/>\n<meta property=\"og:description\" content=\"Achieve optimized workflow with the product catalog and machines from Platform.AS. Our product catalog ensures that you get the most out of the construction machines. Read here!\" \/>\n<meta property=\"og:url\" content=\"https:\/\/platform.as\/en\/product-catalog\/\" \/>\n<meta property=\"og:site_name\" content=\"Platform AS\" \/>\n<meta property=\"article:modified_time\" content=\"2024-11-23T14:18:56+00:00\" \/>\n<meta property=\"og:image\" content=\"https:\/\/platform.as\/wp-content\/uploads\/2024\/10\/Hent-produktkatalog-billeder-900x900_OKT-2024_UK.jpg\" \/>\n\t<meta property=\"og:image:width\" content=\"900\" \/>\n\t<meta property=\"og:image:height\" content=\"902\" \/>\n\t<meta property=\"og:image:type\" content=\"image\/jpeg\" \/>\n<meta name=\"twitter:label1\" content=\"Est. reading time\" \/>\n\t<meta name=\"twitter:data1\" content=\"2 minutes\" \/>\n<script type=\"application\/ld+json\" class=\"yoast-schema-graph\">{\"@context\":\"https:\/\/schema.org\",\"@graph\":[{\"@type\":\"WebPage\",\"@id\":\"https:\/\/platform.as\/en\/product-catalog\/\",\"url\":\"https:\/\/platform.as\/en\/product-catalog\/\",\"name\":\"Product Catalog - Essential Product Catalog for the Construction Project - Look here!\",\"isPartOf\":{\"@id\":\"https:\/\/platform.as\/en\/#website\"},\"primaryImageOfPage\":{\"@id\":\"https:\/\/platform.as\/en\/product-catalog\/#primaryimage\"},\"image\":{\"@id\":\"https:\/\/platform.as\/en\/product-catalog\/#primaryimage\"},\"thumbnailUrl\":\"https:\/\/platform.as\/wp-content\/uploads\/2024\/10\/Hent-produktkatalog-billeder-900x900_OKT-2024_UK.jpg\",\"datePublished\":\"2023-02-20T11:48:34+00:00\",\"dateModified\":\"2024-11-23T14:18:56+00:00\",\"description\":\"Achieve optimized workflow with the product catalog and machines from Platform.AS. Our product catalog ensures that you get the most out of the construction machines. Read here!\",\"inLanguage\":\"en-US\",\"potentialAction\":[{\"@type\":\"ReadAction\",\"target\":[\"https:\/\/platform.as\/en\/product-catalog\/\"]}]},{\"@type\":\"ImageObject\",\"inLanguage\":\"en-US\",\"@id\":\"https:\/\/platform.as\/en\/product-catalog\/#primaryimage\",\"url\":\"https:\/\/platform.as\/wp-content\/uploads\/2024\/10\/Hent-produktkatalog-billeder-900x900_OKT-2024_UK.jpg\",\"contentUrl\":\"https:\/\/platform.as\/wp-content\/uploads\/2024\/10\/Hent-produktkatalog-billeder-900x900_OKT-2024_UK.jpg\"},{\"@type\":\"WebSite\",\"@id\":\"https:\/\/platform.as\/en\/#website\",\"url\":\"https:\/\/platform.as\/en\/\",\"name\":\"Platform AS\",\"description\":\"S\u00f8ger du arbejdsplatform til dit byggeprojekt? Hos Platform.as r\u00e5der vi over 360 driftssikre arbejdsplatforme og byggehejs \u2192 F\u00e5 en skr\u00e6ddersyet l\u00f8sning.\",\"publisher\":{\"@id\":\"https:\/\/platform.as\/en\/#organization\"},\"potentialAction\":[{\"@type\":\"SearchAction\",\"target\":{\"@type\":\"EntryPoint\",\"urlTemplate\":\"https:\/\/platform.as\/en\/?s={search_term_string}\"},\"query-input\":{\"@type\":\"PropertyValueSpecification\",\"valueRequired\":true,\"valueName\":\"search_term_string\"}}],\"inLanguage\":\"en-US\"},{\"@type\":\"Organization\",\"@id\":\"https:\/\/platform.as\/en\/#organization\",\"name\":\"Platform AS\",\"url\":\"https:\/\/platform.as\/en\/\",\"logo\":{\"@type\":\"ImageObject\",\"inLanguage\":\"en-US\",\"@id\":\"https:\/\/platform.as\/en\/#\/schema\/logo\/image\/\",\"url\":\"https:\/\/platform.as\/wp-content\/uploads\/2022\/09\/platform_as_logo_black_b.svg\",\"contentUrl\":\"https:\/\/platform.as\/wp-content\/uploads\/2022\/09\/platform_as_logo_black_b.svg\",\"width\":500,\"height\":188,\"caption\":\"Platform AS\"},\"image\":{\"@id\":\"https:\/\/platform.as\/en\/#\/schema\/logo\/image\/\"}}]}<\/script>\n<!-- \/ Yoast SEO plugin. -->","yoast_head_json":{"title":"Product Catalog - Essential Product Catalog for the Construction Project - Look here!","description":"Achieve optimized workflow with the product catalog and machines from Platform.AS. Our product catalog ensures that you get the most out of the construction machines. Read here!","robots":{"index":"index","follow":"follow","max-snippet":"max-snippet:-1","max-image-preview":"max-image-preview:large","max-video-preview":"max-video-preview:-1"},"canonical":"https:\/\/platform.as\/en\/product-catalog\/","og_locale":"en_US","og_type":"article","og_title":"Product Catalog - Essential Product Catalog for the Construction Project - Look here!","og_description":"Achieve optimized workflow with the product catalog and machines from Platform.AS. Our product catalog ensures that you get the most out of the construction machines. Read here!","og_url":"https:\/\/platform.as\/en\/product-catalog\/","og_site_name":"Platform AS","article_modified_time":"2024-11-23T14:18:56+00:00","og_image":[{"width":900,"height":902,"url":"https:\/\/platform.as\/wp-content\/uploads\/2024\/10\/Hent-produktkatalog-billeder-900x900_OKT-2024_UK.jpg","type":"image\/jpeg"}],"twitter_misc":{"Est. reading time":"2 minutes"},"schema":{"@context":"https:\/\/schema.org","@graph":[{"@type":"WebPage","@id":"https:\/\/platform.as\/en\/product-catalog\/","url":"https:\/\/platform.as\/en\/product-catalog\/","name":"Product Catalog - Essential Product Catalog for the Construction Project - Look here!","isPartOf":{"@id":"https:\/\/platform.as\/en\/#website"},"primaryImageOfPage":{"@id":"https:\/\/platform.as\/en\/product-catalog\/#primaryimage"},"image":{"@id":"https:\/\/platform.as\/en\/product-catalog\/#primaryimage"},"thumbnailUrl":"https:\/\/platform.as\/wp-content\/uploads\/2024\/10\/Hent-produktkatalog-billeder-900x900_OKT-2024_UK.jpg","datePublished":"2023-02-20T11:48:34+00:00","dateModified":"2024-11-23T14:18:56+00:00","description":"Achieve optimized workflow with the product catalog and machines from Platform.AS. Our product catalog ensures that you get the most out of the construction machines. Read here!","inLanguage":"en-US","potentialAction":[{"@type":"ReadAction","target":["https:\/\/platform.as\/en\/product-catalog\/"]}]},{"@type":"ImageObject","inLanguage":"en-US","@id":"https:\/\/platform.as\/en\/product-catalog\/#primaryimage","url":"https:\/\/platform.as\/wp-content\/uploads\/2024\/10\/Hent-produktkatalog-billeder-900x900_OKT-2024_UK.jpg","contentUrl":"https:\/\/platform.as\/wp-content\/uploads\/2024\/10\/Hent-produktkatalog-billeder-900x900_OKT-2024_UK.jpg"},{"@type":"WebSite","@id":"https:\/\/platform.as\/en\/#website","url":"https:\/\/platform.as\/en\/","name":"Platform AS","description":"S\u00f8ger du arbejdsplatform til dit byggeprojekt? Hos Platform.as r\u00e5der vi over 360 driftssikre arbejdsplatforme og byggehejs \u2192 F\u00e5 en skr\u00e6ddersyet l\u00f8sning.","publisher":{"@id":"https:\/\/platform.as\/en\/#organization"},"potentialAction":[{"@type":"SearchAction","target":{"@type":"EntryPoint","urlTemplate":"https:\/\/platform.as\/en\/?s={search_term_string}"},"query-input":{"@type":"PropertyValueSpecification","valueRequired":true,"valueName":"search_term_string"}}],"inLanguage":"en-US"},{"@type":"Organization","@id":"https:\/\/platform.as\/en\/#organization","name":"Platform AS","url":"https:\/\/platform.as\/en\/","logo":{"@type":"ImageObject","inLanguage":"en-US","@id":"https:\/\/platform.as\/en\/#\/schema\/logo\/image\/","url":"https:\/\/platform.as\/wp-content\/uploads\/2022\/09\/platform_as_logo_black_b.svg","contentUrl":"https:\/\/platform.as\/wp-content\/uploads\/2022\/09\/platform_as_logo_black_b.svg","width":500,"height":188,"caption":"Platform AS"},"image":{"@id":"https:\/\/platform.as\/en\/#\/schema\/logo\/image\/"}}]}},"_links":{"self":[{"href":"https:\/\/platform.as\/en\/wp-json\/wp\/v2\/pages\/8219","targetHints":{"allow":["GET"]}}],"collection":[{"href":"https:\/\/platform.as\/en\/wp-json\/wp\/v2\/pages"}],"about":[{"href":"https:\/\/platform.as\/en\/wp-json\/wp\/v2\/types\/page"}],"author":[{"embeddable":true,"href":"https:\/\/platform.as\/en\/wp-json\/wp\/v2\/users\/5"}],"replies":[{"embeddable":true,"href":"https:\/\/platform.as\/en\/wp-json\/wp\/v2\/comments?post=8219"}],"version-history":[{"count":22,"href":"https:\/\/platform.as\/en\/wp-json\/wp\/v2\/pages\/8219\/revisions"}],"predecessor-version":[{"id":10265,"href":"https:\/\/platform.as\/en\/wp-json\/wp\/v2\/pages\/8219\/revisions\/10265"}],"wp:attachment":[{"href":"https:\/\/platform.as\/en\/wp-json\/wp\/v2\/media?parent=8219"}],"curies":[{"name":"wp","href":"https:\/\/api.w.org\/{rel}","templated":true}]}}